{"id":10949,"date":"2026-02-27T00:08:52","date_gmt":"2026-02-27T00:08:52","guid":{"rendered":"https:\/\/nordicmart.andreevmaster.com\/product\/songmics-kladhangare-i-tra-50-pack-hangare-i-massivt-tra\/"},"modified":"2026-02-27T08:04:13","modified_gmt":"2026-02-27T08:04:13","slug":"songmics-kladhangare-i-tra-50-pack-hangare-i-massivt-tra","status":"publish","type":"product","link":"https:\/\/nordicmart.andreevmaster.com\/sv\/produkt\/songmics-kladhangare-i-tra-50-pack-hangare-i-massivt-tra\/","title":{"rendered":"SONGMICS kl\u00e4dh\u00e4ngare i tr\u00e4, 50-pack, h\u00e4ngare i massivt tr\u00e4"},"content":{"rendered":"<p>Irriterar det dig att kl\u00e4derna ligger och flyger omkring \u00f6verallt? Letar du efter passande kl\u00e4dh\u00e4ngare? Songmics kl\u00e4dh\u00e4ngare \u00e4r den perfekta l\u00f6sningen. F\u00f6rutom de ovan n\u00e4mnda egenskaperna har kl\u00e4dh\u00e4ngaren \u00e4ven en byxkl\u00e4mma som inte bara kompletterar kl\u00e4dh\u00e4ngarens funktion utan ocks\u00e5 ger extra stabilitet.Songmics tr\u00e4h\u00e4ngare kommer garanterat att bli din familjs &#8221;duktiga assistent&#8221;.<br \/>\nProduktdetaljer:<br \/>\nMaterial: l\u00f6nntr\u00e4 + f\u00f6rkromade metallkrokar<br \/>\nF\u00e4rg: naturf\u00e4rgad<br \/>\nM\u00e5tt: 44,5 x 23 x 1,2 cm (B x H x D)<br \/>\nKrokens h\u00f6jd: 7 cm<br \/>\nKrokens bredd: 5 cm<br \/>\nBruttovikt: 2,4 kg<\/p>\n<p>Leveransomfattning:<br \/>\n50 x naturf\u00e4rgade kl\u00e4dh\u00e4ngare i tr\u00e4<\/p>\n","protected":false},"excerpt":{"rendered":"<p>SONGMICS kl\u00e4dh\u00e4ngare \u2013 10 stycken, kanter, med halkfri brygga, 360\u00b0 vridbar krok, CRW001-10, tr\u00e4, natur, 10<\/p>\n","protected":false},"featured_media":39488,"comment_status":"open","ping_status":"closed","template":"","meta":[],"product_brand":[],"product_cat":[33],"product_tag":[],"class_list":{"0":"post-10949","1":"product","2":"type-product","3":"status-publish","4":"has-post-thumbnail","6":"product_cat-okategoriserad","8":"first","9":"instock","10":"shipping-taxable","11":"purchasable","12":"product-type-simple"},"_links":{"self":[{"href":"https:\/\/nordicmart.andreevmaster.com\/sv\/wp-json\/wp\/v2\/product\/10949","targetHints":{"allow":["GET"]}}],"collection":[{"href":"https:\/\/nordicmart.andreevmaster.com\/sv\/wp-json\/wp\/v2\/product"}],"about":[{"href":"https:\/\/nordicmart.andreevmaster.com\/sv\/wp-json\/wp\/v2\/types\/product"}],"replies":[{"embeddable":true,"href":"https:\/\/nordicmart.andreevmaster.com\/sv\/wp-json\/wp\/v2\/comments?post=10949"}],"wp:featuredmedia":[{"embeddable":true,"href":"https:\/\/nordicmart.andreevmaster.com\/sv\/wp-json\/wp\/v2\/media\/39488"}],"wp:attachment":[{"href":"https:\/\/nordicmart.andreevmaster.com\/sv\/wp-json\/wp\/v2\/media?parent=10949"}],"wp:term":[{"taxonomy":"product_brand","embeddable":true,"href":"https:\/\/nordicmart.andreevmaster.com\/sv\/wp-json\/wp\/v2\/product_brand?post=10949"},{"taxonomy":"product_cat","embeddable":true,"href":"https:\/\/nordicmart.andreevmaster.com\/sv\/wp-json\/wp\/v2\/product_cat?post=10949"},{"taxonomy":"product_tag","embeddable":true,"href":"https:\/\/nordicmart.andreevmaster.com\/sv\/wp-json\/wp\/v2\/product_tag?post=10949"}],"curies":[{"name":"wp","href":"https:\/\/api.w.org\/{rel}","templated":true}]}}