{"id":10947,"date":"2026-02-27T00:08:52","date_gmt":"2026-02-27T00:08:52","guid":{"rendered":"https:\/\/nordicmart.andreevmaster.com\/product\/songmics-kladhangare-i-tra-10-pack-hangare-i-massivt-tra\/"},"modified":"2026-02-27T08:04:13","modified_gmt":"2026-02-27T08:04:13","slug":"songmics-kladhangare-i-tra-10-pack-hangare-i-massivt-tra","status":"publish","type":"product","link":"https:\/\/nordicmart.andreevmaster.com\/sv\/produkt\/songmics-kladhangare-i-tra-10-pack-hangare-i-massivt-tra\/","title":{"rendered":"SONGMICS kl\u00e4dh\u00e4ngare i tr\u00e4, 10-pack, h\u00e4ngare i massivt tr\u00e4"},"content":{"rendered":"<p>Produktdetaljer: M\u00e5tt f\u00f6r varje kl\u00e4dh\u00e4ngare: 44,5 x 23 x 1,2 cm (B x H x D) F\u00e4rg: naturf\u00e4rgad Material: l\u00f6nntr\u00e4 Belastningskapacitet f\u00f6r varje kl\u00e4dh\u00e4ngare: 5 kg Nettovikt: 1,1 kg Bruttovikt: 1,3 kg Leveransomfattning: 10 x kl\u00e4dh\u00e4ngare Anvisningar:Undvik att h\u00e4nga kl\u00e4dh\u00e4ngarna i rum med h\u00f6g temperatur eller h\u00f6g luftfuktighet under l\u00e4ngre tid. Detta f\u00f6rhindrar m\u00f6gel, lackflagnande och rostbildning. Reng\u00f6r genom att torka av ytan med en l\u00e4tt fuktig trasa. Undvik att h\u00e4nga v\u00e5t tv\u00e4tt direkt p\u00e5 kl\u00e4dh\u00e4ngarna.<\/p>\n","protected":false},"excerpt":{"rendered":"<p>SONGMICS kl\u00e4dh\u00e4ngare \u2013 10 stycken, kanter, med halkfri brygga, 360\u00b0 vridbar krok, CRW001-10, tr\u00e4, natur, 10<\/p>\n","protected":false},"featured_media":39486,"comment_status":"open","ping_status":"closed","template":"","meta":[],"product_brand":[],"product_cat":[33],"product_tag":[],"class_list":{"0":"post-10947","1":"product","2":"type-product","3":"status-publish","4":"has-post-thumbnail","6":"product_cat-okategoriserad","8":"first","9":"instock","10":"shipping-taxable","11":"purchasable","12":"product-type-simple"},"_links":{"self":[{"href":"https:\/\/nordicmart.andreevmaster.com\/sv\/wp-json\/wp\/v2\/product\/10947","targetHints":{"allow":["GET"]}}],"collection":[{"href":"https:\/\/nordicmart.andreevmaster.com\/sv\/wp-json\/wp\/v2\/product"}],"about":[{"href":"https:\/\/nordicmart.andreevmaster.com\/sv\/wp-json\/wp\/v2\/types\/product"}],"replies":[{"embeddable":true,"href":"https:\/\/nordicmart.andreevmaster.com\/sv\/wp-json\/wp\/v2\/comments?post=10947"}],"wp:featuredmedia":[{"embeddable":true,"href":"https:\/\/nordicmart.andreevmaster.com\/sv\/wp-json\/wp\/v2\/media\/39486"}],"wp:attachment":[{"href":"https:\/\/nordicmart.andreevmaster.com\/sv\/wp-json\/wp\/v2\/media?parent=10947"}],"wp:term":[{"taxonomy":"product_brand","embeddable":true,"href":"https:\/\/nordicmart.andreevmaster.com\/sv\/wp-json\/wp\/v2\/product_brand?post=10947"},{"taxonomy":"product_cat","embeddable":true,"href":"https:\/\/nordicmart.andreevmaster.com\/sv\/wp-json\/wp\/v2\/product_cat?post=10947"},{"taxonomy":"product_tag","embeddable":true,"href":"https:\/\/nordicmart.andreevmaster.com\/sv\/wp-json\/wp\/v2\/product_tag?post=10947"}],"curies":[{"name":"wp","href":"https:\/\/api.w.org\/{rel}","templated":true}]}}