{"id":10946,"date":"2026-02-27T00:08:52","date_gmt":"2026-02-27T00:08:52","guid":{"rendered":"https:\/\/nordicmart.andreevmaster.com\/product\/songmics-klamhangare-schimaholz-12-stycken-vita\/"},"modified":"2026-02-27T08:04:13","modified_gmt":"2026-02-27T08:04:13","slug":"songmics-klamhangare-schimaholz-12-stycken-vita","status":"publish","type":"product","link":"https:\/\/nordicmart.andreevmaster.com\/sv\/produkt\/songmics-klamhangare-schimaholz-12-stycken-vita\/","title":{"rendered":"SONGMICS kl\u00e4mh\u00e4ngare Schimaholz 12 stycken vita"},"content":{"rendered":"<p>Byxh\u00e4ngaren \u00e4r inte bara l\u00e4mplig f\u00f6r byxor, utan du kan sj\u00e4lvklart ocks\u00e5 h\u00e4nga upp kjolar, silkescarf eller handdukar utan att de skrynklas. P\u00e5 s\u00e5 s\u00e4tt sparar du tid p\u00e5 att st\u00e4da upp i din garderob. Med sitt eleganta utseende (vackert lackerad i vitt) blir denna Songmics byxh\u00e4ngare ett riktigt blickf\u00e5ng i din garderob. De \u00e4r inte bara vackra att titta p\u00e5, utan fyller ocks\u00e5 sin funktion perfekt. Produktdetaljer: M\u00e5tt: 25 x 17 x 2,2 cm (B x H x D) F\u00e4rg: vit Material: Schima-tr\u00e4 + f\u00f6rkromad h\u00e4ngare + filjinl\u00e4gg Vikt (12 x ): 1,56 kg Bruttovikt: 1,8 kg Leveransomfattning: 12 x byxh\u00e4ngare SONGMICS Anm\u00e4rkningar: Undvik att f\u00f6rvara h\u00e4ngarna under l\u00e5ng tid i rum med h\u00f6g luftfuktighet och temperatur.Ej l\u00e4mplig f\u00f6r v\u00e5ta kl\u00e4der! Anv\u00e4nd en torr trasa vid reng\u00f6ring. En galge kan endast h\u00e4nga upp ett plagg.<\/p>\n","protected":false},"excerpt":{"rendered":"<p>SONGMICS Byxh\u00e4ngare i tr\u00e4, 12-pack, halkfria byxh\u00e4ngare, med breda kl\u00e4mbackar, med f\u00e4llbar l\u00e5sning, f\u00f6r byxor och kjolar, m\u00f6rk valn\u00f6tsf\u00e4rgad CRW07V12<\/p>\n","protected":false},"featured_media":39485,"comment_status":"open","ping_status":"closed","template":"","meta":[],"product_brand":[],"product_cat":[33],"product_tag":[],"class_list":{"0":"post-10946","1":"product","2":"type-product","3":"status-publish","4":"has-post-thumbnail","6":"product_cat-okategoriserad","8":"first","9":"instock","10":"shipping-taxable","11":"purchasable","12":"product-type-simple"},"_links":{"self":[{"href":"https:\/\/nordicmart.andreevmaster.com\/sv\/wp-json\/wp\/v2\/product\/10946","targetHints":{"allow":["GET"]}}],"collection":[{"href":"https:\/\/nordicmart.andreevmaster.com\/sv\/wp-json\/wp\/v2\/product"}],"about":[{"href":"https:\/\/nordicmart.andreevmaster.com\/sv\/wp-json\/wp\/v2\/types\/product"}],"replies":[{"embeddable":true,"href":"https:\/\/nordicmart.andreevmaster.com\/sv\/wp-json\/wp\/v2\/comments?post=10946"}],"wp:featuredmedia":[{"embeddable":true,"href":"https:\/\/nordicmart.andreevmaster.com\/sv\/wp-json\/wp\/v2\/media\/39485"}],"wp:attachment":[{"href":"https:\/\/nordicmart.andreevmaster.com\/sv\/wp-json\/wp\/v2\/media?parent=10946"}],"wp:term":[{"taxonomy":"product_brand","embeddable":true,"href":"https:\/\/nordicmart.andreevmaster.com\/sv\/wp-json\/wp\/v2\/product_brand?post=10946"},{"taxonomy":"product_cat","embeddable":true,"href":"https:\/\/nordicmart.andreevmaster.com\/sv\/wp-json\/wp\/v2\/product_cat?post=10946"},{"taxonomy":"product_tag","embeddable":true,"href":"https:\/\/nordicmart.andreevmaster.com\/sv\/wp-json\/wp\/v2\/product_tag?post=10946"}],"curies":[{"name":"wp","href":"https:\/\/api.w.org\/{rel}","templated":true}]}}