{"id":10945,"date":"2026-02-27T00:08:51","date_gmt":"2026-02-27T00:08:51","guid":{"rendered":"https:\/\/nordicmart.andreevmaster.com\/product\/songmics-klambygel-schimaholz-12-stycken-brun\/"},"modified":"2026-02-27T08:04:12","modified_gmt":"2026-02-27T08:04:12","slug":"songmics-klambygel-schimaholz-12-stycken-brun","status":"publish","type":"product","link":"https:\/\/nordicmart.andreevmaster.com\/sv\/produkt\/songmics-klambygel-schimaholz-12-stycken-brun\/","title":{"rendered":"SONGMICS kl\u00e4mbygel Schimaholz 12 stycken brun"},"content":{"rendered":"<p>Breda kl\u00e4mbackar med filt Tack vare den genomt\u00e4nkta designen kan du h\u00e4nga upp dina byxor och kjolar utan att de glider och utan att det blir irriterande m\u00e4rken p\u00e5 dem. 360\u00b0 vridbar krok Denna f\u00f6rkromade krok \u00e4r robust, gl\u00e4nsande och kan vridas 360\u00b0. Metallkonstruktionen ger stabilitet och l\u00e5ngvarig sk\u00f6nhet. H\u00e4ng dessa galgar i din garderob, p\u00e5 handduksh\u00e4ngaren eller kl\u00e4dh\u00e4ngaren f\u00f6r att skapa ordning i ditt rum. Naturligt tr\u00e4 Tillverkade av naturligt massivt tr\u00e4 \u00e4r dessa byxh\u00e4ngare robusta, slitstarka och h\u00e5llbara. De \u00e4r ocks\u00e5 tillr\u00e4ckligt starka f\u00f6r att h\u00e4nga upp tunga jeans eller andra tunga kl\u00e4desplagg. Produktdetaljer: &#8211; F\u00e4rg: M\u00f6rk valn\u00f6t &#8211; Material: Massivt tr\u00e4 (Schima Superba), filt, ABS-plast, f\u00f6rkromad krok &#8211; Storlek per galge: 25 x 2,2 x 17 cm (L x B x H) &#8211; Vikt: 1,5 kg &#8211; Max. statisk belastningskapacitet per galge: 3 kg Leveransomf\u00e5ng: &#8211; 12 x kjolh\u00e4ngare SONGMICS Anm\u00e4rkningar: &#8211; Anv\u00e4nd inte h\u00e4ngarna under en l\u00e4ngre tid i en milj\u00f6 med h\u00f6g temperatur eller h\u00f6g luftfuktighet f\u00f6r att undvika skador som lackflagnande. &#8211; H\u00e4ng inte v\u00e5ta kl\u00e4der p\u00e5 h\u00e4ngarna. &#8211; Torka av h\u00e4ngarna med en fuktig trasa f\u00f6r reng\u00f6ring.<\/p>\n","protected":false},"excerpt":{"rendered":"<p>SONGMICS Byxh\u00e4ngare i tr\u00e4, 12-pack, halkfria byxh\u00e4ngare, med breda kl\u00e4mbackar, med f\u00e4llbar l\u00e5sning, f\u00f6r byxor och kjolar, m\u00f6rk valn\u00f6tsf\u00e4rgad CRW07V12<\/p>\n","protected":false},"featured_media":39484,"comment_status":"open","ping_status":"closed","template":"","meta":[],"product_brand":[],"product_cat":[33],"product_tag":[],"class_list":{"0":"post-10945","1":"product","2":"type-product","3":"status-publish","4":"has-post-thumbnail","6":"product_cat-okategoriserad","8":"first","9":"instock","10":"shipping-taxable","11":"purchasable","12":"product-type-simple"},"_links":{"self":[{"href":"https:\/\/nordicmart.andreevmaster.com\/sv\/wp-json\/wp\/v2\/product\/10945","targetHints":{"allow":["GET"]}}],"collection":[{"href":"https:\/\/nordicmart.andreevmaster.com\/sv\/wp-json\/wp\/v2\/product"}],"about":[{"href":"https:\/\/nordicmart.andreevmaster.com\/sv\/wp-json\/wp\/v2\/types\/product"}],"replies":[{"embeddable":true,"href":"https:\/\/nordicmart.andreevmaster.com\/sv\/wp-json\/wp\/v2\/comments?post=10945"}],"wp:featuredmedia":[{"embeddable":true,"href":"https:\/\/nordicmart.andreevmaster.com\/sv\/wp-json\/wp\/v2\/media\/39484"}],"wp:attachment":[{"href":"https:\/\/nordicmart.andreevmaster.com\/sv\/wp-json\/wp\/v2\/media?parent=10945"}],"wp:term":[{"taxonomy":"product_brand","embeddable":true,"href":"https:\/\/nordicmart.andreevmaster.com\/sv\/wp-json\/wp\/v2\/product_brand?post=10945"},{"taxonomy":"product_cat","embeddable":true,"href":"https:\/\/nordicmart.andreevmaster.com\/sv\/wp-json\/wp\/v2\/product_cat?post=10945"},{"taxonomy":"product_tag","embeddable":true,"href":"https:\/\/nordicmart.andreevmaster.com\/sv\/wp-json\/wp\/v2\/product_tag?post=10945"}],"curies":[{"name":"wp","href":"https:\/\/api.w.org\/{rel}","templated":true}]}}