{"id":10944,"date":"2026-02-27T00:08:51","date_gmt":"2026-02-27T00:08:51","guid":{"rendered":"https:\/\/nordicmart.andreevmaster.com\/product\/songmics-barnkladhangare-i-lonntra-20-stycken-vita\/"},"modified":"2026-02-27T08:04:12","modified_gmt":"2026-02-27T08:04:12","slug":"songmics-barnkladhangare-i-lonntra-20-stycken-vita","status":"publish","type":"product","link":"https:\/\/nordicmart.andreevmaster.com\/sv\/produkt\/songmics-barnkladhangare-i-lonntra-20-stycken-vita\/","title":{"rendered":"SONGMICS barnkl\u00e4dh\u00e4ngare i l\u00f6nntr\u00e4, 20 stycken, vita"},"content":{"rendered":"<p>Songmics barnkl\u00e4dh\u00e4ngare kommer garanterat att bli din familjs &#8221;flitiga assistent&#8221;. Produktdetaljer: Material: l\u00f6nntr\u00e4 + f\u00f6rkromade metallkrokar F\u00e4rg: vit M\u00e5tt: 35 x 20 x 1,2 cm vardera (B x H x D) H\u00f6jd krok: 6,5 cm Bredd krok: 5 cm Bruttovikt: 2,35 kg Leveransomfattning: 20 x vita barnkl\u00e4dh\u00e4ngare av l\u00f6nntr\u00e4 Obs! Undvik att f\u00f6rvara kl\u00e4dh\u00e4ngarna under l\u00e5ng tid i rum med h\u00f6g luftfuktighet och temperatur. Annars kan kl\u00e4dh\u00e4ngarna l\u00e4tt m\u00f6gla. F\u00f6r reng\u00f6ring, torka av ytan med en l\u00e4tt fuktig trasa.<\/p>\n","protected":false},"excerpt":{"rendered":"<p>SONGMICS barnkl\u00e4dh\u00e4ngare i tr\u00e4, 20 stycken, med tv\u00e4rst\u00e5ng, med sk\u00e5ror, 360\u00b0 vridbar krok, vit 35 cm CRW06W-20<\/p>\n","protected":false},"featured_media":39483,"comment_status":"open","ping_status":"closed","template":"","meta":[],"product_brand":[],"product_cat":[33],"product_tag":[],"class_list":{"0":"post-10944","1":"product","2":"type-product","3":"status-publish","4":"has-post-thumbnail","6":"product_cat-okategoriserad","8":"first","9":"instock","10":"shipping-taxable","11":"purchasable","12":"product-type-simple"},"_links":{"self":[{"href":"https:\/\/nordicmart.andreevmaster.com\/sv\/wp-json\/wp\/v2\/product\/10944","targetHints":{"allow":["GET"]}}],"collection":[{"href":"https:\/\/nordicmart.andreevmaster.com\/sv\/wp-json\/wp\/v2\/product"}],"about":[{"href":"https:\/\/nordicmart.andreevmaster.com\/sv\/wp-json\/wp\/v2\/types\/product"}],"replies":[{"embeddable":true,"href":"https:\/\/nordicmart.andreevmaster.com\/sv\/wp-json\/wp\/v2\/comments?post=10944"}],"wp:featuredmedia":[{"embeddable":true,"href":"https:\/\/nordicmart.andreevmaster.com\/sv\/wp-json\/wp\/v2\/media\/39483"}],"wp:attachment":[{"href":"https:\/\/nordicmart.andreevmaster.com\/sv\/wp-json\/wp\/v2\/media?parent=10944"}],"wp:term":[{"taxonomy":"product_brand","embeddable":true,"href":"https:\/\/nordicmart.andreevmaster.com\/sv\/wp-json\/wp\/v2\/product_brand?post=10944"},{"taxonomy":"product_cat","embeddable":true,"href":"https:\/\/nordicmart.andreevmaster.com\/sv\/wp-json\/wp\/v2\/product_cat?post=10944"},{"taxonomy":"product_tag","embeddable":true,"href":"https:\/\/nordicmart.andreevmaster.com\/sv\/wp-json\/wp\/v2\/product_tag?post=10944"}],"curies":[{"name":"wp","href":"https:\/\/api.w.org\/{rel}","templated":true}]}}