{"id":10942,"date":"2026-02-27T00:08:51","date_gmt":"2026-02-27T00:08:51","guid":{"rendered":"https:\/\/nordicmart.andreevmaster.com\/product\/songmics-20-pack-barnkladhangare-i-tra\/"},"modified":"2026-02-27T08:04:12","modified_gmt":"2026-02-27T08:04:12","slug":"songmics-20-pack-barnkladhangare-i-tra","status":"publish","type":"product","link":"https:\/\/nordicmart.andreevmaster.com\/sv\/produkt\/songmics-20-pack-barnkladhangare-i-tra\/","title":{"rendered":"SONGMICS 20-pack barnkl\u00e4dh\u00e4ngare i tr\u00e4"},"content":{"rendered":"<p>Med dessa kl\u00e4dh\u00e4ngare fr\u00e5n SONGMICS h\u00e5ller dina barns kl\u00e4der sig i toppform. Kolla in h\u00f6jdpunkterna hos dessa kl\u00e4dh\u00e4ngare: &#8211; V-formade sk\u00e5ror f\u00f6rhindrar att dina barns kl\u00e4der glider av.- Den sl\u00e4ta, polerade ytan skyddar dina barns kl\u00e4der fr\u00e5n revor. &#8211; Massivt l\u00f6nntr\u00e4 ger h\u00f6g stabilitet (max. belastning: 2 kg per galge). &#8211; Tack vare de 360\u00b0 vridbara krokarna kan du v\u00e4nda dina barns kl\u00e4der om du har h\u00e4ngt upp dem fel. Produktdetaljer:- F\u00e4rg: Vit &#8211; Material: L\u00f6nntr\u00e4, f\u00f6rkromad krok &#8211; Storlek per galge: 35 x 1,2 x 20 cm (L x B x H) &#8211; Totalvikt: 1,6 kg &#8211; Max. statisk belastningskapacitet per galge: 2 kg Leveransomfattning: &#8211; 20 x kl\u00e4dh\u00e4ngare f\u00f6r barn SONGMICS Anm\u00e4rkningar:- Den maximala belastningskapaciteten per galge \u00e4r 2 kg. \u00d6verskrid inte denna maximala vikt. &#8211; Den maximala belastningskapaciteten avser statiska vikter. &#8211; Anv\u00e4nd inte dessa galgar i torktumlare eller tv\u00e4ttmaskin.<\/p>\n","protected":false},"excerpt":{"rendered":"<p>SONGMICS barnkl\u00e4dh\u00e4ngare, 20-pack, kl\u00e4dh\u00e4ngare i tr\u00e4, av massivt tr\u00e4, tr\u00e4h\u00e4ngare med sk\u00e5ror, jackh\u00e4ngare, 360\u00b0 vridbar krok, halkfri, 35 cm l\u00e5ng, vit CRW061W20<\/p>\n","protected":false},"featured_media":39481,"comment_status":"open","ping_status":"closed","template":"","meta":[],"product_brand":[],"product_cat":[33],"product_tag":[],"class_list":{"0":"post-10942","1":"product","2":"type-product","3":"status-publish","4":"has-post-thumbnail","6":"product_cat-okategoriserad","8":"first","9":"instock","10":"shipping-taxable","11":"purchasable","12":"product-type-simple"},"_links":{"self":[{"href":"https:\/\/nordicmart.andreevmaster.com\/sv\/wp-json\/wp\/v2\/product\/10942","targetHints":{"allow":["GET"]}}],"collection":[{"href":"https:\/\/nordicmart.andreevmaster.com\/sv\/wp-json\/wp\/v2\/product"}],"about":[{"href":"https:\/\/nordicmart.andreevmaster.com\/sv\/wp-json\/wp\/v2\/types\/product"}],"replies":[{"embeddable":true,"href":"https:\/\/nordicmart.andreevmaster.com\/sv\/wp-json\/wp\/v2\/comments?post=10942"}],"wp:featuredmedia":[{"embeddable":true,"href":"https:\/\/nordicmart.andreevmaster.com\/sv\/wp-json\/wp\/v2\/media\/39481"}],"wp:attachment":[{"href":"https:\/\/nordicmart.andreevmaster.com\/sv\/wp-json\/wp\/v2\/media?parent=10942"}],"wp:term":[{"taxonomy":"product_brand","embeddable":true,"href":"https:\/\/nordicmart.andreevmaster.com\/sv\/wp-json\/wp\/v2\/product_brand?post=10942"},{"taxonomy":"product_cat","embeddable":true,"href":"https:\/\/nordicmart.andreevmaster.com\/sv\/wp-json\/wp\/v2\/product_cat?post=10942"},{"taxonomy":"product_tag","embeddable":true,"href":"https:\/\/nordicmart.andreevmaster.com\/sv\/wp-json\/wp\/v2\/product_tag?post=10942"}],"curies":[{"name":"wp","href":"https:\/\/api.w.org\/{rel}","templated":true}]}}