{"id":10941,"date":"2026-02-27T00:08:51","date_gmt":"2026-02-27T00:08:51","guid":{"rendered":"https:\/\/nordicmart.andreevmaster.com\/product\/songmics-kladhangare-i-lonntra-20-stycken-morkbruna\/"},"modified":"2026-02-27T08:04:12","modified_gmt":"2026-02-27T08:04:12","slug":"songmics-kladhangare-i-lonntra-20-stycken-morkbruna","status":"publish","type":"product","link":"https:\/\/nordicmart.andreevmaster.com\/sv\/produkt\/songmics-kladhangare-i-lonntra-20-stycken-morkbruna\/","title":{"rendered":"SONGMICS kl\u00e4dh\u00e4ngare i l\u00f6nntr\u00e4, 20 stycken, m\u00f6rkbruna"},"content":{"rendered":"<p>Irriterar det dig att kl\u00e4derna ligger och flyger omkring \u00f6verallt? Letar du efter passande kl\u00e4dh\u00e4ngare? Songmics kl\u00e4dh\u00e4ngare \u00e4r den perfekta l\u00f6sningen.  F\u00f6rutom de ovan n\u00e4mnda egenskaperna har kl\u00e4dh\u00e4ngaren \u00e4ven en byxkl\u00e4mma som inte bara kompletterar kl\u00e4dh\u00e4ngarens funktion utan ocks\u00e5 ger extra stabilitet. Songmics tr\u00e4h\u00e4ngare kommer garanterat att bli din familjs &#8221;duktiga assistent&#8221;.  Produktdetaljer: &#8211; Material: l\u00f6nntr\u00e4 + f\u00f6rkromade metallkrokar &#8211; F\u00e4rg: valn\u00f6tsf\u00e4rgad &#8211; M\u00e5tt: 44,5 x 23 x 1,2 cm (B x H x D) &#8211; H\u00f6gsta krok: 7 cm &#8211; Bredaste krok: 5 cm &#8211; Bruttovikt: 2,4 kg Leveransomfattning: &#8211; 20 x valn\u00f6tsf\u00e4rgade kl\u00e4dh\u00e4ngare av tr\u00e4<\/p>\n","protected":false},"excerpt":{"rendered":"<p>SONGMICS kl\u00e4dh\u00e4ngare av l\u00f6nntr\u00e4, 20 stycken, 44,5 cm med kjolsk\u00e5ror och byxst\u00e5ng, 360 grader vridbar, kostymh\u00e4ngare jackh\u00e4ngare f\u00f6r kl\u00e4der kostym jacka byxor, valn\u00f6tsf\u00e4rgad CRW05K-20<\/p>\n","protected":false},"featured_media":39480,"comment_status":"open","ping_status":"closed","template":"","meta":[],"product_brand":[],"product_cat":[33],"product_tag":[],"class_list":{"0":"post-10941","1":"product","2":"type-product","3":"status-publish","4":"has-post-thumbnail","6":"product_cat-okategoriserad","8":"first","9":"instock","10":"shipping-taxable","11":"purchasable","12":"product-type-simple"},"_links":{"self":[{"href":"https:\/\/nordicmart.andreevmaster.com\/sv\/wp-json\/wp\/v2\/product\/10941","targetHints":{"allow":["GET"]}}],"collection":[{"href":"https:\/\/nordicmart.andreevmaster.com\/sv\/wp-json\/wp\/v2\/product"}],"about":[{"href":"https:\/\/nordicmart.andreevmaster.com\/sv\/wp-json\/wp\/v2\/types\/product"}],"replies":[{"embeddable":true,"href":"https:\/\/nordicmart.andreevmaster.com\/sv\/wp-json\/wp\/v2\/comments?post=10941"}],"wp:featuredmedia":[{"embeddable":true,"href":"https:\/\/nordicmart.andreevmaster.com\/sv\/wp-json\/wp\/v2\/media\/39480"}],"wp:attachment":[{"href":"https:\/\/nordicmart.andreevmaster.com\/sv\/wp-json\/wp\/v2\/media?parent=10941"}],"wp:term":[{"taxonomy":"product_brand","embeddable":true,"href":"https:\/\/nordicmart.andreevmaster.com\/sv\/wp-json\/wp\/v2\/product_brand?post=10941"},{"taxonomy":"product_cat","embeddable":true,"href":"https:\/\/nordicmart.andreevmaster.com\/sv\/wp-json\/wp\/v2\/product_cat?post=10941"},{"taxonomy":"product_tag","embeddable":true,"href":"https:\/\/nordicmart.andreevmaster.com\/sv\/wp-json\/wp\/v2\/product_tag?post=10941"}],"curies":[{"name":"wp","href":"https:\/\/api.w.org\/{rel}","templated":true}]}}