{"id":10937,"date":"2026-02-27T00:08:50","date_gmt":"2026-02-27T00:08:50","guid":{"rendered":"https:\/\/nordicmart.andreevmaster.com\/product\/songmics-galgar-med-byxstang-10-stycken-vita\/"},"modified":"2026-02-27T08:04:11","modified_gmt":"2026-02-27T08:04:11","slug":"songmics-galgar-med-byxstang-10-stycken-vita","status":"publish","type":"product","link":"https:\/\/nordicmart.andreevmaster.com\/sv\/produkt\/songmics-galgar-med-byxstang-10-stycken-vita\/","title":{"rendered":"SONGMICS galgar med byxst\u00e5ng 10 stycken vita"},"content":{"rendered":"<p>Irriterar det dig att kl\u00e4derna ligger och flyger omkring \u00f6verallt? Letar du efter passande kl\u00e4dh\u00e4ngare? Songmics kl\u00e4dh\u00e4ngare \u00e4r den perfekta l\u00f6sningen. F\u00f6rutom de ovan n\u00e4mnda egenskaperna har kl\u00e4dh\u00e4ngaren \u00e4ven en byxkl\u00e4mma som inte bara kompletterar kl\u00e4dh\u00e4ngarens funktion utan ocks\u00e5 ger extra stabilitet.Songmics tr\u00e4h\u00e4ngare kommer definitivt att bli din familjs &#8221;duktiga assistent&#8221;. Produktdetaljer: Material: l\u00f6nntr\u00e4 + f\u00f6rkromade metallkrokar F\u00e4rg: vit M\u00e5tt: 44,5 x 23 x 1,2 cm (B x H x D) H\u00f6jd p\u00e5 krokar: 7 cm Bredd p\u00e5 krokar: 5 cm Bruttovikt: 1,3 kg Leveransomfattning: 10 x vita kl\u00e4dh\u00e4ngare av l\u00f6nntr\u00e4 Anm\u00e4rkningar: Undvik att f\u00f6rvara kl\u00e4dh\u00e4ngarna under l\u00e5ng tid i rum med h\u00f6g luftfuktighet och temperatur. Annars kan kl\u00e4dh\u00e4ngarna l\u00e4tt m\u00f6gla. Reng\u00f6r genom att torka av ytan med en l\u00e4tt fuktig trasa. Undvik att h\u00e4nga v\u00e5t tv\u00e4tt p\u00e5 galgarna.<\/p>\n","protected":false},"excerpt":{"rendered":"<p>SONGMICS kl\u00e4dh\u00e4ngare \u2013 10 stycken, kanter, med halkfri brygga, 360\u00b0 vridbar krok, CRW001-10, tr\u00e4, natur, 10<\/p>\n","protected":false},"featured_media":39476,"comment_status":"open","ping_status":"closed","template":"","meta":[],"product_brand":[],"product_cat":[33],"product_tag":[],"class_list":{"0":"post-10937","1":"product","2":"type-product","3":"status-publish","4":"has-post-thumbnail","6":"product_cat-okategoriserad","8":"first","9":"instock","10":"shipping-taxable","11":"purchasable","12":"product-type-simple"},"_links":{"self":[{"href":"https:\/\/nordicmart.andreevmaster.com\/sv\/wp-json\/wp\/v2\/product\/10937","targetHints":{"allow":["GET"]}}],"collection":[{"href":"https:\/\/nordicmart.andreevmaster.com\/sv\/wp-json\/wp\/v2\/product"}],"about":[{"href":"https:\/\/nordicmart.andreevmaster.com\/sv\/wp-json\/wp\/v2\/types\/product"}],"replies":[{"embeddable":true,"href":"https:\/\/nordicmart.andreevmaster.com\/sv\/wp-json\/wp\/v2\/comments?post=10937"}],"wp:featuredmedia":[{"embeddable":true,"href":"https:\/\/nordicmart.andreevmaster.com\/sv\/wp-json\/wp\/v2\/media\/39476"}],"wp:attachment":[{"href":"https:\/\/nordicmart.andreevmaster.com\/sv\/wp-json\/wp\/v2\/media?parent=10937"}],"wp:term":[{"taxonomy":"product_brand","embeddable":true,"href":"https:\/\/nordicmart.andreevmaster.com\/sv\/wp-json\/wp\/v2\/product_brand?post=10937"},{"taxonomy":"product_cat","embeddable":true,"href":"https:\/\/nordicmart.andreevmaster.com\/sv\/wp-json\/wp\/v2\/product_cat?post=10937"},{"taxonomy":"product_tag","embeddable":true,"href":"https:\/\/nordicmart.andreevmaster.com\/sv\/wp-json\/wp\/v2\/product_tag?post=10937"}],"curies":[{"name":"wp","href":"https:\/\/api.w.org\/{rel}","templated":true}]}}