{"id":10933,"date":"2026-02-27T00:08:49","date_gmt":"2026-02-27T00:08:49","guid":{"rendered":"https:\/\/nordicmart.andreevmaster.com\/product\/songmics-kladhangare-i-massivt-tra-30-pack\/"},"modified":"2026-02-27T08:04:10","modified_gmt":"2026-02-27T08:04:10","slug":"songmics-kladhangare-i-massivt-tra-30-pack","status":"publish","type":"product","link":"https:\/\/nordicmart.andreevmaster.com\/sv\/produkt\/songmics-kladhangare-i-massivt-tra-30-pack\/","title":{"rendered":"SONGMICS kl\u00e4dh\u00e4ngare i massivt tr\u00e4, 30-pack"},"content":{"rendered":"<p>Tycker du att det \u00e4r sv\u00e5rt att v\u00e4lja r\u00e4tt modell bland det stora utbudet av olika kl\u00e4dh\u00e4ngare? Varf\u00f6r inte v\u00e4lja en klassisk variant i massivt tr\u00e4? Ibland \u00e4r enkla designs precis vad vi beh\u00f6ver. Dessa 30 naturf\u00e4rgade kl\u00e4dh\u00e4ngare fr\u00e5n SONGMICS \u00e4r tillverkade av massivt l\u00f6nntr\u00e4, polerade och lackerade med en sl\u00e4t yta. De \u00e4r inte bara s\u00e4rskilt stabila och h\u00e5llbara, utan erbjuder ocks\u00e5 den perfekta bakgrunden f\u00f6r dina rockar, kostymer, skjortor, byxor, vinterjackor och jeans. Produktdetaljer: &#8211; F\u00e4rg: Naturf\u00e4rgad &#8211; Material: L\u00f6nntr\u00e4, f\u00f6rkromad krok &#8211; Storlek per galge: 44,5 x 1,2 x 23 cm (L x B x H) &#8211; Totalvikt: 3,3 kg &#8211; Max. statisk belastningskapacitet per galge: 5 kg Leveransomfattning: &#8211; 30 x kl\u00e4dh\u00e4ngare SONGMICS Anm\u00e4rkningar:- Den maximala belastningskapaciteten per galge \u00e4r 5 kg. \u00d6verskrid inte denna maximala vikt. &#8211; Den maximala belastningskapaciteten avser statiska vikter. &#8211; Anv\u00e4nd inte dessa galgar i torktumlare eller tv\u00e4ttmaskin.<\/p>\n","protected":false},"excerpt":{"rendered":"<p>SONGMICS Kl\u00e4dh\u00e4ngare i massivt tr\u00e4, 30-pack, tr\u00e4h\u00e4ngare med halkfri byxkl\u00e4mma och sk\u00e5ror, 360\u00b0 vridbar krok, f\u00f6r rockar, kostymer, kl\u00e4nningar, byxor, skjortor, vit CRW031WT<\/p>\n","protected":false},"featured_media":39472,"comment_status":"open","ping_status":"closed","template":"","meta":[],"product_brand":[],"product_cat":[33],"product_tag":[],"class_list":{"0":"post-10933","1":"product","2":"type-product","3":"status-publish","4":"has-post-thumbnail","6":"product_cat-okategoriserad","8":"first","9":"instock","10":"shipping-taxable","11":"purchasable","12":"product-type-simple"},"_links":{"self":[{"href":"https:\/\/nordicmart.andreevmaster.com\/sv\/wp-json\/wp\/v2\/product\/10933","targetHints":{"allow":["GET"]}}],"collection":[{"href":"https:\/\/nordicmart.andreevmaster.com\/sv\/wp-json\/wp\/v2\/product"}],"about":[{"href":"https:\/\/nordicmart.andreevmaster.com\/sv\/wp-json\/wp\/v2\/types\/product"}],"replies":[{"embeddable":true,"href":"https:\/\/nordicmart.andreevmaster.com\/sv\/wp-json\/wp\/v2\/comments?post=10933"}],"wp:featuredmedia":[{"embeddable":true,"href":"https:\/\/nordicmart.andreevmaster.com\/sv\/wp-json\/wp\/v2\/media\/39472"}],"wp:attachment":[{"href":"https:\/\/nordicmart.andreevmaster.com\/sv\/wp-json\/wp\/v2\/media?parent=10933"}],"wp:term":[{"taxonomy":"product_brand","embeddable":true,"href":"https:\/\/nordicmart.andreevmaster.com\/sv\/wp-json\/wp\/v2\/product_brand?post=10933"},{"taxonomy":"product_cat","embeddable":true,"href":"https:\/\/nordicmart.andreevmaster.com\/sv\/wp-json\/wp\/v2\/product_cat?post=10933"},{"taxonomy":"product_tag","embeddable":true,"href":"https:\/\/nordicmart.andreevmaster.com\/sv\/wp-json\/wp\/v2\/product_tag?post=10933"}],"curies":[{"name":"wp","href":"https:\/\/api.w.org\/{rel}","templated":true}]}}