{"id":10927,"date":"2026-02-27T00:08:48","date_gmt":"2026-02-27T00:08:48","guid":{"rendered":"https:\/\/nordicmart.andreevmaster.com\/product\/songmics-kladhangare-med-byxstang-50-stycken-svarta\/"},"modified":"2026-02-27T08:04:09","modified_gmt":"2026-02-27T08:04:09","slug":"songmics-kladhangare-med-byxstang-50-stycken-svarta","status":"publish","type":"product","link":"https:\/\/nordicmart.andreevmaster.com\/sv\/produkt\/songmics-kladhangare-med-byxstang-50-stycken-svarta\/","title":{"rendered":"SONGMICS kl\u00e4dh\u00e4ngare med byxst\u00e5ng 50 stycken svarta"},"content":{"rendered":"<p>SONGMICS kl\u00e4dh\u00e4ngare av massivt tr\u00e4, f\u00f6r ett gott livSONGMICS kl\u00e4dh\u00e4ngareSkapar ordning i din garderob och underl\u00e4ttar ditt liv.Utvalda materialDet h\u00f6gkvalitativa massiva tr\u00e4et med fin \u00e5dring har inga kvisth\u00e5l, \u00e4r elegant och robust.Produktdetaljer: Material: l\u00f6nntr\u00e4 + f\u00f6rkromade metallkrokar F\u00e4rg: svart M\u00e5tt: 44,5 x 23 x 1,2 cm (B x H x D) Kroksh\u00f6jd: 7 cm Krokbredd: 5 cm Bruttovikt: 6,6 kg Leveransomfattning: 50 x svarta kl\u00e4dh\u00e4ngare av l\u00f6nntr\u00e4 Anm\u00e4rkningar:Undvik att h\u00e4nga kl\u00e4dh\u00e4ngarna i rum med h\u00f6g luftfuktighet och temperatur under l\u00e4ngre tid. Annars kan kl\u00e4dh\u00e4ngarna l\u00e4tt m\u00f6gla. F\u00f6r reng\u00f6ring, torka av ytan med en l\u00e4tt fuktig trasa. Undvik att h\u00e4nga v\u00e5t tv\u00e4tt p\u00e5 kl\u00e4dh\u00e4ngarna.<\/p>\n","protected":false},"excerpt":{"rendered":"<p>SONGMICS kl\u00e4dh\u00e4ngare av l\u00f6nntr\u00e4, 20 stycken, med kjolsk\u00e5ror och byxst\u00e5ng, 360 graders vridbara, kostymh\u00e4ngare, jackh\u00e4ngare f\u00f6r kl\u00e4der, kostymer, jackor och byxor, svarta CRW02B-20<\/p>\n","protected":false},"featured_media":39466,"comment_status":"open","ping_status":"closed","template":"","meta":[],"product_brand":[],"product_cat":[33],"product_tag":[],"class_list":{"0":"post-10927","1":"product","2":"type-product","3":"status-publish","4":"has-post-thumbnail","6":"product_cat-okategoriserad","8":"first","9":"instock","10":"shipping-taxable","11":"purchasable","12":"product-type-simple"},"_links":{"self":[{"href":"https:\/\/nordicmart.andreevmaster.com\/sv\/wp-json\/wp\/v2\/product\/10927","targetHints":{"allow":["GET"]}}],"collection":[{"href":"https:\/\/nordicmart.andreevmaster.com\/sv\/wp-json\/wp\/v2\/product"}],"about":[{"href":"https:\/\/nordicmart.andreevmaster.com\/sv\/wp-json\/wp\/v2\/types\/product"}],"replies":[{"embeddable":true,"href":"https:\/\/nordicmart.andreevmaster.com\/sv\/wp-json\/wp\/v2\/comments?post=10927"}],"wp:featuredmedia":[{"embeddable":true,"href":"https:\/\/nordicmart.andreevmaster.com\/sv\/wp-json\/wp\/v2\/media\/39466"}],"wp:attachment":[{"href":"https:\/\/nordicmart.andreevmaster.com\/sv\/wp-json\/wp\/v2\/media?parent=10927"}],"wp:term":[{"taxonomy":"product_brand","embeddable":true,"href":"https:\/\/nordicmart.andreevmaster.com\/sv\/wp-json\/wp\/v2\/product_brand?post=10927"},{"taxonomy":"product_cat","embeddable":true,"href":"https:\/\/nordicmart.andreevmaster.com\/sv\/wp-json\/wp\/v2\/product_cat?post=10927"},{"taxonomy":"product_tag","embeddable":true,"href":"https:\/\/nordicmart.andreevmaster.com\/sv\/wp-json\/wp\/v2\/product_tag?post=10927"}],"curies":[{"name":"wp","href":"https:\/\/api.w.org\/{rel}","templated":true}]}}