{"id":10926,"date":"2026-02-27T00:08:47","date_gmt":"2026-02-27T00:08:47","guid":{"rendered":"https:\/\/nordicmart.andreevmaster.com\/product\/songmics-kladhangare-i-lonn-20-stycken-svarta\/"},"modified":"2026-02-27T08:04:09","modified_gmt":"2026-02-27T08:04:09","slug":"songmics-kladhangare-i-lonn-20-stycken-svarta","status":"publish","type":"product","link":"https:\/\/nordicmart.andreevmaster.com\/sv\/produkt\/songmics-kladhangare-i-lonn-20-stycken-svarta\/","title":{"rendered":"SONGMICS kl\u00e4dh\u00e4ngare i l\u00f6nn, 20 stycken, svarta"},"content":{"rendered":"<p>Irriterar du dig alltid \u00f6ver kl\u00e4der som ligger och flyger omkring \u00f6verallt? Letar du d\u00e4rf\u00f6r efter passande kl\u00e4dh\u00e4ngare? Dessa kl\u00e4dh\u00e4ngare fr\u00e5n SONGMICS \u00e4r den perfekta l\u00f6sningen! F\u00f6rutom tv\u00e5 praktiska kjolsk\u00e5ror har kl\u00e4dh\u00e4ngarna en byxbygel som inte bara g\u00f6r det m\u00f6jligt att h\u00e4nga upp byxor, utan ocks\u00e5 ger kl\u00e4dh\u00e4ngarna extra stabilitet. Ett h\u00f6gkvalitativt, praktiskt och stabilt tillskott till din garderob. Produktdetaljer: &#8211; Material: l\u00f6nntr\u00e4, f\u00f6rkromade metallkrokar &#8211; F\u00e4rg: svart &#8211; M\u00e5tt: 44,5 x 23 x 1,2 cm (B x H x D) &#8211; Kroksh\u00f6jd: 7 cm &#8211; Krokbredd: 5 cm &#8211; Totalvikt: 2,4 kg Leveransomfattning: &#8211; 20 x svarta kl\u00e4dh\u00e4ngare av tr\u00e4<\/p>\n","protected":false},"excerpt":{"rendered":"<p>SONGMICS kl\u00e4dh\u00e4ngare av l\u00f6nntr\u00e4, 20 stycken, med kjolsk\u00e5ror och byxst\u00e5ng, 360 graders vridbara, kostymh\u00e4ngare, jackh\u00e4ngare f\u00f6r kl\u00e4der, kostymer, jackor och byxor, svarta CRW02B-20<\/p>\n","protected":false},"featured_media":39465,"comment_status":"open","ping_status":"closed","template":"","meta":[],"product_brand":[],"product_cat":[33],"product_tag":[],"class_list":{"0":"post-10926","1":"product","2":"type-product","3":"status-publish","4":"has-post-thumbnail","6":"product_cat-okategoriserad","8":"first","9":"instock","10":"shipping-taxable","11":"purchasable","12":"product-type-simple"},"_links":{"self":[{"href":"https:\/\/nordicmart.andreevmaster.com\/sv\/wp-json\/wp\/v2\/product\/10926","targetHints":{"allow":["GET"]}}],"collection":[{"href":"https:\/\/nordicmart.andreevmaster.com\/sv\/wp-json\/wp\/v2\/product"}],"about":[{"href":"https:\/\/nordicmart.andreevmaster.com\/sv\/wp-json\/wp\/v2\/types\/product"}],"replies":[{"embeddable":true,"href":"https:\/\/nordicmart.andreevmaster.com\/sv\/wp-json\/wp\/v2\/comments?post=10926"}],"wp:featuredmedia":[{"embeddable":true,"href":"https:\/\/nordicmart.andreevmaster.com\/sv\/wp-json\/wp\/v2\/media\/39465"}],"wp:attachment":[{"href":"https:\/\/nordicmart.andreevmaster.com\/sv\/wp-json\/wp\/v2\/media?parent=10926"}],"wp:term":[{"taxonomy":"product_brand","embeddable":true,"href":"https:\/\/nordicmart.andreevmaster.com\/sv\/wp-json\/wp\/v2\/product_brand?post=10926"},{"taxonomy":"product_cat","embeddable":true,"href":"https:\/\/nordicmart.andreevmaster.com\/sv\/wp-json\/wp\/v2\/product_cat?post=10926"},{"taxonomy":"product_tag","embeddable":true,"href":"https:\/\/nordicmart.andreevmaster.com\/sv\/wp-json\/wp\/v2\/product_tag?post=10926"}],"curies":[{"name":"wp","href":"https:\/\/api.w.org\/{rel}","templated":true}]}}