{"id":10925,"date":"2026-02-27T00:08:47","date_gmt":"2026-02-27T00:08:47","guid":{"rendered":"https:\/\/nordicmart.andreevmaster.com\/product\/songmics-kladhangare-i-tra\/"},"modified":"2026-02-27T08:04:09","modified_gmt":"2026-02-27T08:04:09","slug":"songmics-kladhangare-i-tra","status":"publish","type":"product","link":"https:\/\/nordicmart.andreevmaster.com\/sv\/produkt\/songmics-kladhangare-i-tra\/","title":{"rendered":"SONGMICS kl\u00e4dh\u00e4ngare i tr\u00e4"},"content":{"rendered":"<p>Dessa kl\u00e4dh\u00e4ngare kombinerar f\u00f6rdelarna med tr\u00e4 och sammet \u2013 robusta och stabila (med en belastningskapacitet p\u00e5 upp till 5 kg vardera), s\u00e5 att du \u00e4ven kan h\u00e4nga upp vinterrockar utan problem; halkfria och behagliga, perfekta f\u00f6r \u00f6mt\u00e5liga kl\u00e4der; stilfulla och eleganta, f\u00f6r att f\u00f6rh\u00f6ja din garderob. EAN: 0194343034089 Produktdetaljer:F\u00e4rg: VitMaterial: Massivt tr\u00e4, sammet, f\u00f6rkromad metallkrokStorlek per galge: 44,5 x 1,2 x 23 cm (L x B x H)Vikt f\u00f6r 20 galgar: 2,3 kgMax. statisk belastningskapacitet per galge: 5 kgLeveransomfattning:20 x kl\u00e4dh\u00e4ngareSONGMICS Anm\u00e4rkningar:Den maximala belastningskapaciteten per galge \u00e4r 5 kg. \u00d6verskrid inte denna maximala vikt. Anv\u00e4nd inte dessa galgar i en torktumlare.<\/p>\n","protected":false},"excerpt":{"rendered":"<p>SONGMICS kl\u00e4dh\u00e4ngare i tr\u00e4, 20-pack, h\u00e4ngare i massivt tr\u00e4 med sammetskl\u00e4dsel, halkfria, sk\u00e5ror i axelpartiet, med byxkl\u00e4mma, 360\u00b0 vridbar krok, f\u00f6r jackor, vit CRW012W02<\/p>\n","protected":false},"featured_media":39464,"comment_status":"open","ping_status":"closed","template":"","meta":[],"product_brand":[],"product_cat":[33],"product_tag":[],"class_list":{"0":"post-10925","1":"product","2":"type-product","3":"status-publish","4":"has-post-thumbnail","6":"product_cat-okategoriserad","8":"first","9":"instock","10":"shipping-taxable","11":"purchasable","12":"product-type-simple"},"_links":{"self":[{"href":"https:\/\/nordicmart.andreevmaster.com\/sv\/wp-json\/wp\/v2\/product\/10925","targetHints":{"allow":["GET"]}}],"collection":[{"href":"https:\/\/nordicmart.andreevmaster.com\/sv\/wp-json\/wp\/v2\/product"}],"about":[{"href":"https:\/\/nordicmart.andreevmaster.com\/sv\/wp-json\/wp\/v2\/types\/product"}],"replies":[{"embeddable":true,"href":"https:\/\/nordicmart.andreevmaster.com\/sv\/wp-json\/wp\/v2\/comments?post=10925"}],"wp:featuredmedia":[{"embeddable":true,"href":"https:\/\/nordicmart.andreevmaster.com\/sv\/wp-json\/wp\/v2\/media\/39464"}],"wp:attachment":[{"href":"https:\/\/nordicmart.andreevmaster.com\/sv\/wp-json\/wp\/v2\/media?parent=10925"}],"wp:term":[{"taxonomy":"product_brand","embeddable":true,"href":"https:\/\/nordicmart.andreevmaster.com\/sv\/wp-json\/wp\/v2\/product_brand?post=10925"},{"taxonomy":"product_cat","embeddable":true,"href":"https:\/\/nordicmart.andreevmaster.com\/sv\/wp-json\/wp\/v2\/product_cat?post=10925"},{"taxonomy":"product_tag","embeddable":true,"href":"https:\/\/nordicmart.andreevmaster.com\/sv\/wp-json\/wp\/v2\/product_tag?post=10925"}],"curies":[{"name":"wp","href":"https:\/\/api.w.org\/{rel}","templated":true}]}}