{"id":10922,"date":"2026-02-27T00:08:47","date_gmt":"2026-02-27T00:08:47","guid":{"rendered":"https:\/\/nordicmart.andreevmaster.com\/product\/songmics-byxhangare-8-pack-med-klammor\/"},"modified":"2026-02-27T08:04:09","modified_gmt":"2026-02-27T08:04:09","slug":"songmics-byxhangare-8-pack-med-klammor","status":"publish","type":"product","link":"https:\/\/nordicmart.andreevmaster.com\/sv\/produkt\/songmics-byxhangare-8-pack-med-klammor\/","title":{"rendered":"SONGMICS byxh\u00e4ngare 8-pack med kl\u00e4mmor"},"content":{"rendered":"<p>2 halkskyddskl\u00e4mmor Kl\u00e4mmorna har optimal kl\u00e4mkraft och f\u00f6rhindrar att dina byxor och kjolar faller ner. Kl\u00e4mmorna \u00e4r dessutom f\u00f6rsedda med plast\u00f6verdrag. P\u00e5 s\u00e5 s\u00e4tt l\u00e4mnar galgarna inga m\u00e4rken p\u00e5 dina kl\u00e4der. Dessutom \u00e4r kl\u00e4mmorna f\u00f6rsedda med knoppar i greppomr\u00e5det, vilket underl\u00e4ttar \u00f6ppningen. Vad mer? Kl\u00e4mmorna \u00e4r justerbara f\u00f6r att passa olika typer och storlekar av kl\u00e4der. Naturligt tr\u00e4 Dessa exklusivt tillverkade byxh\u00e4ngare \u00e4r gjorda av h\u00f6gkvalitativt naturligt tr\u00e4 och \u00e4r robusta, slitstarka och h\u00e5llbara. De \u00e4r dessutom tillr\u00e4ckligt starka f\u00f6r att h\u00e4nga upp tunga jeans. Vill du h\u00e4nga upp strumpor, halsdukar, linne eller handdukar? Inget problem! 360\u00b0 vridbar krok Den f\u00f6rkromade kroken \u00e4r robust och gl\u00e4nsande, och 360\u00b0-vridbarheten g\u00f6r det enkelt att h\u00e4nga upp\/ta ner dina kl\u00e4der. Produktdetaljer: &#8211; F\u00e4rg: Vit &#8211; Material: Massivt tr\u00e4 (Schima Superba), f\u00f6rkromad metall &#8211; Storlek per h\u00e4ngare: 34 x 1,2 x 12,5 cm (L x B x H) &#8211; Avst\u00e5nd mellan kl\u00e4mmorna: 30-34 cm &#8211; Vikt per h\u00e4ngare: 83 g &#8211; Max. statisk belastningskapacitet per h\u00e4ngare: 2,5 kg Leveransomfattning: &#8211; 8 x byxh\u00e4ngare SONGMICS Anm\u00e4rkningar: &#8211; Den maximala belastningskapaciteten per h\u00e4ngare \u00e4r 2,5 kg. \u00d6verskrid inte denna maximala vikt. &#8211; Anv\u00e4nd inte galgarna under en l\u00e4ngre tid i en milj\u00f6 med h\u00f6g temperatur eller h\u00f6g luftfuktighet f\u00f6r att undvika skador. &#8211; Anv\u00e4nd inte dessa kl\u00e4dh\u00e4ngare i en torktumlare eller tv\u00e4ttmaskin.<\/p>\n","protected":false},"excerpt":{"rendered":"<p>SONGMICS byxh\u00e4ngare, 8-pack, kjolh\u00e4ngare i tr\u00e4, med justerbara kl\u00e4mmor, halkfria, f\u00f6r byxor, shorts och kjolar, vita CRW009W01<\/p>\n","protected":false},"featured_media":39461,"comment_status":"open","ping_status":"closed","template":"","meta":[],"product_brand":[],"product_cat":[33],"product_tag":[],"class_list":{"0":"post-10922","1":"product","2":"type-product","3":"status-publish","4":"has-post-thumbnail","6":"product_cat-okategoriserad","8":"first","9":"instock","10":"shipping-taxable","11":"purchasable","12":"product-type-simple"},"_links":{"self":[{"href":"https:\/\/nordicmart.andreevmaster.com\/sv\/wp-json\/wp\/v2\/product\/10922","targetHints":{"allow":["GET"]}}],"collection":[{"href":"https:\/\/nordicmart.andreevmaster.com\/sv\/wp-json\/wp\/v2\/product"}],"about":[{"href":"https:\/\/nordicmart.andreevmaster.com\/sv\/wp-json\/wp\/v2\/types\/product"}],"replies":[{"embeddable":true,"href":"https:\/\/nordicmart.andreevmaster.com\/sv\/wp-json\/wp\/v2\/comments?post=10922"}],"wp:featuredmedia":[{"embeddable":true,"href":"https:\/\/nordicmart.andreevmaster.com\/sv\/wp-json\/wp\/v2\/media\/39461"}],"wp:attachment":[{"href":"https:\/\/nordicmart.andreevmaster.com\/sv\/wp-json\/wp\/v2\/media?parent=10922"}],"wp:term":[{"taxonomy":"product_brand","embeddable":true,"href":"https:\/\/nordicmart.andreevmaster.com\/sv\/wp-json\/wp\/v2\/product_brand?post=10922"},{"taxonomy":"product_cat","embeddable":true,"href":"https:\/\/nordicmart.andreevmaster.com\/sv\/wp-json\/wp\/v2\/product_cat?post=10922"},{"taxonomy":"product_tag","embeddable":true,"href":"https:\/\/nordicmart.andreevmaster.com\/sv\/wp-json\/wp\/v2\/product_tag?post=10922"}],"curies":[{"name":"wp","href":"https:\/\/api.w.org\/{rel}","templated":true}]}}