{"id":10921,"date":"2026-02-27T00:08:47","date_gmt":"2026-02-27T00:08:47","guid":{"rendered":"https:\/\/nordicmart.andreevmaster.com\/product\/songmics-justerbara-byxhangare-8-st-vit\/"},"modified":"2026-02-27T08:04:08","modified_gmt":"2026-02-27T08:04:08","slug":"songmics-justerbara-byxhangare-8-st-vit","status":"publish","type":"product","link":"https:\/\/nordicmart.andreevmaster.com\/sv\/produkt\/songmics-justerbara-byxhangare-8-st-vit\/","title":{"rendered":"SONGMICS Justerbara byxh\u00e4ngare 8 st Vit"},"content":{"rendered":"<p>Byxh\u00e4ngaren \u00e4r inte bara l\u00e4mplig f\u00f6r byxor, utan du kan sj\u00e4lvklart ocks\u00e5 h\u00e4nga upp kjolar, silkescarf eller handdukar p\u00e5 ett skonsamt s\u00e4tt utan att de blir skrynkliga. P\u00e5 s\u00e5 s\u00e4tt sparar du tid p\u00e5 att st\u00e4da upp i din garderob. Med sitt eleganta utseende i naturlig f\u00e4rgton blir denna SONGMICS byxh\u00e4ngare ett riktigt blickf\u00e5ng i din garderob. De \u00e4r inte bara vackra att titta p\u00e5, utan fyller ocks\u00e5 sin funktion perfekt. Irriterar det dig att dina kjolar eller byxor ofta glider av galgen och hamnar p\u00e5 golvet? Letar du efter passande kl\u00e4mgalgar? Songmics kl\u00e4mgalg i tr\u00e4 \u00e4r ditt b\u00e4sta val. Den \u00e4r speciellt utformad f\u00f6r att h\u00e4nga upp byxor\/kjolar. Kl\u00e4mmorna \u00e4r justerbara i bredden (max. 31 cm), s\u00e5 att \u00e4ven mindre byxor eller kjolar passar. Den f\u00f6rkromade metallkroken \u00e4r elegant, gl\u00e4nsande och h\u00e5llbar. De \u00e4r ocks\u00e5 vridbara runt om, vilket \u00e4r praktiskt f\u00f6r olika rumsf\u00f6rh\u00e5llanden. SONGMICS byxh\u00e4ngare kommer s\u00e4kert att bli din familjs &#8221;duktiga assistent&#8221;. Produktdetaljer:F\u00e4rg: Vit Material: Schima-tr\u00e4 + PVC-belagd + f\u00f6rkromad metallkrok M\u00e5tt: 35,5 x 1,1 x 16,2 cm (L x B x H) Krokens h\u00f6jd: 7 cm Krokens bredd: 4,8 cm Vikt: 1,5 kg Leveransomfattning: 8 x byx- och kjolh\u00e4ngare SONGMICS Anvisningar:Undvik att h\u00e4ngarna ligger l\u00e4nge i rum med h\u00f6g luftfuktighet och temperatur. Annars kan kl\u00e4dh\u00e4ngarna l\u00e4tt m\u00f6gla. Reng\u00f6r genom att torka av ytan med en l\u00e4tt fuktig trasa.<\/p>\n","protected":false},"excerpt":{"rendered":"<p>SONGMICS 8 x tr\u00e4h\u00e4ngare byxh\u00e4ngare byxh\u00e4ngare f\u00f6r byxor kjolar halkfria av schimatre 35,5 cm CRW008-8<\/p>\n","protected":false},"featured_media":39460,"comment_status":"open","ping_status":"closed","template":"","meta":[],"product_brand":[],"product_cat":[33],"product_tag":[],"class_list":{"0":"post-10921","1":"product","2":"type-product","3":"status-publish","4":"has-post-thumbnail","6":"product_cat-okategoriserad","8":"first","9":"instock","10":"shipping-taxable","11":"purchasable","12":"product-type-simple"},"_links":{"self":[{"href":"https:\/\/nordicmart.andreevmaster.com\/sv\/wp-json\/wp\/v2\/product\/10921","targetHints":{"allow":["GET"]}}],"collection":[{"href":"https:\/\/nordicmart.andreevmaster.com\/sv\/wp-json\/wp\/v2\/product"}],"about":[{"href":"https:\/\/nordicmart.andreevmaster.com\/sv\/wp-json\/wp\/v2\/types\/product"}],"replies":[{"embeddable":true,"href":"https:\/\/nordicmart.andreevmaster.com\/sv\/wp-json\/wp\/v2\/comments?post=10921"}],"wp:featuredmedia":[{"embeddable":true,"href":"https:\/\/nordicmart.andreevmaster.com\/sv\/wp-json\/wp\/v2\/media\/39460"}],"wp:attachment":[{"href":"https:\/\/nordicmart.andreevmaster.com\/sv\/wp-json\/wp\/v2\/media?parent=10921"}],"wp:term":[{"taxonomy":"product_brand","embeddable":true,"href":"https:\/\/nordicmart.andreevmaster.com\/sv\/wp-json\/wp\/v2\/product_brand?post=10921"},{"taxonomy":"product_cat","embeddable":true,"href":"https:\/\/nordicmart.andreevmaster.com\/sv\/wp-json\/wp\/v2\/product_cat?post=10921"},{"taxonomy":"product_tag","embeddable":true,"href":"https:\/\/nordicmart.andreevmaster.com\/sv\/wp-json\/wp\/v2\/product_tag?post=10921"}],"curies":[{"name":"wp","href":"https:\/\/api.w.org\/{rel}","templated":true}]}}