{"id":10920,"date":"2026-02-27T00:08:46","date_gmt":"2026-02-27T00:08:46","guid":{"rendered":"https:\/\/nordicmart.andreevmaster.com\/product\/songmics-justerbara-byxhangare-8-st-bruna\/"},"modified":"2026-02-27T08:04:08","modified_gmt":"2026-02-27T08:04:08","slug":"songmics-justerbara-byxhangare-8-st-bruna","status":"publish","type":"product","link":"https:\/\/nordicmart.andreevmaster.com\/sv\/produkt\/songmics-justerbara-byxhangare-8-st-bruna\/","title":{"rendered":"SONGMICS Justerbara byxh\u00e4ngare 8 st Bruna"},"content":{"rendered":"<p>SONGMICS 8 x tr\u00e4h\u00e4ngare byxh\u00e4ngare byxh\u00e4ngare f\u00f6r byxor kjolar halkfria av schimatre 35,5 cm CRW008-8<\/p>\n","protected":false},"excerpt":{"rendered":"<p>SONGMICS 8 x tr\u00e4h\u00e4ngare byxh\u00e4ngare byxh\u00e4ngare f\u00f6r byxor kjolar halkfria av schimatre 35,5 cm CRW008-8<\/p>\n","protected":false},"featured_media":39459,"comment_status":"open","ping_status":"closed","template":"","meta":[],"product_brand":[],"product_cat":[33],"product_tag":[],"class_list":{"0":"post-10920","1":"product","2":"type-product","3":"status-publish","4":"has-post-thumbnail","6":"product_cat-okategoriserad","8":"first","9":"instock","10":"shipping-taxable","11":"purchasable","12":"product-type-simple"},"_links":{"self":[{"href":"https:\/\/nordicmart.andreevmaster.com\/sv\/wp-json\/wp\/v2\/product\/10920","targetHints":{"allow":["GET"]}}],"collection":[{"href":"https:\/\/nordicmart.andreevmaster.com\/sv\/wp-json\/wp\/v2\/product"}],"about":[{"href":"https:\/\/nordicmart.andreevmaster.com\/sv\/wp-json\/wp\/v2\/types\/product"}],"replies":[{"embeddable":true,"href":"https:\/\/nordicmart.andreevmaster.com\/sv\/wp-json\/wp\/v2\/comments?post=10920"}],"wp:featuredmedia":[{"embeddable":true,"href":"https:\/\/nordicmart.andreevmaster.com\/sv\/wp-json\/wp\/v2\/media\/39459"}],"wp:attachment":[{"href":"https:\/\/nordicmart.andreevmaster.com\/sv\/wp-json\/wp\/v2\/media?parent=10920"}],"wp:term":[{"taxonomy":"product_brand","embeddable":true,"href":"https:\/\/nordicmart.andreevmaster.com\/sv\/wp-json\/wp\/v2\/product_brand?post=10920"},{"taxonomy":"product_cat","embeddable":true,"href":"https:\/\/nordicmart.andreevmaster.com\/sv\/wp-json\/wp\/v2\/product_cat?post=10920"},{"taxonomy":"product_tag","embeddable":true,"href":"https:\/\/nordicmart.andreevmaster.com\/sv\/wp-json\/wp\/v2\/product_tag?post=10920"}],"curies":[{"name":"wp","href":"https:\/\/api.w.org\/{rel}","templated":true}]}}