{"id":10919,"date":"2026-02-27T00:08:46","date_gmt":"2026-02-27T00:08:46","guid":{"rendered":"https:\/\/nordicmart.andreevmaster.com\/product\/songmics-byxhangare-schimaholz-8-stycken\/"},"modified":"2026-02-27T08:04:08","modified_gmt":"2026-02-27T08:04:08","slug":"songmics-byxhangare-schimaholz-8-stycken","status":"publish","type":"product","link":"https:\/\/nordicmart.andreevmaster.com\/sv\/produkt\/songmics-byxhangare-schimaholz-8-stycken\/","title":{"rendered":"SONGMICS byxh\u00e4ngare Schimaholz 8 stycken"},"content":{"rendered":"<p>Irriterar det dig att dina kjolar eller byxor ofta glider av galgen och hamnar p\u00e5 golvet? Letar du efter passande kl\u00e4mgalgar? Songmics kl\u00e4mgalg i tr\u00e4 \u00e4r ditt b\u00e4sta val. Den \u00e4r speciellt utformad f\u00f6r att h\u00e4nga upp byxor\/kjolar. Kl\u00e4mmorna \u00e4r justerbara i bredden (max. 31 cm), s\u00e5 att \u00e4ven mindre byxor eller kjolar passar. Den f\u00f6rkromade metallkroken \u00e4r elegant, gl\u00e4nsande och h\u00e5llbar. De \u00e4r ocks\u00e5 vridbara runt om, vilket \u00e4r praktiskt f\u00f6r olika rumsf\u00f6rh\u00e5llanden.  Songmics byxh\u00e4ngare kommer garanterat att bli din familjs &#8221;duktiga assistent&#8221;. Produktdetaljer: &#8211; Material: Schima-tr\u00e4 + PVC-belagt + f\u00f6rkromad metallkrok &#8211; F\u00e4rg: tr\u00e4f\u00e4rgad &#8211; M\u00e5tt: 35,5 x 16,2 x 1,1 cm (B x H x D)  &#8211; Krokens h\u00f6jd: 7 cm  &#8211; Krokens bredd: 4,8 cm  &#8211; Bruttovikt: 1,48 kg   Leveransomfattning:  &#8211; 8 x byx- och kjolh\u00e4ngare Obs:  &#8211; Undvik att h\u00e4ngarna ligger l\u00e4nge i rum med h\u00f6g luftfuktighet och temperatur. Annars kan kl\u00e4dh\u00e4ngarna l\u00e4tt m\u00f6gla. F\u00f6r reng\u00f6ring, torka av ytan med en l\u00e4tt fuktig trasa.<\/p>\n","protected":false},"excerpt":{"rendered":"<p>SONGMICS 8 x tr\u00e4h\u00e4ngare byxh\u00e4ngare byxh\u00e4ngare f\u00f6r byxor kjolar halkfria av schimatre 35,5 cm CRW008-8<\/p>\n","protected":false},"featured_media":39458,"comment_status":"open","ping_status":"closed","template":"","meta":[],"product_brand":[],"product_cat":[33],"product_tag":[],"class_list":{"0":"post-10919","1":"product","2":"type-product","3":"status-publish","4":"has-post-thumbnail","6":"product_cat-okategoriserad","8":"first","9":"instock","10":"shipping-taxable","11":"purchasable","12":"product-type-simple"},"_links":{"self":[{"href":"https:\/\/nordicmart.andreevmaster.com\/sv\/wp-json\/wp\/v2\/product\/10919","targetHints":{"allow":["GET"]}}],"collection":[{"href":"https:\/\/nordicmart.andreevmaster.com\/sv\/wp-json\/wp\/v2\/product"}],"about":[{"href":"https:\/\/nordicmart.andreevmaster.com\/sv\/wp-json\/wp\/v2\/types\/product"}],"replies":[{"embeddable":true,"href":"https:\/\/nordicmart.andreevmaster.com\/sv\/wp-json\/wp\/v2\/comments?post=10919"}],"wp:featuredmedia":[{"embeddable":true,"href":"https:\/\/nordicmart.andreevmaster.com\/sv\/wp-json\/wp\/v2\/media\/39458"}],"wp:attachment":[{"href":"https:\/\/nordicmart.andreevmaster.com\/sv\/wp-json\/wp\/v2\/media?parent=10919"}],"wp:term":[{"taxonomy":"product_brand","embeddable":true,"href":"https:\/\/nordicmart.andreevmaster.com\/sv\/wp-json\/wp\/v2\/product_brand?post=10919"},{"taxonomy":"product_cat","embeddable":true,"href":"https:\/\/nordicmart.andreevmaster.com\/sv\/wp-json\/wp\/v2\/product_cat?post=10919"},{"taxonomy":"product_tag","embeddable":true,"href":"https:\/\/nordicmart.andreevmaster.com\/sv\/wp-json\/wp\/v2\/product_tag?post=10919"}],"curies":[{"name":"wp","href":"https:\/\/api.w.org\/{rel}","templated":true}]}}