{"id":10918,"date":"2026-02-27T00:08:46","date_gmt":"2026-02-27T00:08:46","guid":{"rendered":"https:\/\/nordicmart.andreevmaster.com\/product\/songmics-byxhangare-8-pack-naturfargade\/"},"modified":"2026-02-27T08:04:08","modified_gmt":"2026-02-27T08:04:08","slug":"songmics-byxhangare-8-pack-naturfargade","status":"publish","type":"product","link":"https:\/\/nordicmart.andreevmaster.com\/sv\/produkt\/songmics-byxhangare-8-pack-naturfargade\/","title":{"rendered":"SONGMICS Byxh\u00e4ngare, 8-pack, naturf\u00e4rgade"},"content":{"rendered":"<p>Produktdetaljer: F\u00e4rg: Naturf\u00e4rger Material: Massivt tr\u00e4, filt, ABS-plast, f\u00f6rkromad metall Storlek per h\u00e4ngare: 25 x 2,2 x 17 cm (L x B x H) Totalvikt: 1,1 kg Max. statisk belastningskapacitet per h\u00e4ngare: 2 kg Leveransomfattning: 8 x byxh\u00e4ngare SONGMICS Anvisningar:Anv\u00e4nd inte galgarna under l\u00e4ngre tid i milj\u00f6er med h\u00f6g temperatur eller h\u00f6g luftfuktighet f\u00f6r att undvika skador som lackflagnande. H\u00e4ng inte v\u00e5ta kl\u00e4der p\u00e5 galgarna.<\/p>\n","protected":false},"excerpt":{"rendered":"<p>SONGMICS Byxh\u00e4ngare, 12 st, kl\u00e4dh\u00e4ngare av tr\u00e4, byxh\u00e4ngare, halkfri, f\u00f6rkromad krok, 360 graders vridbar, CRW007-12, natur<\/p>\n","protected":false},"featured_media":39457,"comment_status":"open","ping_status":"closed","template":"","meta":[],"product_brand":[],"product_cat":[33],"product_tag":[],"class_list":{"0":"post-10918","1":"product","2":"type-product","3":"status-publish","4":"has-post-thumbnail","6":"product_cat-okategoriserad","8":"first","9":"instock","10":"shipping-taxable","11":"purchasable","12":"product-type-simple"},"_links":{"self":[{"href":"https:\/\/nordicmart.andreevmaster.com\/sv\/wp-json\/wp\/v2\/product\/10918","targetHints":{"allow":["GET"]}}],"collection":[{"href":"https:\/\/nordicmart.andreevmaster.com\/sv\/wp-json\/wp\/v2\/product"}],"about":[{"href":"https:\/\/nordicmart.andreevmaster.com\/sv\/wp-json\/wp\/v2\/types\/product"}],"replies":[{"embeddable":true,"href":"https:\/\/nordicmart.andreevmaster.com\/sv\/wp-json\/wp\/v2\/comments?post=10918"}],"wp:featuredmedia":[{"embeddable":true,"href":"https:\/\/nordicmart.andreevmaster.com\/sv\/wp-json\/wp\/v2\/media\/39457"}],"wp:attachment":[{"href":"https:\/\/nordicmart.andreevmaster.com\/sv\/wp-json\/wp\/v2\/media?parent=10918"}],"wp:term":[{"taxonomy":"product_brand","embeddable":true,"href":"https:\/\/nordicmart.andreevmaster.com\/sv\/wp-json\/wp\/v2\/product_brand?post=10918"},{"taxonomy":"product_cat","embeddable":true,"href":"https:\/\/nordicmart.andreevmaster.com\/sv\/wp-json\/wp\/v2\/product_cat?post=10918"},{"taxonomy":"product_tag","embeddable":true,"href":"https:\/\/nordicmart.andreevmaster.com\/sv\/wp-json\/wp\/v2\/product_tag?post=10918"}],"curies":[{"name":"wp","href":"https:\/\/api.w.org\/{rel}","templated":true}]}}