{"id":10917,"date":"2026-02-27T00:08:46","date_gmt":"2026-02-27T00:08:46","guid":{"rendered":"https:\/\/nordicmart.andreevmaster.com\/product\/songmics-klamhangare-schimaholz-12-stycken\/"},"modified":"2026-02-27T08:04:08","modified_gmt":"2026-02-27T08:04:08","slug":"songmics-klamhangare-schimaholz-12-stycken","status":"publish","type":"product","link":"https:\/\/nordicmart.andreevmaster.com\/sv\/produkt\/songmics-klamhangare-schimaholz-12-stycken\/","title":{"rendered":"SONGMICS kl\u00e4mh\u00e4ngare Schimaholz 12 stycken"},"content":{"rendered":"<p>F\u00e4stet av h\u00f6gh\u00e5llfast ABS-plast \u00e4r s\u00e4rskilt robust och smidigt. Det garanterar l\u00e5ng livsl\u00e4ngd \u00e4ven vid kraftig hantering. Produktdetaljer: M\u00e5tt: 25 x 17 x 2,2 cm (B x H x D) F\u00e4rg: tr\u00e4f\u00e4rgad Material: Schima-tr\u00e4 + f\u00f6rkromad kl\u00e4dh\u00e4ngare + filtinl\u00e4gg Vikt (12 x): 1,56 kg Bruttovikt: 1,8 kg Leveransomfattning: 12 x byxh\u00e4ngare Anvisningar: Undvik att f\u00f6rvara kl\u00e4dh\u00e4ngarna under l\u00e5ng tid i rum med h\u00f6g luftfuktighet och temperatur.Ej l\u00e4mplig f\u00f6r v\u00e5ta kl\u00e4der! Anv\u00e4nd en torr trasa vid reng\u00f6ring. En galge kan endast h\u00e4nga upp ett plagg.<\/p>\n","protected":false},"excerpt":{"rendered":"<p>SONGMICS Byxh\u00e4ngare, 12 st, kl\u00e4dh\u00e4ngare av tr\u00e4, byxh\u00e4ngare, halkfri, f\u00f6rkromad krok, 360 graders vridbar, CRW007-12, natur<\/p>\n","protected":false},"featured_media":39456,"comment_status":"open","ping_status":"closed","template":"","meta":[],"product_brand":[],"product_cat":[33],"product_tag":[],"class_list":{"0":"post-10917","1":"product","2":"type-product","3":"status-publish","4":"has-post-thumbnail","6":"product_cat-okategoriserad","8":"first","9":"instock","10":"shipping-taxable","11":"purchasable","12":"product-type-simple"},"_links":{"self":[{"href":"https:\/\/nordicmart.andreevmaster.com\/sv\/wp-json\/wp\/v2\/product\/10917","targetHints":{"allow":["GET"]}}],"collection":[{"href":"https:\/\/nordicmart.andreevmaster.com\/sv\/wp-json\/wp\/v2\/product"}],"about":[{"href":"https:\/\/nordicmart.andreevmaster.com\/sv\/wp-json\/wp\/v2\/types\/product"}],"replies":[{"embeddable":true,"href":"https:\/\/nordicmart.andreevmaster.com\/sv\/wp-json\/wp\/v2\/comments?post=10917"}],"wp:featuredmedia":[{"embeddable":true,"href":"https:\/\/nordicmart.andreevmaster.com\/sv\/wp-json\/wp\/v2\/media\/39456"}],"wp:attachment":[{"href":"https:\/\/nordicmart.andreevmaster.com\/sv\/wp-json\/wp\/v2\/media?parent=10917"}],"wp:term":[{"taxonomy":"product_brand","embeddable":true,"href":"https:\/\/nordicmart.andreevmaster.com\/sv\/wp-json\/wp\/v2\/product_brand?post=10917"},{"taxonomy":"product_cat","embeddable":true,"href":"https:\/\/nordicmart.andreevmaster.com\/sv\/wp-json\/wp\/v2\/product_cat?post=10917"},{"taxonomy":"product_tag","embeddable":true,"href":"https:\/\/nordicmart.andreevmaster.com\/sv\/wp-json\/wp\/v2\/product_tag?post=10917"}],"curies":[{"name":"wp","href":"https:\/\/api.w.org\/{rel}","templated":true}]}}