{"id":10916,"date":"2026-02-27T00:08:46","date_gmt":"2026-02-27T00:08:46","guid":{"rendered":"https:\/\/nordicmart.andreevmaster.com\/product\/songmics-barnkladhangare-av-massivt-tra\/"},"modified":"2026-02-27T08:04:08","modified_gmt":"2026-02-27T08:04:08","slug":"songmics-barnkladhangare-av-massivt-tra","status":"publish","type":"product","link":"https:\/\/nordicmart.andreevmaster.com\/sv\/produkt\/songmics-barnkladhangare-av-massivt-tra\/","title":{"rendered":"SONGMICS barnkl\u00e4dh\u00e4ngare av massivt tr\u00e4"},"content":{"rendered":"<p>Problemfri morgonrutin Fr\u00e5n och med nu beh\u00f6ver varken du eller dina barn rota igenom o\u00f6versk\u00e5dliga kl\u00e4dh\u00f6gar! Med dessa barnkl\u00e4dh\u00e4ngare fr\u00e5n SONGMICS h\u00e4nger alla dina sm\u00e5ttings kl\u00e4der snyggt i garderoben s\u00e5 att du kan hitta dem med ett \u00f6gonkast. Det inneb\u00e4r att det blir mer tid \u00f6ver f\u00f6r en god frukost innan det \u00e4r dags att g\u00e5 till skolan. S\u00e5 h\u00e5ller barnkl\u00e4derna formen Ordning \u00e4r halva livet. Det b\u00f6r \u00e4ven sm\u00e5 barn l\u00e4ra sig. Med dessa 10 s\u00f6ta barnkl\u00e4dh\u00e4ngare blir det till och med roligt att st\u00e4da i garderoben. Den sl\u00e4ta ytan och de rundade \u00e4ndarna skyddar dessutom dina barns kl\u00e4der fr\u00e5n bucklor och veck, s\u00e5 att de alltid kan g\u00e5 till sina v\u00e4nner eller till skolan perfekt kl\u00e4dda. Produktdetaljer: &#8211; F\u00e4rg: Vit &#8211; Material: l\u00f6nntr\u00e4, f\u00f6rkromad krok &#8211; Storlek per galge: 35 x 1,2 x 20 cm (L x B x H) &#8211; Storlek krok: 5 x 6,5 cm (\u00d8 x H) &#8211; Totalvikt: 1 kg &#8211; Max. statisk belastningskapacitet per galge: 5 kg Leveransomfattning: &#8211; 10 x galgar f\u00f6r barn SONGMICS Anm\u00e4rkningar:- Den maximala belastningskapaciteten per galge \u00e4r 5 kg. \u00d6verskrid inte denna maximala vikt. &#8211; Den maximala belastningskapaciteten avser statiska vikter. &#8211; Anv\u00e4nd inte dessa kl\u00e4dh\u00e4ngare i torktumlare eller tv\u00e4ttmaskin.<\/p>\n","protected":false},"excerpt":{"rendered":"<p>SONGMICS Songmics barnkl\u00e4dh\u00e4ngare, 20 stycken, tr\u00e4, natur, 35 cm<\/p>\n","protected":false},"featured_media":39455,"comment_status":"open","ping_status":"closed","template":"","meta":[],"product_brand":[],"product_cat":[33],"product_tag":[],"class_list":{"0":"post-10916","1":"product","2":"type-product","3":"status-publish","4":"has-post-thumbnail","6":"product_cat-okategoriserad","8":"first","9":"instock","10":"shipping-taxable","11":"purchasable","12":"product-type-simple"},"_links":{"self":[{"href":"https:\/\/nordicmart.andreevmaster.com\/sv\/wp-json\/wp\/v2\/product\/10916","targetHints":{"allow":["GET"]}}],"collection":[{"href":"https:\/\/nordicmart.andreevmaster.com\/sv\/wp-json\/wp\/v2\/product"}],"about":[{"href":"https:\/\/nordicmart.andreevmaster.com\/sv\/wp-json\/wp\/v2\/types\/product"}],"replies":[{"embeddable":true,"href":"https:\/\/nordicmart.andreevmaster.com\/sv\/wp-json\/wp\/v2\/comments?post=10916"}],"wp:featuredmedia":[{"embeddable":true,"href":"https:\/\/nordicmart.andreevmaster.com\/sv\/wp-json\/wp\/v2\/media\/39455"}],"wp:attachment":[{"href":"https:\/\/nordicmart.andreevmaster.com\/sv\/wp-json\/wp\/v2\/media?parent=10916"}],"wp:term":[{"taxonomy":"product_brand","embeddable":true,"href":"https:\/\/nordicmart.andreevmaster.com\/sv\/wp-json\/wp\/v2\/product_brand?post=10916"},{"taxonomy":"product_cat","embeddable":true,"href":"https:\/\/nordicmart.andreevmaster.com\/sv\/wp-json\/wp\/v2\/product_cat?post=10916"},{"taxonomy":"product_tag","embeddable":true,"href":"https:\/\/nordicmart.andreevmaster.com\/sv\/wp-json\/wp\/v2\/product_tag?post=10916"}],"curies":[{"name":"wp","href":"https:\/\/api.w.org\/{rel}","templated":true}]}}