{"id":10914,"date":"2026-02-27T00:08:46","date_gmt":"2026-02-27T00:08:46","guid":{"rendered":"https:\/\/nordicmart.andreevmaster.com\/product\/songmics-barnkladhangare-i-lonntra-20-stycken\/"},"modified":"2026-02-27T08:04:07","modified_gmt":"2026-02-27T08:04:07","slug":"songmics-barnkladhangare-i-lonntra-20-stycken","status":"publish","type":"product","link":"https:\/\/nordicmart.andreevmaster.com\/sv\/produkt\/songmics-barnkladhangare-i-lonntra-20-stycken\/","title":{"rendered":"SONGMICS barnkl\u00e4dh\u00e4ngare i l\u00f6nntr\u00e4, 20 stycken"},"content":{"rendered":"<p>Produktdetaljer:  &#8211; Material: l\u00f6nntr\u00e4  &#8211; F\u00e4rg: natur  &#8211; H\u00f6glekrok: 7 cm  &#8211; Bredlekrok: 5 cm Beskrivning:  &#8211; H\u00f6gkvalitativ barnkl\u00e4dh\u00e4ngare i l\u00f6nntr\u00e4 med sl\u00e4t yta, stabil och  h\u00e5llbar. &#8211; Tack vare rundningarna p\u00e5 b\u00e5da sidor motverkas veck och skrynklor  effektivt n\u00e4r kl\u00e4derna h\u00e4ngs upp.  Leveransomf\u00e5ng: &#8211; 20 x barnkl\u00e4dh\u00e4ngare<\/p>\n","protected":false},"excerpt":{"rendered":"<p>SONGMICS Songmics barnkl\u00e4dh\u00e4ngare, 20 stycken, tr\u00e4, natur, 35 cm<\/p>\n","protected":false},"featured_media":39453,"comment_status":"open","ping_status":"closed","template":"","meta":[],"product_brand":[],"product_cat":[33],"product_tag":[],"class_list":{"0":"post-10914","1":"product","2":"type-product","3":"status-publish","4":"has-post-thumbnail","6":"product_cat-okategoriserad","8":"first","9":"instock","10":"shipping-taxable","11":"purchasable","12":"product-type-simple"},"_links":{"self":[{"href":"https:\/\/nordicmart.andreevmaster.com\/sv\/wp-json\/wp\/v2\/product\/10914","targetHints":{"allow":["GET"]}}],"collection":[{"href":"https:\/\/nordicmart.andreevmaster.com\/sv\/wp-json\/wp\/v2\/product"}],"about":[{"href":"https:\/\/nordicmart.andreevmaster.com\/sv\/wp-json\/wp\/v2\/types\/product"}],"replies":[{"embeddable":true,"href":"https:\/\/nordicmart.andreevmaster.com\/sv\/wp-json\/wp\/v2\/comments?post=10914"}],"wp:featuredmedia":[{"embeddable":true,"href":"https:\/\/nordicmart.andreevmaster.com\/sv\/wp-json\/wp\/v2\/media\/39453"}],"wp:attachment":[{"href":"https:\/\/nordicmart.andreevmaster.com\/sv\/wp-json\/wp\/v2\/media?parent=10914"}],"wp:term":[{"taxonomy":"product_brand","embeddable":true,"href":"https:\/\/nordicmart.andreevmaster.com\/sv\/wp-json\/wp\/v2\/product_brand?post=10914"},{"taxonomy":"product_cat","embeddable":true,"href":"https:\/\/nordicmart.andreevmaster.com\/sv\/wp-json\/wp\/v2\/product_cat?post=10914"},{"taxonomy":"product_tag","embeddable":true,"href":"https:\/\/nordicmart.andreevmaster.com\/sv\/wp-json\/wp\/v2\/product_tag?post=10914"}],"curies":[{"name":"wp","href":"https:\/\/api.w.org\/{rel}","templated":true}]}}