{"id":10913,"date":"2026-02-27T00:08:45","date_gmt":"2026-02-27T00:08:45","guid":{"rendered":"https:\/\/nordicmart.andreevmaster.com\/product\/songmics-enkla-galgar-20-stycken-vita\/"},"modified":"2026-02-27T08:04:07","modified_gmt":"2026-02-27T08:04:07","slug":"songmics-enkla-galgar-20-stycken-vita","status":"publish","type":"product","link":"https:\/\/nordicmart.andreevmaster.com\/sv\/produkt\/songmics-enkla-galgar-20-stycken-vita\/","title":{"rendered":"SONGMICS Enkla galgar 20 stycken Vita"},"content":{"rendered":"<p>Praktiska axelsk\u00e5ror Sk\u00e5rorna p\u00e5 b\u00e5da sidor \u00e4r speciellt utformade f\u00f6r kl\u00e4der med h\u00e4llor, och den sl\u00e4ta ytan skyddar dina kl\u00e4der fr\u00e5n repor. Stabil konstruktion Kl\u00e4dh\u00e4ngaren i naturligt massivt tr\u00e4 har en h\u00f6gkvalitativ lackering, \u00e4r robust och h\u00e5llbar och kan anv\u00e4ndas f\u00f6r att h\u00e4nga upp kjolar, rockar, skjortor, tr\u00f6jor, jackor etc. H\u00e5ller upp till 5 kg.360\u00b0 vridbar krok Den f\u00f6rkromade kroken \u00e4r rostfri och 360\u00b0 vridbarheten g\u00f6r det enkelt att h\u00e4nga upp\/ta ner dina kl\u00e4der.Produktdetaljer: F\u00e4rg: Vit Material: L\u00f6nntr\u00e4 Storlek per galge: 44 x 1,2 x 23,5 cm (L x B x H) Totalvikt: 1,9 kg Max. statisk belastningskapacitet per galge: 5 kg Leveransomfattning: 20 x kl\u00e4dh\u00e4ngare SONGMICS Anm\u00e4rkningar: Den maximala belastningskapaciteten per galge \u00e4r 5 kg. \u00d6verskrid inte denna maximala vikt. Den maximala belastningskapaciteten avser statiska vikter. Anv\u00e4nd inte dessa kl\u00e4dh\u00e4ngare i torktumlare eller tv\u00e4ttmaskin.<\/p>\n","protected":false},"excerpt":{"rendered":"<p>SONGMICS kl\u00e4dh\u00e4ngare i massivt tr\u00e4, 20 stycken, tr\u00e4h\u00e4ngare med sk\u00e5ror, 360\u00b0 vridbar krok, halkfri, f\u00f6r rockar, kostymer, jackor, skjortor, vit CRW003WT20<\/p>\n","protected":false},"featured_media":39452,"comment_status":"open","ping_status":"closed","template":"","meta":[],"product_brand":[],"product_cat":[33],"product_tag":[],"class_list":{"0":"post-10913","1":"product","2":"type-product","3":"status-publish","4":"has-post-thumbnail","6":"product_cat-okategoriserad","8":"first","9":"instock","10":"shipping-taxable","11":"purchasable","12":"product-type-simple"},"_links":{"self":[{"href":"https:\/\/nordicmart.andreevmaster.com\/sv\/wp-json\/wp\/v2\/product\/10913","targetHints":{"allow":["GET"]}}],"collection":[{"href":"https:\/\/nordicmart.andreevmaster.com\/sv\/wp-json\/wp\/v2\/product"}],"about":[{"href":"https:\/\/nordicmart.andreevmaster.com\/sv\/wp-json\/wp\/v2\/types\/product"}],"replies":[{"embeddable":true,"href":"https:\/\/nordicmart.andreevmaster.com\/sv\/wp-json\/wp\/v2\/comments?post=10913"}],"wp:featuredmedia":[{"embeddable":true,"href":"https:\/\/nordicmart.andreevmaster.com\/sv\/wp-json\/wp\/v2\/media\/39452"}],"wp:attachment":[{"href":"https:\/\/nordicmart.andreevmaster.com\/sv\/wp-json\/wp\/v2\/media?parent=10913"}],"wp:term":[{"taxonomy":"product_brand","embeddable":true,"href":"https:\/\/nordicmart.andreevmaster.com\/sv\/wp-json\/wp\/v2\/product_brand?post=10913"},{"taxonomy":"product_cat","embeddable":true,"href":"https:\/\/nordicmart.andreevmaster.com\/sv\/wp-json\/wp\/v2\/product_cat?post=10913"},{"taxonomy":"product_tag","embeddable":true,"href":"https:\/\/nordicmart.andreevmaster.com\/sv\/wp-json\/wp\/v2\/product_tag?post=10913"}],"curies":[{"name":"wp","href":"https:\/\/api.w.org\/{rel}","templated":true}]}}