{"id":10912,"date":"2026-02-27T00:08:45","date_gmt":"2026-02-27T00:08:45","guid":{"rendered":"https:\/\/nordicmart.andreevmaster.com\/product\/songmics-kladhangare-med-skaror\/"},"modified":"2026-02-27T08:04:07","modified_gmt":"2026-02-27T08:04:07","slug":"songmics-kladhangare-med-skaror","status":"publish","type":"product","link":"https:\/\/nordicmart.andreevmaster.com\/sv\/produkt\/songmics-kladhangare-med-skaror\/","title":{"rendered":"SONGMICS kl\u00e4dh\u00e4ngare med sk\u00e5ror"},"content":{"rendered":"<p>Med dessa kl\u00e4dh\u00e4ngare fr\u00e5n SONGMICS h\u00e5ller du dina kostymer och festkl\u00e4der i toppform. Kolla in h\u00f6jdpunkterna med dessa kl\u00e4dh\u00e4ngare: &#8211; V-formade sk\u00e5ror f\u00f6rhindrar att linne och kl\u00e4nningar med axelband glider av. &#8211; Den sl\u00e4ta, polerade ytan skyddar dina kl\u00e4der fr\u00e5n att repas. &#8211; Massivt l\u00f6nntr\u00e4 ger h\u00f6g stabilitet (max. belastning: 5 kg per h\u00e4ngare). &#8211; Tack vare de 360\u00b0 vridbara krokarna kan du v\u00e4nda p\u00e5 dina kl\u00e4der om du har h\u00e4ngt upp dem fel. Leveransomfattning: &#8211; 20 x kl\u00e4dh\u00e4ngare SONGMICS Anm\u00e4rkningar: &#8211; Den maximala belastningskapaciteten per h\u00e4ngare \u00e4r 5 kg. \u00d6verskrid inte denna maximala vikt. &#8211; Den maximala belastningskapaciteten avser statiska vikter.- Anv\u00e4nd inte dessa kl\u00e4dh\u00e4ngare i torktumlare eller tv\u00e4ttmaskin. Produktdetaljer: &#8211; F\u00e4rg: Svart &#8211; Material: L\u00f6nntr\u00e4 &#8211; Storlek per h\u00e4ngare: 44 x 1,2 x 23,5 cm (L x B x H) &#8211; Totalvikt: 1,9 kg &#8211; Max. statisk belastningskapacitet per h\u00e4ngare: 5 kg<\/p>\n","protected":false},"excerpt":{"rendered":"<p>SONGMICS kl\u00e4dh\u00e4ngare i massivt tr\u00e4, 20 stycken, tr\u00e4h\u00e4ngare med sk\u00e5ror, 360\u00b0 vridbar krok, halkfri, f\u00f6r rockar, kostymer, jackor, skjortor, vit CRW003WT20<\/p>\n","protected":false},"featured_media":39451,"comment_status":"open","ping_status":"closed","template":"","meta":[],"product_brand":[],"product_cat":[33],"product_tag":[],"class_list":{"0":"post-10912","1":"product","2":"type-product","3":"status-publish","4":"has-post-thumbnail","6":"product_cat-okategoriserad","8":"first","9":"instock","10":"shipping-taxable","11":"purchasable","12":"product-type-simple"},"_links":{"self":[{"href":"https:\/\/nordicmart.andreevmaster.com\/sv\/wp-json\/wp\/v2\/product\/10912","targetHints":{"allow":["GET"]}}],"collection":[{"href":"https:\/\/nordicmart.andreevmaster.com\/sv\/wp-json\/wp\/v2\/product"}],"about":[{"href":"https:\/\/nordicmart.andreevmaster.com\/sv\/wp-json\/wp\/v2\/types\/product"}],"replies":[{"embeddable":true,"href":"https:\/\/nordicmart.andreevmaster.com\/sv\/wp-json\/wp\/v2\/comments?post=10912"}],"wp:featuredmedia":[{"embeddable":true,"href":"https:\/\/nordicmart.andreevmaster.com\/sv\/wp-json\/wp\/v2\/media\/39451"}],"wp:attachment":[{"href":"https:\/\/nordicmart.andreevmaster.com\/sv\/wp-json\/wp\/v2\/media?parent=10912"}],"wp:term":[{"taxonomy":"product_brand","embeddable":true,"href":"https:\/\/nordicmart.andreevmaster.com\/sv\/wp-json\/wp\/v2\/product_brand?post=10912"},{"taxonomy":"product_cat","embeddable":true,"href":"https:\/\/nordicmart.andreevmaster.com\/sv\/wp-json\/wp\/v2\/product_cat?post=10912"},{"taxonomy":"product_tag","embeddable":true,"href":"https:\/\/nordicmart.andreevmaster.com\/sv\/wp-json\/wp\/v2\/product_tag?post=10912"}],"curies":[{"name":"wp","href":"https:\/\/api.w.org\/{rel}","templated":true}]}}