{"id":10911,"date":"2026-02-27T00:08:45","date_gmt":"2026-02-27T00:08:45","guid":{"rendered":"https:\/\/nordicmart.andreevmaster.com\/product\/songmics-enkla-galgar-20-stycken-lonn\/"},"modified":"2026-02-27T08:04:07","modified_gmt":"2026-02-27T08:04:07","slug":"songmics-enkla-galgar-20-stycken-lonn","status":"publish","type":"product","link":"https:\/\/nordicmart.andreevmaster.com\/sv\/produkt\/songmics-enkla-galgar-20-stycken-lonn\/","title":{"rendered":"SONGMICS Enkla galgar 20 stycken L\u00f6nn"},"content":{"rendered":"<p>Praktiska axelinkningar Ink\u00e4rningarna p\u00e5 b\u00e5da sidor \u00e4r speciellt utformade f\u00f6r kl\u00e4der med h\u00e4llor, och den sl\u00e4ta ytan skyddar dina kl\u00e4der fr\u00e5n repor. Stabil konstruktion Kl\u00e4dh\u00e4ngaren av naturligt massivt tr\u00e4 har en h\u00f6gkvalitativ lackering, \u00e4r robust och h\u00e5llbar och kan anv\u00e4ndas f\u00f6r att h\u00e4nga upp kjolar, rockar, skjortor, tr\u00f6jor, jackor etc. H\u00e5ller upp till 5 kg.360\u00b0 vridbar krok Den f\u00f6rkromade kroken \u00e4r rostfri och 360\u00b0-vridbarheten underl\u00e4ttar upph\u00e4ngning\/nedtagning av dina kl\u00e4der.Produktdetaljer: F\u00e4rg: naturf\u00e4rgad Material: massivt tr\u00e4 M\u00e5tt: 44 x 23,5 x 1,2 cm (B x H x D) Vikt: 1,9 kg Max. belastningskapacitet per kl\u00e4dh\u00e4ngare: 5 kg Leveransomfattning: 20 x tr\u00e4h\u00e4ngare SONGMICS Anm\u00e4rkningar:Undvik att anv\u00e4nda kl\u00e4dh\u00e4ngarna under l\u00e5ng tid vid h\u00f6ga temperaturer eller i fuktiga milj\u00f6er, eftersom detta kan leda till m\u00f6gel eller f\u00e4rgavskiljning. H\u00e4ng inte upp v\u00e5ta kl\u00e4der p\u00e5 kl\u00e4dh\u00e4ngarna. Torka av kl\u00e4dh\u00e4ngarna med en fuktig trasa. Tillverkare: SONGMICS<\/p>\n","protected":false},"excerpt":{"rendered":"<p>SONGMICS kl\u00e4dh\u00e4ngare i massivt tr\u00e4, 20 stycken, tr\u00e4h\u00e4ngare med sk\u00e5ror, 360\u00b0 vridbar krok, halkfri, f\u00f6r rockar, kostymer, jackor, skjortor, vit CRW003WT20<\/p>\n","protected":false},"featured_media":39450,"comment_status":"open","ping_status":"closed","template":"","meta":[],"product_brand":[],"product_cat":[33],"product_tag":[],"class_list":{"0":"post-10911","1":"product","2":"type-product","3":"status-publish","4":"has-post-thumbnail","6":"product_cat-okategoriserad","8":"first","9":"instock","10":"shipping-taxable","11":"purchasable","12":"product-type-simple"},"_links":{"self":[{"href":"https:\/\/nordicmart.andreevmaster.com\/sv\/wp-json\/wp\/v2\/product\/10911","targetHints":{"allow":["GET"]}}],"collection":[{"href":"https:\/\/nordicmart.andreevmaster.com\/sv\/wp-json\/wp\/v2\/product"}],"about":[{"href":"https:\/\/nordicmart.andreevmaster.com\/sv\/wp-json\/wp\/v2\/types\/product"}],"replies":[{"embeddable":true,"href":"https:\/\/nordicmart.andreevmaster.com\/sv\/wp-json\/wp\/v2\/comments?post=10911"}],"wp:featuredmedia":[{"embeddable":true,"href":"https:\/\/nordicmart.andreevmaster.com\/sv\/wp-json\/wp\/v2\/media\/39450"}],"wp:attachment":[{"href":"https:\/\/nordicmart.andreevmaster.com\/sv\/wp-json\/wp\/v2\/media?parent=10911"}],"wp:term":[{"taxonomy":"product_brand","embeddable":true,"href":"https:\/\/nordicmart.andreevmaster.com\/sv\/wp-json\/wp\/v2\/product_brand?post=10911"},{"taxonomy":"product_cat","embeddable":true,"href":"https:\/\/nordicmart.andreevmaster.com\/sv\/wp-json\/wp\/v2\/product_cat?post=10911"},{"taxonomy":"product_tag","embeddable":true,"href":"https:\/\/nordicmart.andreevmaster.com\/sv\/wp-json\/wp\/v2\/product_tag?post=10911"}],"curies":[{"name":"wp","href":"https:\/\/api.w.org\/{rel}","templated":true}]}}