{"id":10909,"date":"2026-02-27T00:08:45","date_gmt":"2026-02-27T00:08:45","guid":{"rendered":"https:\/\/nordicmart.andreevmaster.com\/product\/songmics-kladhangare-50-pack-med-krokar-i-roseguld\/"},"modified":"2026-02-27T08:04:07","modified_gmt":"2026-02-27T08:04:07","slug":"songmics-kladhangare-50-pack-med-krokar-i-roseguld","status":"publish","type":"product","link":"https:\/\/nordicmart.andreevmaster.com\/sv\/produkt\/songmics-kladhangare-50-pack-med-krokar-i-roseguld\/","title":{"rendered":"SONGMICS kl\u00e4dh\u00e4ngare 50-pack med krokar i ros\u00e9guld"},"content":{"rendered":"<p>Tycker du att det \u00e4r sv\u00e5rt att v\u00e4lja r\u00e4tt modell bland det stora utbudet av olika kl\u00e4dh\u00e4ngare?  Varf\u00f6r v\u00e4ljer du inte helt enkelt en klassisk variant i massivt tr\u00e4? Ibland \u00e4r enkla designs precis vad vi beh\u00f6ver.   Dessa kl\u00e4dh\u00e4ngare fr\u00e5n SONGMICS \u00e4r tillverkade av massivt l\u00f6nntr\u00e4, polerade och lackerade med en sl\u00e4t yta. De \u00e4r inte bara s\u00e4rskilt stabila och h\u00e5llbara, utan erbjuder ocks\u00e5 den perfekta bakgrunden f\u00f6r dina rockar, kostymer, skjortor, byxor, vinterjackor och jeans.  Produktdetaljer: &#8211; F\u00e4rg: Vit &#8211; Material: L\u00f6nntr\u00e4, metallkrokar &#8211; Storlek per galge: 44,5 x 1,2 x 23 cm (L x B x H) &#8211; Totalvikt: 5,9 kg &#8211; Max. statisk belastningskapacitet per galge: 5 kg Leveransomfattning: &#8211; 50 x kl\u00e4dh\u00e4ngare SONGMICS Anvisningar:- Anv\u00e4nd inte galgarna under en l\u00e4ngre tid i en milj\u00f6 med h\u00f6g temperatur eller h\u00f6g luftfuktighet f\u00f6r att undvika skador som lackflagnande. &#8211; Anv\u00e4nd inte dessa galgar i en torktumlare. &#8211; Torka av galgarna med en fuktig trasa f\u00f6r reng\u00f6ring.<\/p>\n","protected":false},"excerpt":{"rendered":"<p>SONGMICS kl\u00e4dh\u00e4ngare \u2013 10 stycken, kanter, med halkfri brygga, 360\u00b0 vridbar krok, CRW001-10, tr\u00e4, natur, 10<\/p>\n","protected":false},"featured_media":39448,"comment_status":"open","ping_status":"closed","template":"","meta":[],"product_brand":[],"product_cat":[33],"product_tag":[],"class_list":{"0":"post-10909","1":"product","2":"type-product","3":"status-publish","4":"has-post-thumbnail","6":"product_cat-okategoriserad","8":"first","9":"instock","10":"shipping-taxable","11":"purchasable","12":"product-type-simple"},"_links":{"self":[{"href":"https:\/\/nordicmart.andreevmaster.com\/sv\/wp-json\/wp\/v2\/product\/10909","targetHints":{"allow":["GET"]}}],"collection":[{"href":"https:\/\/nordicmart.andreevmaster.com\/sv\/wp-json\/wp\/v2\/product"}],"about":[{"href":"https:\/\/nordicmart.andreevmaster.com\/sv\/wp-json\/wp\/v2\/types\/product"}],"replies":[{"embeddable":true,"href":"https:\/\/nordicmart.andreevmaster.com\/sv\/wp-json\/wp\/v2\/comments?post=10909"}],"wp:featuredmedia":[{"embeddable":true,"href":"https:\/\/nordicmart.andreevmaster.com\/sv\/wp-json\/wp\/v2\/media\/39448"}],"wp:attachment":[{"href":"https:\/\/nordicmart.andreevmaster.com\/sv\/wp-json\/wp\/v2\/media?parent=10909"}],"wp:term":[{"taxonomy":"product_brand","embeddable":true,"href":"https:\/\/nordicmart.andreevmaster.com\/sv\/wp-json\/wp\/v2\/product_brand?post=10909"},{"taxonomy":"product_cat","embeddable":true,"href":"https:\/\/nordicmart.andreevmaster.com\/sv\/wp-json\/wp\/v2\/product_cat?post=10909"},{"taxonomy":"product_tag","embeddable":true,"href":"https:\/\/nordicmart.andreevmaster.com\/sv\/wp-json\/wp\/v2\/product_tag?post=10909"}],"curies":[{"name":"wp","href":"https:\/\/api.w.org\/{rel}","templated":true}]}}