{"id":10906,"date":"2026-02-27T00:08:44","date_gmt":"2026-02-27T00:08:44","guid":{"rendered":"https:\/\/nordicmart.andreevmaster.com\/product\/songmics-kladhangare-i-tra-20-pack\/"},"modified":"2026-02-27T08:04:06","modified_gmt":"2026-02-27T08:04:06","slug":"songmics-kladhangare-i-tra-20-pack","status":"publish","type":"product","link":"https:\/\/nordicmart.andreevmaster.com\/sv\/produkt\/songmics-kladhangare-i-tra-20-pack\/","title":{"rendered":"SONGMICS kl\u00e4dh\u00e4ngare i tr\u00e4, 20-pack"},"content":{"rendered":"<p>Tycker du att det \u00e4r sv\u00e5rt att v\u00e4lja r\u00e4tt kl\u00e4dh\u00e4ngare bland alla olika modeller? Varf\u00f6r inte \u00e5terg\u00e5 till klassikerna i din garderob med dessa kl\u00e4dh\u00e4ngare i massivt tr\u00e4? Ibland \u00e4r en enkel design allt vi beh\u00f6ver f\u00f6r att f\u00e5 jobbet gjort. Tillverkade av l\u00f6nntr\u00e4 som \u00e4r polerat och lackerat f\u00f6r en sl\u00e4t, finkornig yta. Detta paket med 20 kl\u00e4dh\u00e4ngare erbjuder inte bara styrka och h\u00e5llbarhet, utan \u00e4r ocks\u00e5 den ultimata bakgrunden f\u00f6r kostymer, skjortor, byxor, rockar, vinterjackor och tunga jeans. Specifikationer: &#8211; F\u00e4rg: natur &#8211; Material: l\u00f6nntr\u00e4, metallkrok &#8211; Storlek p\u00e5 enskild kl\u00e4dh\u00e4ngare: 44,5 x 1,2 x 23 cm (L x B x H) &#8211; Totalvikt: 2,2 kg &#8211; Max. statisk belastningskapacitet f\u00f6r en enskild kl\u00e4dh\u00e4ngare: 5 kg.Leveransomfattning: &#8211; 20 x kl\u00e4dh\u00e4ngare. SONGMICS Anvisningar: &#8211; Undvik att anv\u00e4nda kl\u00e4dh\u00e4ngarna vid h\u00f6ga temperaturer eller i fuktiga milj\u00f6er under l\u00e4ngre tid, eftersom detta kan leda till knarrande ljud eller f\u00e4rgavskiljning. &#8211; H\u00e4ng inte v\u00e5t tv\u00e4tt p\u00e5 kl\u00e4dh\u00e4ngarna. &#8211; Torka av kl\u00e4dh\u00e4ngaren med en fuktig trasa.<\/p>\n","protected":false},"excerpt":{"rendered":"<p>SONGMICS kl\u00e4dh\u00e4ngare \u2013 10 stycken, kanter, med halkfri brygga, 360\u00b0 vridbar krok, CRW001-10, tr\u00e4, natur, 10<\/p>\n","protected":false},"featured_media":39445,"comment_status":"open","ping_status":"closed","template":"","meta":[],"product_brand":[],"product_cat":[33],"product_tag":[],"class_list":{"0":"post-10906","1":"product","2":"type-product","3":"status-publish","4":"has-post-thumbnail","6":"product_cat-okategoriserad","8":"first","9":"instock","10":"shipping-taxable","11":"purchasable","12":"product-type-simple"},"_links":{"self":[{"href":"https:\/\/nordicmart.andreevmaster.com\/sv\/wp-json\/wp\/v2\/product\/10906","targetHints":{"allow":["GET"]}}],"collection":[{"href":"https:\/\/nordicmart.andreevmaster.com\/sv\/wp-json\/wp\/v2\/product"}],"about":[{"href":"https:\/\/nordicmart.andreevmaster.com\/sv\/wp-json\/wp\/v2\/types\/product"}],"replies":[{"embeddable":true,"href":"https:\/\/nordicmart.andreevmaster.com\/sv\/wp-json\/wp\/v2\/comments?post=10906"}],"wp:featuredmedia":[{"embeddable":true,"href":"https:\/\/nordicmart.andreevmaster.com\/sv\/wp-json\/wp\/v2\/media\/39445"}],"wp:attachment":[{"href":"https:\/\/nordicmart.andreevmaster.com\/sv\/wp-json\/wp\/v2\/media?parent=10906"}],"wp:term":[{"taxonomy":"product_brand","embeddable":true,"href":"https:\/\/nordicmart.andreevmaster.com\/sv\/wp-json\/wp\/v2\/product_brand?post=10906"},{"taxonomy":"product_cat","embeddable":true,"href":"https:\/\/nordicmart.andreevmaster.com\/sv\/wp-json\/wp\/v2\/product_cat?post=10906"},{"taxonomy":"product_tag","embeddable":true,"href":"https:\/\/nordicmart.andreevmaster.com\/sv\/wp-json\/wp\/v2\/product_tag?post=10906"}],"curies":[{"name":"wp","href":"https:\/\/api.w.org\/{rel}","templated":true}]}}