{"id":10904,"date":"2026-02-27T00:08:43","date_gmt":"2026-02-27T00:08:43","guid":{"rendered":"https:\/\/nordicmart.andreevmaster.com\/product\/songmics-kladhangare-i-tra-20-stycken-blygra-silverfargade\/"},"modified":"2026-02-27T08:04:06","modified_gmt":"2026-02-27T08:04:06","slug":"songmics-kladhangare-i-tra-20-stycken-blygra-silverfargade","status":"publish","type":"product","link":"https:\/\/nordicmart.andreevmaster.com\/sv\/produkt\/songmics-kladhangare-i-tra-20-stycken-blygra-silverfargade\/","title":{"rendered":"SONGMICS kl\u00e4dh\u00e4ngare i tr\u00e4, 20 stycken, blygr\u00e5-silverf\u00e4rgade"},"content":{"rendered":"<p>SONGMICS kl\u00e4dh\u00e4ngare \u2013 10 stycken, kanter, med halkfri brygga, 360\u00b0 vridbar krok, CRW001-10, tr\u00e4, natur, 10<br \/>\n&#8211; F\u00e4rg: blygr\u00e5-silver<\/p>\n<p>&#8211; Material: l\u00f6nntr\u00e4, metallkrok<\/p>\n<p>&#8211; Storlek per galge: 44,5 x 1,2 x 23 cm (L x B x H)<\/p>\n<p>&#8211; Vikt f\u00f6r 20 kl\u00e4dh\u00e4ngare: 2,3 kg<\/p>\n<p>&#8211; Max. statisk belastningskapacitet per galge: 5 kg<\/p>\n","protected":false},"excerpt":{"rendered":"<p>SONGMICS kl\u00e4dh\u00e4ngare \u2013 10 stycken, kanter, med halkfri brygga, 360\u00b0 vridbar krok, CRW001-10, tr\u00e4, natur, 10<\/p>\n","protected":false},"featured_media":39443,"comment_status":"open","ping_status":"closed","template":"","meta":[],"product_brand":[],"product_cat":[33],"product_tag":[],"class_list":{"0":"post-10904","1":"product","2":"type-product","3":"status-publish","4":"has-post-thumbnail","6":"product_cat-okategoriserad","8":"first","9":"instock","10":"shipping-taxable","11":"purchasable","12":"product-type-simple"},"_links":{"self":[{"href":"https:\/\/nordicmart.andreevmaster.com\/sv\/wp-json\/wp\/v2\/product\/10904","targetHints":{"allow":["GET"]}}],"collection":[{"href":"https:\/\/nordicmart.andreevmaster.com\/sv\/wp-json\/wp\/v2\/product"}],"about":[{"href":"https:\/\/nordicmart.andreevmaster.com\/sv\/wp-json\/wp\/v2\/types\/product"}],"replies":[{"embeddable":true,"href":"https:\/\/nordicmart.andreevmaster.com\/sv\/wp-json\/wp\/v2\/comments?post=10904"}],"wp:featuredmedia":[{"embeddable":true,"href":"https:\/\/nordicmart.andreevmaster.com\/sv\/wp-json\/wp\/v2\/media\/39443"}],"wp:attachment":[{"href":"https:\/\/nordicmart.andreevmaster.com\/sv\/wp-json\/wp\/v2\/media?parent=10904"}],"wp:term":[{"taxonomy":"product_brand","embeddable":true,"href":"https:\/\/nordicmart.andreevmaster.com\/sv\/wp-json\/wp\/v2\/product_brand?post=10904"},{"taxonomy":"product_cat","embeddable":true,"href":"https:\/\/nordicmart.andreevmaster.com\/sv\/wp-json\/wp\/v2\/product_cat?post=10904"},{"taxonomy":"product_tag","embeddable":true,"href":"https:\/\/nordicmart.andreevmaster.com\/sv\/wp-json\/wp\/v2\/product_tag?post=10904"}],"curies":[{"name":"wp","href":"https:\/\/api.w.org\/{rel}","templated":true}]}}