{"id":10897,"date":"2026-02-27T00:08:42","date_gmt":"2026-02-27T00:08:42","guid":{"rendered":"https:\/\/nordicmart.andreevmaster.com\/product\/songmics-kladhangare-i-massivt-tra\/"},"modified":"2026-02-27T08:04:05","modified_gmt":"2026-02-27T08:04:05","slug":"songmics-kladhangare-i-massivt-tra","status":"publish","type":"product","link":"https:\/\/nordicmart.andreevmaster.com\/sv\/produkt\/songmics-kladhangare-i-massivt-tra\/","title":{"rendered":"SONGMICS kl\u00e4dh\u00e4ngare i massivt tr\u00e4"},"content":{"rendered":"<p>Beh\u00f6ver du k\u00f6pa en ny kostym eftersom den f\u00f6rra har tappat formen p\u00e5 grund av felaktig f\u00f6rvaring? Med dessa kostymh\u00e4ngare fr\u00e5n SONGMICS kommer det inte att h\u00e4nda igen. Tack vare de ergonomiska rundningarna och de breda axlarna kan du h\u00e4nga upp dina kostymer p\u00e5 ett snyggt s\u00e4tt p\u00e5 dessa galgar. Dessa kl\u00e4dh\u00e4ngare av massivt tr\u00e4 har en behagligt sl\u00e4t yta som har polerats och lackats noggrant. De k\u00e4nnetecknas dessutom av sin robusthet och l\u00e5nga livsl\u00e4ngd. En praktisk vardagshj\u00e4lpare f\u00f6r f\u00f6rvaring av h\u00f6gkvalitativa kostymer. Produktdetaljer: &#8211; F\u00e4rg: naturf\u00e4rgad &#8211; Material: massivt tr\u00e4 (Schima Superba), f\u00f6rkromad krok &#8211; Storlek per galge: 44 x 5,5 x 23 cm (L x B x H) &#8211; Vikt: 1,4 kg &#8211; Max. statisk belastningskapacitet per galge: 5 kg Leveransomfattning: &#8211; 6 x tr\u00e4kl\u00e4dh\u00e4ngare SONGMICS Anm\u00e4rkningar:- Anv\u00e4nd inte galgarna under en l\u00e4ngre tid i en milj\u00f6 med h\u00f6g temperatur eller h\u00f6g luftfuktighet f\u00f6r att undvika skador som lackflagnande. &#8211; H\u00e4ng inte v\u00e5ta kl\u00e4der p\u00e5 galgarna. &#8211; Torka av galgarna med en fuktig trasa f\u00f6r reng\u00f6ring. <\/p>\n","protected":false},"excerpt":{"rendered":"<p>SONGMICS kostymh\u00e4ngare, 6-pack, kl\u00e4dh\u00e4ngare i massivt tr\u00e4, med extra breda axlar, halkfria, f\u00f6r skjortor, rockar, jackor, byxor, kostymer, 360\u00b0 vridbar krok, m\u00f6rk valn\u00f6tsf\u00e4rg CRSH06V<\/p>\n","protected":false},"featured_media":39436,"comment_status":"open","ping_status":"closed","template":"","meta":[],"product_brand":[],"product_cat":[33],"product_tag":[],"class_list":{"0":"post-10897","1":"product","2":"type-product","3":"status-publish","4":"has-post-thumbnail","6":"product_cat-okategoriserad","8":"first","9":"instock","10":"shipping-taxable","11":"purchasable","12":"product-type-simple"},"_links":{"self":[{"href":"https:\/\/nordicmart.andreevmaster.com\/sv\/wp-json\/wp\/v2\/product\/10897","targetHints":{"allow":["GET"]}}],"collection":[{"href":"https:\/\/nordicmart.andreevmaster.com\/sv\/wp-json\/wp\/v2\/product"}],"about":[{"href":"https:\/\/nordicmart.andreevmaster.com\/sv\/wp-json\/wp\/v2\/types\/product"}],"replies":[{"embeddable":true,"href":"https:\/\/nordicmart.andreevmaster.com\/sv\/wp-json\/wp\/v2\/comments?post=10897"}],"wp:featuredmedia":[{"embeddable":true,"href":"https:\/\/nordicmart.andreevmaster.com\/sv\/wp-json\/wp\/v2\/media\/39436"}],"wp:attachment":[{"href":"https:\/\/nordicmart.andreevmaster.com\/sv\/wp-json\/wp\/v2\/media?parent=10897"}],"wp:term":[{"taxonomy":"product_brand","embeddable":true,"href":"https:\/\/nordicmart.andreevmaster.com\/sv\/wp-json\/wp\/v2\/product_brand?post=10897"},{"taxonomy":"product_cat","embeddable":true,"href":"https:\/\/nordicmart.andreevmaster.com\/sv\/wp-json\/wp\/v2\/product_cat?post=10897"},{"taxonomy":"product_tag","embeddable":true,"href":"https:\/\/nordicmart.andreevmaster.com\/sv\/wp-json\/wp\/v2\/product_tag?post=10897"}],"curies":[{"name":"wp","href":"https:\/\/api.w.org\/{rel}","templated":true}]}}