{"id":10892,"date":"2026-02-27T00:08:41","date_gmt":"2026-02-27T00:08:41","guid":{"rendered":"https:\/\/nordicmart.andreevmaster.com\/product\/songmics-tunna-kladhangare-i-plast-50-st-svarta\/"},"modified":"2026-02-27T08:04:04","modified_gmt":"2026-02-27T08:04:04","slug":"songmics-tunna-kladhangare-i-plast-50-st-svarta","status":"publish","type":"product","link":"https:\/\/nordicmart.andreevmaster.com\/sv\/produkt\/songmics-tunna-kladhangare-i-plast-50-st-svarta\/","title":{"rendered":"SONGMICS Tunna kl\u00e4dh\u00e4ngare i plast 50 st Svarta"},"content":{"rendered":"<p>F\u00f6r torkning av tv\u00e4tt utomhus och f\u00f6r organisering av garderoben. Dessa kl\u00e4dh\u00e4ngare \u00e4r tillverkade av ABS-plast och \u00e4r perfekta f\u00f6r att h\u00e4nga upp v\u00e5ta kl\u00e4der. Du kan ocks\u00e5 anv\u00e4nda h\u00e4ngarna i din garderob f\u00f6r att skapa en snygg och \u00f6versk\u00e5dlig helhetsbild.Produktdetaljer: F\u00e4rg: Svart Material: ABS-plast M\u00e5tt per kl\u00e4dh\u00e4ngare: 45 x 22 x 0,5 cm (B x H x D) Vikt per kl\u00e4dh\u00e4ngare: 83 g Max. belastningskapacitet per kl\u00e4dh\u00e4ngare: 5 kg Leveransomfattning: 50 x kl\u00e4dh\u00e4ngare<\/p>\n","protected":false},"excerpt":{"rendered":"<p>SONGMICS kl\u00e4dh\u00e4ngare av plast, 50 stycken, t\u00e5liga, kostymh\u00e4ngare med halkfria gummiknoppar, tunna, platsbesparande, jackh\u00e4ngare med 360\u00b0 vridbar krok, svart CRP50B<\/p>\n","protected":false},"featured_media":39432,"comment_status":"open","ping_status":"closed","template":"","meta":[],"product_brand":[],"product_cat":[33],"product_tag":[],"class_list":{"0":"post-10892","1":"product","2":"type-product","3":"status-publish","4":"has-post-thumbnail","6":"product_cat-okategoriserad","8":"first","9":"instock","10":"shipping-taxable","11":"purchasable","12":"product-type-simple"},"_links":{"self":[{"href":"https:\/\/nordicmart.andreevmaster.com\/sv\/wp-json\/wp\/v2\/product\/10892","targetHints":{"allow":["GET"]}}],"collection":[{"href":"https:\/\/nordicmart.andreevmaster.com\/sv\/wp-json\/wp\/v2\/product"}],"about":[{"href":"https:\/\/nordicmart.andreevmaster.com\/sv\/wp-json\/wp\/v2\/types\/product"}],"replies":[{"embeddable":true,"href":"https:\/\/nordicmart.andreevmaster.com\/sv\/wp-json\/wp\/v2\/comments?post=10892"}],"wp:featuredmedia":[{"embeddable":true,"href":"https:\/\/nordicmart.andreevmaster.com\/sv\/wp-json\/wp\/v2\/media\/39432"}],"wp:attachment":[{"href":"https:\/\/nordicmart.andreevmaster.com\/sv\/wp-json\/wp\/v2\/media?parent=10892"}],"wp:term":[{"taxonomy":"product_brand","embeddable":true,"href":"https:\/\/nordicmart.andreevmaster.com\/sv\/wp-json\/wp\/v2\/product_brand?post=10892"},{"taxonomy":"product_cat","embeddable":true,"href":"https:\/\/nordicmart.andreevmaster.com\/sv\/wp-json\/wp\/v2\/product_cat?post=10892"},{"taxonomy":"product_tag","embeddable":true,"href":"https:\/\/nordicmart.andreevmaster.com\/sv\/wp-json\/wp\/v2\/product_tag?post=10892"}],"curies":[{"name":"wp","href":"https:\/\/api.w.org\/{rel}","templated":true}]}}