{"id":10891,"date":"2026-02-27T00:08:41","date_gmt":"2026-02-27T00:08:41","guid":{"rendered":"https:\/\/nordicmart.andreevmaster.com\/product\/songmics-kladhangare-20-pack\/"},"modified":"2026-02-27T08:04:04","modified_gmt":"2026-02-27T08:04:04","slug":"songmics-kladhangare-20-pack","status":"publish","type":"product","link":"https:\/\/nordicmart.andreevmaster.com\/sv\/produkt\/songmics-kladhangare-20-pack\/","title":{"rendered":"SONGMICS kl\u00e4dh\u00e4ngare, 20-pack"},"content":{"rendered":"<p>En titt i garderoben: Har det n\u00e5gonsin sett ut som om en bomb har slagit ner i din garderob? Dessa 20 smala kl\u00e4dh\u00e4ngare hj\u00e4lper dig att f\u00e5 ordning p\u00e5 garderoben s\u00e5 att du i framtiden alltid kan njuta av snyggt upph\u00e4ngda kl\u00e4der.   Halkfri, utan bucklor: Tack vare de dubbla halkfria remsorna i axelpartiet och p\u00e5 byxh\u00e4ngaren hamnar dina jackor, v\u00e4star eller byxor inte l\u00e4ngre p\u00e5 garderobsgolvet och f\u00e5r inte heller bucklor.   Smal, platsbesparande, stabil: H\u00e4ngarna \u00e4r bara 0,5 cm tjocka och tar d\u00e4rf\u00f6r lite plats i din garderob. Trots detta \u00e4r de mycket robusta, formstabila och t\u00e5l \u00e4ven tunga kl\u00e4desplagg.   Produktdetaljer: &#8211; F\u00e4rg: Gr\u00e5 &#8211; Material: ABS-plast, metall &#8211; Storlek per galge: 42 x 0,5 x 21,5 cm (L x B x H) &#8211; Vikt per galge: 80 g &#8211; Max. statisk belastningskapacitet per galge: 5 kg Leveransomf\u00e5ng: &#8211; 20 x kl\u00e4dh\u00e4ngare SONGMICS Anm\u00e4rkningar:- Anv\u00e4nd inte galgarna i milj\u00f6er med h\u00f6ga temperaturer. &#8211; L\u00e4mpliga varken f\u00f6r tv\u00e4ttmaskin eller torktumlare.<\/p>\n","protected":false},"excerpt":{"rendered":"<p>SONGMICS kl\u00e4dh\u00e4ngare, 20 stycken kostymh\u00e4ngare, platta h\u00e4ngare med 360\u00b0 vridbara krokar, dubbel halkskydd, h\u00f6g belastningskapacitet, f\u00f6r kostymer, skjortor, rockar, kl\u00e4der, gr\u00e5 CRP44G<\/p>\n","protected":false},"featured_media":39431,"comment_status":"open","ping_status":"closed","template":"","meta":[],"product_brand":[],"product_cat":[33],"product_tag":[],"class_list":{"0":"post-10891","1":"product","2":"type-product","3":"status-publish","4":"has-post-thumbnail","6":"product_cat-okategoriserad","8":"first","9":"instock","10":"shipping-taxable","11":"purchasable","12":"product-type-simple"},"_links":{"self":[{"href":"https:\/\/nordicmart.andreevmaster.com\/sv\/wp-json\/wp\/v2\/product\/10891","targetHints":{"allow":["GET"]}}],"collection":[{"href":"https:\/\/nordicmart.andreevmaster.com\/sv\/wp-json\/wp\/v2\/product"}],"about":[{"href":"https:\/\/nordicmart.andreevmaster.com\/sv\/wp-json\/wp\/v2\/types\/product"}],"replies":[{"embeddable":true,"href":"https:\/\/nordicmart.andreevmaster.com\/sv\/wp-json\/wp\/v2\/comments?post=10891"}],"wp:featuredmedia":[{"embeddable":true,"href":"https:\/\/nordicmart.andreevmaster.com\/sv\/wp-json\/wp\/v2\/media\/39431"}],"wp:attachment":[{"href":"https:\/\/nordicmart.andreevmaster.com\/sv\/wp-json\/wp\/v2\/media?parent=10891"}],"wp:term":[{"taxonomy":"product_brand","embeddable":true,"href":"https:\/\/nordicmart.andreevmaster.com\/sv\/wp-json\/wp\/v2\/product_brand?post=10891"},{"taxonomy":"product_cat","embeddable":true,"href":"https:\/\/nordicmart.andreevmaster.com\/sv\/wp-json\/wp\/v2\/product_cat?post=10891"},{"taxonomy":"product_tag","embeddable":true,"href":"https:\/\/nordicmart.andreevmaster.com\/sv\/wp-json\/wp\/v2\/product_tag?post=10891"}],"curies":[{"name":"wp","href":"https:\/\/api.w.org\/{rel}","templated":true}]}}