{"id":10890,"date":"2026-02-27T00:08:41","date_gmt":"2026-02-27T00:08:41","guid":{"rendered":"https:\/\/nordicmart.andreevmaster.com\/product\/songmics-kladhangare-30-stycken\/"},"modified":"2026-02-27T08:04:04","modified_gmt":"2026-02-27T08:04:04","slug":"songmics-kladhangare-30-stycken","status":"publish","type":"product","link":"https:\/\/nordicmart.andreevmaster.com\/sv\/produkt\/songmics-kladhangare-30-stycken\/","title":{"rendered":"SONGMICS kl\u00e4dh\u00e4ngare 30 stycken"},"content":{"rendered":"<p>\u00c4r du r\u00e4dd att kragen p\u00e5 dina T-shirts ska bli utsliten om du h\u00e4nger dem p\u00e5 en galge? \u00c4r du tr\u00f6tt p\u00e5 att dina kl\u00e4der hela tiden faller av galgen och att du m\u00e5ste h\u00e4nga upp dem igen? Vill du ge din garderob en glad f\u00e4rgklick?<\/p>\n<p>D\u00e5 \u00e4r dessa kl\u00e4dh\u00e4ngare med krokar i ros\u00e9guld perfekta f\u00f6r dig! Snygg design och premiumkvalitet \u2013 din garderob beh\u00f6ver dessa kl\u00e4dh\u00e4ngare!<br \/>\nProduktdetaljer:<br \/>\nF\u00e4rg: Gr\u00e5, krokar i ros\u00e9guld<br \/>\nMaterial: ABS-plast, metallkrokar<br \/>\nStorlek: 41,5 x 0,5 x 22,5 cm (L x B x H)<br \/>\nVikt per galge: 86 g<br \/>\nMax. statisk belastningskapacitet per h\u00e4ngare: 5 kg<\/p>\n<p>Leveransomfattning:<br \/>\n30 x kl\u00e4dh\u00e4ngare<\/p>\n<p>SONGMICS Anm\u00e4rkningar:<br \/>\nH\u00e4ng inte f\u00f6r tunga f\u00f6rem\u00e5l eller kl\u00e4der p\u00e5 kl\u00e4dh\u00e4ngarna.<br \/>\nAnv\u00e4nd inte dessa kl\u00e4dh\u00e4ngare i en b\u00e4rbar torktumlare.<\/p>\n","protected":false},"excerpt":{"rendered":"<p>SONGMICS kl\u00e4dh\u00e4ngare 30 stycken, kostymh\u00e4ngare av plast, h\u00f6g kvalitet, S-formad \u00f6ppning, halkskydd, platsbesparande, 0,5 cm tjock, krokar i ros\u00e9guld, 360\u00b0 vridbara, 41,5 cm breda, gr\u00e5 CRP43G30<\/p>\n","protected":false},"featured_media":39430,"comment_status":"open","ping_status":"closed","template":"","meta":[],"product_brand":[],"product_cat":[33],"product_tag":[],"class_list":{"0":"post-10890","1":"product","2":"type-product","3":"status-publish","4":"has-post-thumbnail","6":"product_cat-okategoriserad","8":"first","9":"instock","10":"shipping-taxable","11":"purchasable","12":"product-type-simple"},"_links":{"self":[{"href":"https:\/\/nordicmart.andreevmaster.com\/sv\/wp-json\/wp\/v2\/product\/10890","targetHints":{"allow":["GET"]}}],"collection":[{"href":"https:\/\/nordicmart.andreevmaster.com\/sv\/wp-json\/wp\/v2\/product"}],"about":[{"href":"https:\/\/nordicmart.andreevmaster.com\/sv\/wp-json\/wp\/v2\/types\/product"}],"replies":[{"embeddable":true,"href":"https:\/\/nordicmart.andreevmaster.com\/sv\/wp-json\/wp\/v2\/comments?post=10890"}],"wp:featuredmedia":[{"embeddable":true,"href":"https:\/\/nordicmart.andreevmaster.com\/sv\/wp-json\/wp\/v2\/media\/39430"}],"wp:attachment":[{"href":"https:\/\/nordicmart.andreevmaster.com\/sv\/wp-json\/wp\/v2\/media?parent=10890"}],"wp:term":[{"taxonomy":"product_brand","embeddable":true,"href":"https:\/\/nordicmart.andreevmaster.com\/sv\/wp-json\/wp\/v2\/product_brand?post=10890"},{"taxonomy":"product_cat","embeddable":true,"href":"https:\/\/nordicmart.andreevmaster.com\/sv\/wp-json\/wp\/v2\/product_cat?post=10890"},{"taxonomy":"product_tag","embeddable":true,"href":"https:\/\/nordicmart.andreevmaster.com\/sv\/wp-json\/wp\/v2\/product_tag?post=10890"}],"curies":[{"name":"wp","href":"https:\/\/api.w.org\/{rel}","templated":true}]}}