{"id":10889,"date":"2026-02-27T00:08:41","date_gmt":"2026-02-27T00:08:41","guid":{"rendered":"https:\/\/nordicmart.andreevmaster.com\/product\/songmics-plastgalgar-20-stycken-vita\/"},"modified":"2026-02-27T08:04:04","modified_gmt":"2026-02-27T08:04:04","slug":"songmics-plastgalgar-20-stycken-vita","status":"publish","type":"product","link":"https:\/\/nordicmart.andreevmaster.com\/sv\/produkt\/songmics-plastgalgar-20-stycken-vita\/","title":{"rendered":"SONGMICS plastgalgar 20 stycken vita"},"content":{"rendered":"<p>Songmics str\u00e4var efter att erbjuda b\u00e4ttre kl\u00e4dh\u00e4ngare av h\u00f6gre kvalitet. Vi arbetar st\u00e4ndigt f\u00f6r att l\u00f6sa f\u00f6rvaringsproblemet f\u00f6r alla typer av kl\u00e4der. Vi arbetar st\u00e4ndigt f\u00f6r att f\u00f6rb\u00e4ttra produkten utifr\u00e5n era f\u00f6rslag.Vi str\u00e4var alltid efter att anv\u00e4nda h\u00f6gkvalitativa material f\u00f6r att garantera b\u00e4sta kvalitet. Vi str\u00e4var alltid efter att alla ska kunna hitta r\u00e4tt kl\u00e4dh\u00e4ngare hos Songmics. Songmics kl\u00e4dh\u00e4ngare f\u00f6ljer med dig i varje h\u00f6rn av ditt hem. Produktdetaljer: F\u00e4rg: Vit Material: ABS-plast M\u00e5tt f\u00f6r varje kl\u00e4dh\u00e4ngare: 41,5 x 22,5 x 0,5 cm (B x H x D) Vikt f\u00f6r varje kl\u00e4dh\u00e4ngare: 86 g Max. belastningskapacitet f\u00f6r varje kl\u00e4dh\u00e4ngare: 5 kg Leveransomfattning: 20 x kl\u00e4dh\u00e4ngare SONGMICS Anvisningar: H\u00e5ll kl\u00e4dh\u00e4ngarna borta fr\u00e5n ant\u00e4ndningsk\u00e4llor.Anv\u00e4nd inte kl\u00e4dh\u00e4ngarna i rum med h\u00f6g temperatur. H\u00e4ng inte f\u00f6r tunga f\u00f6rem\u00e5l och tv\u00e4tt p\u00e5 kl\u00e4dh\u00e4ngarna. Anv\u00e4nd inte dessa kl\u00e4dh\u00e4ngare i en b\u00e4rbar torktumlare.<\/p>\n","protected":false},"excerpt":{"rendered":"<p>SONGMICS Kl\u00e4dh\u00e4ngare, 20 stycken, halkskydd, premiumkvalitet, h\u00e5llbara och tunna, 0,5 cm tjocka, platsbesparande, S-formad \u00f6ppning, stark h\u00f6gkvalitativ plast, 41,5 cm breda, vita CRP41W<\/p>\n","protected":false},"featured_media":39429,"comment_status":"open","ping_status":"closed","template":"","meta":[],"product_brand":[],"product_cat":[33],"product_tag":[],"class_list":{"0":"post-10889","1":"product","2":"type-product","3":"status-publish","4":"has-post-thumbnail","6":"product_cat-okategoriserad","8":"first","9":"instock","10":"shipping-taxable","11":"purchasable","12":"product-type-simple"},"_links":{"self":[{"href":"https:\/\/nordicmart.andreevmaster.com\/sv\/wp-json\/wp\/v2\/product\/10889","targetHints":{"allow":["GET"]}}],"collection":[{"href":"https:\/\/nordicmart.andreevmaster.com\/sv\/wp-json\/wp\/v2\/product"}],"about":[{"href":"https:\/\/nordicmart.andreevmaster.com\/sv\/wp-json\/wp\/v2\/types\/product"}],"replies":[{"embeddable":true,"href":"https:\/\/nordicmart.andreevmaster.com\/sv\/wp-json\/wp\/v2\/comments?post=10889"}],"wp:featuredmedia":[{"embeddable":true,"href":"https:\/\/nordicmart.andreevmaster.com\/sv\/wp-json\/wp\/v2\/media\/39429"}],"wp:attachment":[{"href":"https:\/\/nordicmart.andreevmaster.com\/sv\/wp-json\/wp\/v2\/media?parent=10889"}],"wp:term":[{"taxonomy":"product_brand","embeddable":true,"href":"https:\/\/nordicmart.andreevmaster.com\/sv\/wp-json\/wp\/v2\/product_brand?post=10889"},{"taxonomy":"product_cat","embeddable":true,"href":"https:\/\/nordicmart.andreevmaster.com\/sv\/wp-json\/wp\/v2\/product_cat?post=10889"},{"taxonomy":"product_tag","embeddable":true,"href":"https:\/\/nordicmart.andreevmaster.com\/sv\/wp-json\/wp\/v2\/product_tag?post=10889"}],"curies":[{"name":"wp","href":"https:\/\/api.w.org\/{rel}","templated":true}]}}