{"id":10888,"date":"2026-02-27T00:08:41","date_gmt":"2026-02-27T00:08:41","guid":{"rendered":"https:\/\/nordicmart.andreevmaster.com\/product\/songmics-kladhangare-i-plast-20-stycken-bla\/"},"modified":"2026-02-27T08:04:04","modified_gmt":"2026-02-27T08:04:04","slug":"songmics-kladhangare-i-plast-20-stycken-bla","status":"publish","type":"product","link":"https:\/\/nordicmart.andreevmaster.com\/sv\/produkt\/songmics-kladhangare-i-plast-20-stycken-bla\/","title":{"rendered":"SONGMICS kl\u00e4dh\u00e4ngare i plast, 20 stycken, bl\u00e5"},"content":{"rendered":"<p>Vill du skapa plats och ordning i din garderob? N\u00e4r du har satt in Songmics kl\u00e4dh\u00e4ngare kommer du att bli f\u00f6rv\u00e5nad \u00f6ver hur mycket plats du kan vinna. Produktdetaljer: M\u00e5tt: 41,5 x 22,5 x 0,5 cm (B x H x D) Material: ABS + TPE + rostfritt st\u00e5l F\u00e4rg: gr\u00e5bl\u00e5 Leveransomf\u00e5ng: 20 x kl\u00e4dh\u00e4ngare<\/p>\n","protected":false},"excerpt":{"rendered":"<p>SONGMICS Kl\u00e4dh\u00e4ngare, 20 stycken, halkskydd, premiumkvalitet, h\u00e5llbara och tunna, 0,5 cm tjocka, platsbesparande, S-formad \u00f6ppning, stark h\u00f6gkvalitativ plast, 41,5 cm breda, vita CRP41W<\/p>\n","protected":false},"featured_media":39428,"comment_status":"open","ping_status":"closed","template":"","meta":[],"product_brand":[],"product_cat":[33],"product_tag":[],"class_list":{"0":"post-10888","1":"product","2":"type-product","3":"status-publish","4":"has-post-thumbnail","6":"product_cat-okategoriserad","8":"first","9":"instock","10":"shipping-taxable","11":"purchasable","12":"product-type-simple"},"_links":{"self":[{"href":"https:\/\/nordicmart.andreevmaster.com\/sv\/wp-json\/wp\/v2\/product\/10888","targetHints":{"allow":["GET"]}}],"collection":[{"href":"https:\/\/nordicmart.andreevmaster.com\/sv\/wp-json\/wp\/v2\/product"}],"about":[{"href":"https:\/\/nordicmart.andreevmaster.com\/sv\/wp-json\/wp\/v2\/types\/product"}],"replies":[{"embeddable":true,"href":"https:\/\/nordicmart.andreevmaster.com\/sv\/wp-json\/wp\/v2\/comments?post=10888"}],"wp:featuredmedia":[{"embeddable":true,"href":"https:\/\/nordicmart.andreevmaster.com\/sv\/wp-json\/wp\/v2\/media\/39428"}],"wp:attachment":[{"href":"https:\/\/nordicmart.andreevmaster.com\/sv\/wp-json\/wp\/v2\/media?parent=10888"}],"wp:term":[{"taxonomy":"product_brand","embeddable":true,"href":"https:\/\/nordicmart.andreevmaster.com\/sv\/wp-json\/wp\/v2\/product_brand?post=10888"},{"taxonomy":"product_cat","embeddable":true,"href":"https:\/\/nordicmart.andreevmaster.com\/sv\/wp-json\/wp\/v2\/product_cat?post=10888"},{"taxonomy":"product_tag","embeddable":true,"href":"https:\/\/nordicmart.andreevmaster.com\/sv\/wp-json\/wp\/v2\/product_tag?post=10888"}],"curies":[{"name":"wp","href":"https:\/\/api.w.org\/{rel}","templated":true}]}}