{"id":10886,"date":"2026-02-27T00:08:40","date_gmt":"2026-02-27T00:08:40","guid":{"rendered":"https:\/\/nordicmart.andreevmaster.com\/product\/songmics-halkskyddade-galgar-50-stycken-gra\/"},"modified":"2026-02-27T08:04:03","modified_gmt":"2026-02-27T08:04:03","slug":"songmics-halkskyddade-galgar-50-stycken-gra","status":"publish","type":"product","link":"https:\/\/nordicmart.andreevmaster.com\/sv\/produkt\/songmics-halkskyddade-galgar-50-stycken-gra\/","title":{"rendered":"SONGMICS halkskyddade galgar 50 stycken gr\u00e5"},"content":{"rendered":"<p>Denna kl\u00e4dh\u00e4ngares utformning g\u00f6r det m\u00f6jligt att h\u00e4nga upp mer \u00e4n ett plagg. Du kan h\u00e4nga upp en jacka\/blus och ett par byxor samtidigt, och scarves eller slipsar passar perfekt i sk\u00e5ran. Dessutom finns det tv\u00e5 krokar f\u00f6r kjolremmar. P\u00e5 s\u00e5 s\u00e4tt \u00e4r man rustad f\u00f6r m\u00e5nga eventualiteter \u2013 och allt detta med bara en kl\u00e4dh\u00e4ngare. Tack vare materialets h\u00f6ga kvalitet har denna kl\u00e4dh\u00e4ngare med avtagbara gummiband en l\u00e4ngre livsl\u00e4ngd och b\u00e4ttre halkskydd \u00e4n vanliga kl\u00e4dh\u00e4ngare. Denna kl\u00e4dh\u00e4ngare fr\u00e5n Songmics \u00e4r ocks\u00e5 mycket l\u00e4mplig f\u00f6r att h\u00e4nga upp nytv\u00e4ttade kl\u00e4der. Produktdetaljer: F\u00e4rg: m\u00f6rkgr\u00e5 Material: ABS-plast M\u00e5tt f\u00f6r varje kl\u00e4dh\u00e4ngare: 41,5 x 22,5 x 0,5 cm (B x H x D) Vikt f\u00f6r varje kl\u00e4dh\u00e4ngare: 86 g Max. belastningskapacitet f\u00f6r varje kl\u00e4dh\u00e4ngare: 5 kg Leveransomf\u00e5ng: 50 x kl\u00e4dh\u00e4ngare SONGMICS Anm\u00e4rkningar: H\u00e5ll kl\u00e4dh\u00e4ngarna borta fr\u00e5n ant\u00e4ndningsk\u00e4llor.Anv\u00e4nd inte kl\u00e4dh\u00e4ngarna i rum med h\u00f6g temperatur. H\u00e4ng inte f\u00f6r tunga f\u00f6rem\u00e5l och tv\u00e4tt p\u00e5 kl\u00e4dh\u00e4ngarna. Anv\u00e4nd inte dessa kl\u00e4dh\u00e4ngare i en b\u00e4rbar torktumlare.<\/p>\n","protected":false},"excerpt":{"rendered":"<p>SONGMICS Kl\u00e4dh\u00e4ngare, 20 stycken, halkskydd, premiumkvalitet, h\u00e5llbara och tunna, 0,5 cm tjocka, platsbesparande, S-formad \u00f6ppning, stark h\u00f6gkvalitativ plast, 41,5 cm breda, vita CRP41W<\/p>\n","protected":false},"featured_media":39426,"comment_status":"open","ping_status":"closed","template":"","meta":[],"product_brand":[],"product_cat":[33],"product_tag":[],"class_list":{"0":"post-10886","1":"product","2":"type-product","3":"status-publish","4":"has-post-thumbnail","6":"product_cat-okategoriserad","8":"first","9":"instock","10":"shipping-taxable","11":"purchasable","12":"product-type-simple"},"_links":{"self":[{"href":"https:\/\/nordicmart.andreevmaster.com\/sv\/wp-json\/wp\/v2\/product\/10886","targetHints":{"allow":["GET"]}}],"collection":[{"href":"https:\/\/nordicmart.andreevmaster.com\/sv\/wp-json\/wp\/v2\/product"}],"about":[{"href":"https:\/\/nordicmart.andreevmaster.com\/sv\/wp-json\/wp\/v2\/types\/product"}],"replies":[{"embeddable":true,"href":"https:\/\/nordicmart.andreevmaster.com\/sv\/wp-json\/wp\/v2\/comments?post=10886"}],"wp:featuredmedia":[{"embeddable":true,"href":"https:\/\/nordicmart.andreevmaster.com\/sv\/wp-json\/wp\/v2\/media\/39426"}],"wp:attachment":[{"href":"https:\/\/nordicmart.andreevmaster.com\/sv\/wp-json\/wp\/v2\/media?parent=10886"}],"wp:term":[{"taxonomy":"product_brand","embeddable":true,"href":"https:\/\/nordicmart.andreevmaster.com\/sv\/wp-json\/wp\/v2\/product_brand?post=10886"},{"taxonomy":"product_cat","embeddable":true,"href":"https:\/\/nordicmart.andreevmaster.com\/sv\/wp-json\/wp\/v2\/product_cat?post=10886"},{"taxonomy":"product_tag","embeddable":true,"href":"https:\/\/nordicmart.andreevmaster.com\/sv\/wp-json\/wp\/v2\/product_tag?post=10886"}],"curies":[{"name":"wp","href":"https:\/\/api.w.org\/{rel}","templated":true}]}}