{"id":10883,"date":"2026-02-27T00:08:40","date_gmt":"2026-02-27T00:08:40","guid":{"rendered":"https:\/\/nordicmart.andreevmaster.com\/product\/songmics-kladhangare-i-plast-30-stycken-gra\/"},"modified":"2026-02-27T08:04:03","modified_gmt":"2026-02-27T08:04:03","slug":"songmics-kladhangare-i-plast-30-stycken-gra","status":"publish","type":"product","link":"https:\/\/nordicmart.andreevmaster.com\/sv\/produkt\/songmics-kladhangare-i-plast-30-stycken-gra\/","title":{"rendered":"SONGMICS kl\u00e4dh\u00e4ngare i plast, 30 stycken, gr\u00e5"},"content":{"rendered":"<p>Ligger det en enorm h\u00f6g med kl\u00e4der i din garderob?<br \/>\nLetar du varje dag efter ett passande plagg, vilket \u00e4r b\u00e5de m\u00f6dosamt och tidskr\u00e4vande?<br \/>\nIrriterar du dig \u00f6ver skrynklorna i dina kl\u00e4der?<br \/>\nD\u00e5 b\u00f6r du anv\u00e4nda plastkl\u00e4dh\u00e4ngarna fr\u00e5n SONGMICS! De hj\u00e4lper dig att l\u00f6sa ovanst\u00e5ende problem och uppfyller alla dina behov trots sin enkla design: Fr\u00e5n handdukar och halsdukar till byxor, skjortor och kjolar till vindjackor, ullrockar eller vinterjackor \u2013 alla typer av kl\u00e4der kan enkelt h\u00e4ngas upp och tas ner fr\u00e5n kl\u00e4dh\u00e4ngarna.<\/p>\n<p>SONGMICS kl\u00e4dh\u00e4ngarset, ett praktiskt hj\u00e4lpmedel f\u00f6r att h\u00e5lla ordning.<br \/>\nProduktdetaljer: &#8211; F\u00e4rg: Gr\u00e5<br \/>\n&#8211; Material: ABS-plast<br \/>\n&#8211; Storlek per kl\u00e4dh\u00e4ngare: 45 x 0,5 x 22 cm (L x B x H)<br \/>\n&#8211; Vikt per kl\u00e4dh\u00e4ngare: 83 g<br \/>\n&#8211; Max. statisk belastningskapacitet per kl\u00e4dh\u00e4ngare: 5 kg<\/p>\n<p>Leveransomfattning: &#8211; 30 x kl\u00e4dh\u00e4ngare SONGMICS Anm\u00e4rkningar:<br \/>\n&#8211; Anv\u00e4nd inte dessa kl\u00e4dh\u00e4ngare i torktumlare.<\/p>\n","protected":false},"excerpt":{"rendered":"<p>SONGMICS Kl\u00e4dh\u00e4ngare i plast, 30 stycken, h\u00f6g belastningskapacitet, kostymh\u00e4ngare med halkfria gummiknoppar, tunna, platsbesparande, jackh\u00e4ngare med 360\u00b0 vridbar krok, f\u00f6r rockar, gr\u00e5 CRP30G<\/p>\n","protected":false},"featured_media":39423,"comment_status":"open","ping_status":"closed","template":"","meta":[],"product_brand":[],"product_cat":[33],"product_tag":[],"class_list":{"0":"post-10883","1":"product","2":"type-product","3":"status-publish","4":"has-post-thumbnail","6":"product_cat-okategoriserad","8":"first","9":"instock","10":"shipping-taxable","11":"purchasable","12":"product-type-simple"},"_links":{"self":[{"href":"https:\/\/nordicmart.andreevmaster.com\/sv\/wp-json\/wp\/v2\/product\/10883","targetHints":{"allow":["GET"]}}],"collection":[{"href":"https:\/\/nordicmart.andreevmaster.com\/sv\/wp-json\/wp\/v2\/product"}],"about":[{"href":"https:\/\/nordicmart.andreevmaster.com\/sv\/wp-json\/wp\/v2\/types\/product"}],"replies":[{"embeddable":true,"href":"https:\/\/nordicmart.andreevmaster.com\/sv\/wp-json\/wp\/v2\/comments?post=10883"}],"wp:featuredmedia":[{"embeddable":true,"href":"https:\/\/nordicmart.andreevmaster.com\/sv\/wp-json\/wp\/v2\/media\/39423"}],"wp:attachment":[{"href":"https:\/\/nordicmart.andreevmaster.com\/sv\/wp-json\/wp\/v2\/media?parent=10883"}],"wp:term":[{"taxonomy":"product_brand","embeddable":true,"href":"https:\/\/nordicmart.andreevmaster.com\/sv\/wp-json\/wp\/v2\/product_brand?post=10883"},{"taxonomy":"product_cat","embeddable":true,"href":"https:\/\/nordicmart.andreevmaster.com\/sv\/wp-json\/wp\/v2\/product_cat?post=10883"},{"taxonomy":"product_tag","embeddable":true,"href":"https:\/\/nordicmart.andreevmaster.com\/sv\/wp-json\/wp\/v2\/product_tag?post=10883"}],"curies":[{"name":"wp","href":"https:\/\/api.w.org\/{rel}","templated":true}]}}