{"id":10882,"date":"2026-02-27T00:08:40","date_gmt":"2026-02-27T00:08:40","guid":{"rendered":"https:\/\/nordicmart.andreevmaster.com\/product\/songmics-kladhangare-i-plast-svart\/"},"modified":"2026-02-27T08:04:03","modified_gmt":"2026-02-27T08:04:03","slug":"songmics-kladhangare-i-plast-svart","status":"publish","type":"product","link":"https:\/\/nordicmart.andreevmaster.com\/sv\/produkt\/songmics-kladhangare-i-plast-svart\/","title":{"rendered":"SONGMICS kl\u00e4dh\u00e4ngare i plast, svart"},"content":{"rendered":"<p>Irriterar kl\u00e4dh\u00f6gen dig?<\/p>\n<p>Spenderar du f\u00f6r mycket tid p\u00e5 att leta efter kl\u00e4der att ta p\u00e5 dig?<\/p>\n<p>Skrynklar dina kl\u00e4der l\u00e4tt eftersom du inte \u00e4r s\u00e5 bra p\u00e5 att vika dem?<\/p>\n<p>SONGMICS plastgalgar hj\u00e4lper dig att l\u00f6sa alla dessa problem. De \u00e4r enkla men funktionella och passar alla typer av kl\u00e4der. Till exempel jackor, rockar, skjortor, kjolar, byxor, kl\u00e4nningar, halsdukar, handdukar etc.<\/p>\n<p>SONGMICS-kl\u00e4dh\u00e4ngare \u00e4r utformade f\u00f6r att g\u00f6ra din vardag mer praktisk.<\/p>\n<p>Lufttorkning eller garderobsorganisation. Dessa galgar \u00e4r tillverkade av ABS-plast och passar f\u00f6r torkning av v\u00e5ta kl\u00e4der och organiserar kl\u00e4derna perfekt i garderoben.<\/p>\n<p>Egenskaper:<\/p>\n<p>&#8211; F\u00e4rg: Gr\u00e5<br \/>\n&#8211; Material: ABS-plast<br \/>\n&#8211; M\u00e5tt per h\u00e4ngare: 45 x 0,5 x 22 cm (L x B x H)<br \/>\n&#8211; Vikt per galge: 83 g<br \/>\n&#8211; Maximal statisk belastningskapacitet: 5 kg\/galge<\/p>\n<p>Leverans:<br \/>\n&#8211; 30 x h\u00e4ngare<\/p>\n","protected":false},"excerpt":{"rendered":"<p>SONGMICS Kl\u00e4dh\u00e4ngare i plast, 30 stycken, h\u00f6g belastningskapacitet, kostymh\u00e4ngare med halkfria gummiknoppar, tunna, platsbesparande, jackh\u00e4ngare med 360\u00b0 vridbar krok, f\u00f6r rockar, gr\u00e5 CRP30G<\/p>\n","protected":false},"featured_media":39422,"comment_status":"open","ping_status":"closed","template":"","meta":[],"product_brand":[],"product_cat":[33],"product_tag":[],"class_list":{"0":"post-10882","1":"product","2":"type-product","3":"status-publish","4":"has-post-thumbnail","6":"product_cat-okategoriserad","8":"first","9":"instock","10":"shipping-taxable","11":"purchasable","12":"product-type-simple"},"_links":{"self":[{"href":"https:\/\/nordicmart.andreevmaster.com\/sv\/wp-json\/wp\/v2\/product\/10882","targetHints":{"allow":["GET"]}}],"collection":[{"href":"https:\/\/nordicmart.andreevmaster.com\/sv\/wp-json\/wp\/v2\/product"}],"about":[{"href":"https:\/\/nordicmart.andreevmaster.com\/sv\/wp-json\/wp\/v2\/types\/product"}],"replies":[{"embeddable":true,"href":"https:\/\/nordicmart.andreevmaster.com\/sv\/wp-json\/wp\/v2\/comments?post=10882"}],"wp:featuredmedia":[{"embeddable":true,"href":"https:\/\/nordicmart.andreevmaster.com\/sv\/wp-json\/wp\/v2\/media\/39422"}],"wp:attachment":[{"href":"https:\/\/nordicmart.andreevmaster.com\/sv\/wp-json\/wp\/v2\/media?parent=10882"}],"wp:term":[{"taxonomy":"product_brand","embeddable":true,"href":"https:\/\/nordicmart.andreevmaster.com\/sv\/wp-json\/wp\/v2\/product_brand?post=10882"},{"taxonomy":"product_cat","embeddable":true,"href":"https:\/\/nordicmart.andreevmaster.com\/sv\/wp-json\/wp\/v2\/product_cat?post=10882"},{"taxonomy":"product_tag","embeddable":true,"href":"https:\/\/nordicmart.andreevmaster.com\/sv\/wp-json\/wp\/v2\/product_tag?post=10882"}],"curies":[{"name":"wp","href":"https:\/\/api.w.org\/{rel}","templated":true}]}}