{"id":10881,"date":"2026-02-27T00:08:39","date_gmt":"2026-02-27T00:08:39","guid":{"rendered":"https:\/\/nordicmart.andreevmaster.com\/product\/songmics-platsbesparande-hangare-10-st-svarta\/"},"modified":"2026-02-27T08:04:03","modified_gmt":"2026-02-27T08:04:03","slug":"songmics-platsbesparande-hangare-10-st-svarta","status":"publish","type":"product","link":"https:\/\/nordicmart.andreevmaster.com\/sv\/produkt\/songmics-platsbesparande-hangare-10-st-svarta\/","title":{"rendered":"SONGMICS platsbesparande h\u00e4ngare 10 st svarta"},"content":{"rendered":"<p>Varje g\u00e5ng du unnar dig ett nytt kl\u00e4desplagg m\u00e5ste du fundera p\u00e5 att sl\u00e4nga ett gammalt? F\u00f6r att det knappt finns plats i din garderob? M\u00e4nniskor som \u00e4lskar kl\u00e4der har alltid detta problem: oavsett om du har en liten garderob eller ett stort kl\u00e4drum blir det alltid samma sak \u2013 det blir alltid f\u00f6r tr\u00e5ngt! D\u00e5 beh\u00f6ver du verkligen SONGMICS platsbesparande galgar \u2013 den platsbesparande l\u00f6sningen f\u00f6r \u00f6verfulla garderober.  P\u00e5 varje galgh\u00e5llare kan du h\u00e4nga upp till 10 kl\u00e4desplagg, beroende p\u00e5 kl\u00e4dernas vikt, med en galge. Genom att h\u00e4nga upp kroken p\u00e5 ena sidan h\u00e4nger blusarna eller skjortorna ned i trappsteg. F\u00f6r att ta ut dem kan du h\u00e4nga upp den platsbesparande galgen med b\u00e5da krokarna och sedan h\u00e4nga ner den igen n\u00e4r du \u00e4r klar. Detta sparar mycket plats p\u00e5 kl\u00e4dst\u00e5ngen, s\u00e5 att du f\u00e5r mer plats i din garderob, dessutom blir garderoben \u00f6versk\u00e5dlig och st\u00e4dad. Produktdetaljer: &#8211; M\u00e5tt per galge: 23,7 x 11 x 0,92 cm (B x H x D) &#8211; F\u00e4rg: gr\u00e5 &#8211; Material: ABS-plast &#8211; Max. belastningskapacitet per galge: 15 kg &#8211; Vikt: 1 kg Leveransomfattning: &#8211; 10 x kl\u00e4dh\u00e4ngare SONGMICS Anm\u00e4rkningar: &#8211; H\u00e5ll produkten borta fr\u00e5n eld och skydda den fr\u00e5n v\u00e4rme och direkt solljus. <\/p>\n","protected":false},"excerpt":{"rendered":"<p>SONGMICS platsbesparande kl\u00e4dh\u00e4ngare, 10-pack, premiumkvalitet, platsbesparande kl\u00e4dh\u00e4ngare, multipelkl\u00e4dh\u00e4ngare, garderobsorganiserare, stark h\u00f6gkvalitativ plast, gr\u00e5 CRP23G-10<\/p>\n","protected":false},"featured_media":39421,"comment_status":"open","ping_status":"closed","template":"","meta":[],"product_brand":[],"product_cat":[33],"product_tag":[],"class_list":{"0":"post-10881","1":"product","2":"type-product","3":"status-publish","4":"has-post-thumbnail","6":"product_cat-okategoriserad","8":"first","9":"instock","10":"shipping-taxable","11":"purchasable","12":"product-type-simple"},"_links":{"self":[{"href":"https:\/\/nordicmart.andreevmaster.com\/sv\/wp-json\/wp\/v2\/product\/10881","targetHints":{"allow":["GET"]}}],"collection":[{"href":"https:\/\/nordicmart.andreevmaster.com\/sv\/wp-json\/wp\/v2\/product"}],"about":[{"href":"https:\/\/nordicmart.andreevmaster.com\/sv\/wp-json\/wp\/v2\/types\/product"}],"replies":[{"embeddable":true,"href":"https:\/\/nordicmart.andreevmaster.com\/sv\/wp-json\/wp\/v2\/comments?post=10881"}],"wp:featuredmedia":[{"embeddable":true,"href":"https:\/\/nordicmart.andreevmaster.com\/sv\/wp-json\/wp\/v2\/media\/39421"}],"wp:attachment":[{"href":"https:\/\/nordicmart.andreevmaster.com\/sv\/wp-json\/wp\/v2\/media?parent=10881"}],"wp:term":[{"taxonomy":"product_brand","embeddable":true,"href":"https:\/\/nordicmart.andreevmaster.com\/sv\/wp-json\/wp\/v2\/product_brand?post=10881"},{"taxonomy":"product_cat","embeddable":true,"href":"https:\/\/nordicmart.andreevmaster.com\/sv\/wp-json\/wp\/v2\/product_cat?post=10881"},{"taxonomy":"product_tag","embeddable":true,"href":"https:\/\/nordicmart.andreevmaster.com\/sv\/wp-json\/wp\/v2\/product_tag?post=10881"}],"curies":[{"name":"wp","href":"https:\/\/api.w.org\/{rel}","templated":true}]}}