{"id":10880,"date":"2026-02-27T00:08:39","date_gmt":"2026-02-27T00:08:39","guid":{"rendered":"https:\/\/nordicmart.andreevmaster.com\/product\/songmics-platsbesparande-kladhangare-30-pack\/"},"modified":"2026-02-27T08:04:02","modified_gmt":"2026-02-27T08:04:02","slug":"songmics-platsbesparande-kladhangare-30-pack","status":"publish","type":"product","link":"https:\/\/nordicmart.andreevmaster.com\/sv\/produkt\/songmics-platsbesparande-kladhangare-30-pack\/","title":{"rendered":"SONGMICS platsbesparande kl\u00e4dh\u00e4ngare, 30-pack"},"content":{"rendered":"<p>Har du sv\u00e5rt att \u00f6verblicka det stora utbudet av olika typer av kl\u00e4dh\u00e4ngare?<br \/>\nVarf\u00f6r inte prova dessa enkla kl\u00e4dh\u00e4ngare fr\u00e5n SONGMICS f\u00f6r att ge din garderob en touch av klass?<br \/>\nIbland \u00e4r en enkel design allt du beh\u00f6ver.<br \/>\nOavsett om det g\u00e4ller dunjackor, ullrockar, vindjackor, skjortor, kl\u00e4nningar, byxor, kjolar, halsdukar eller handdukar \u2013 alla kl\u00e4desplagg kan enkelt h\u00e4ngas upp p\u00e5 galgarna och tas ner igen.<br \/>\nDessa kl\u00e4dh\u00e4ngare fr\u00e5n SONGMICS erbjuder alla funktioner du beh\u00f6ver f\u00f6r att f\u00f6rvara dina kl\u00e4der snyggt och utan veck.<br \/>\nProduktdetaljer: F\u00e4rg: Vitgr\u00e5<br \/>\nMaterial: ABS-plast<br \/>\nStorlek per galge: 42 x 0,6 x 21,5 cm (L x B x H)<br \/>\nVikt per galge: 83 g<br \/>\nMax. statisk belastningskapacitet per galge: 5 kg<\/p>\n<p>Leveransomfattning:<br \/>\n30 x kl\u00e4dh\u00e4ngare<\/p>\n<p>SONGMICS Anm\u00e4rkningar:<br \/>\nDen maximala belastningen per galge \u00e4r 5 kg. \u00d6verskrid inte denna maximala vikt.<br \/>\nAnv\u00e4nd inte dessa kl\u00e4dh\u00e4ngare i torktumlare eller tv\u00e4ttmaskin.<\/p>\n","protected":false},"excerpt":{"rendered":"<p>SONGMICS Kl\u00e4dh\u00e4ngare, 50-pack, kostymh\u00e4ngare i plast, t\u00e5lig, med halkskydd, platsbesparande, 0,6 cm tjock, 360\u00b0 vridbar krok, 42 cm bred, gr\u00e5 CRP20G50<\/p>\n","protected":false},"featured_media":39420,"comment_status":"open","ping_status":"closed","template":"","meta":[],"product_brand":[],"product_cat":[33],"product_tag":[],"class_list":{"0":"post-10880","1":"product","2":"type-product","3":"status-publish","4":"has-post-thumbnail","6":"product_cat-okategoriserad","8":"first","9":"instock","10":"shipping-taxable","11":"purchasable","12":"product-type-simple"},"_links":{"self":[{"href":"https:\/\/nordicmart.andreevmaster.com\/sv\/wp-json\/wp\/v2\/product\/10880","targetHints":{"allow":["GET"]}}],"collection":[{"href":"https:\/\/nordicmart.andreevmaster.com\/sv\/wp-json\/wp\/v2\/product"}],"about":[{"href":"https:\/\/nordicmart.andreevmaster.com\/sv\/wp-json\/wp\/v2\/types\/product"}],"replies":[{"embeddable":true,"href":"https:\/\/nordicmart.andreevmaster.com\/sv\/wp-json\/wp\/v2\/comments?post=10880"}],"wp:featuredmedia":[{"embeddable":true,"href":"https:\/\/nordicmart.andreevmaster.com\/sv\/wp-json\/wp\/v2\/media\/39420"}],"wp:attachment":[{"href":"https:\/\/nordicmart.andreevmaster.com\/sv\/wp-json\/wp\/v2\/media?parent=10880"}],"wp:term":[{"taxonomy":"product_brand","embeddable":true,"href":"https:\/\/nordicmart.andreevmaster.com\/sv\/wp-json\/wp\/v2\/product_brand?post=10880"},{"taxonomy":"product_cat","embeddable":true,"href":"https:\/\/nordicmart.andreevmaster.com\/sv\/wp-json\/wp\/v2\/product_cat?post=10880"},{"taxonomy":"product_tag","embeddable":true,"href":"https:\/\/nordicmart.andreevmaster.com\/sv\/wp-json\/wp\/v2\/product_tag?post=10880"}],"curies":[{"name":"wp","href":"https:\/\/api.w.org\/{rel}","templated":true}]}}