{"id":10878,"date":"2026-02-27T00:08:39","date_gmt":"2026-02-27T00:08:39","guid":{"rendered":"https:\/\/nordicmart.andreevmaster.com\/product\/songmics-30-pack-kladhangare\/"},"modified":"2026-02-27T08:04:02","modified_gmt":"2026-02-27T08:04:02","slug":"songmics-30-pack-kladhangare","status":"publish","type":"product","link":"https:\/\/nordicmart.andreevmaster.com\/sv\/produkt\/songmics-30-pack-kladhangare\/","title":{"rendered":"SONGMICS 30-pack kl\u00e4dh\u00e4ngare"},"content":{"rendered":"<p>SONGMICS Kl\u00e4dh\u00e4ngare, 50-pack, kostymh\u00e4ngare i plast, t\u00e5lig, med halkskydd, platsbesparande, 0,6 cm tjock, 360\u00b0 vridbar krok, 42 cm bred, gr\u00e5 CRP20G50<\/p>\n","protected":false},"excerpt":{"rendered":"<p>SONGMICS Kl\u00e4dh\u00e4ngare, 50-pack, kostymh\u00e4ngare i plast, t\u00e5lig, med halkskydd, platsbesparande, 0,6 cm tjock, 360\u00b0 vridbar krok, 42 cm bred, gr\u00e5 CRP20G50<\/p>\n","protected":false},"featured_media":39418,"comment_status":"open","ping_status":"closed","template":"","meta":[],"product_brand":[],"product_cat":[33],"product_tag":[],"class_list":{"0":"post-10878","1":"product","2":"type-product","3":"status-publish","4":"has-post-thumbnail","6":"product_cat-okategoriserad","8":"first","9":"instock","10":"shipping-taxable","11":"purchasable","12":"product-type-simple"},"_links":{"self":[{"href":"https:\/\/nordicmart.andreevmaster.com\/sv\/wp-json\/wp\/v2\/product\/10878","targetHints":{"allow":["GET"]}}],"collection":[{"href":"https:\/\/nordicmart.andreevmaster.com\/sv\/wp-json\/wp\/v2\/product"}],"about":[{"href":"https:\/\/nordicmart.andreevmaster.com\/sv\/wp-json\/wp\/v2\/types\/product"}],"replies":[{"embeddable":true,"href":"https:\/\/nordicmart.andreevmaster.com\/sv\/wp-json\/wp\/v2\/comments?post=10878"}],"wp:featuredmedia":[{"embeddable":true,"href":"https:\/\/nordicmart.andreevmaster.com\/sv\/wp-json\/wp\/v2\/media\/39418"}],"wp:attachment":[{"href":"https:\/\/nordicmart.andreevmaster.com\/sv\/wp-json\/wp\/v2\/media?parent=10878"}],"wp:term":[{"taxonomy":"product_brand","embeddable":true,"href":"https:\/\/nordicmart.andreevmaster.com\/sv\/wp-json\/wp\/v2\/product_brand?post=10878"},{"taxonomy":"product_cat","embeddable":true,"href":"https:\/\/nordicmart.andreevmaster.com\/sv\/wp-json\/wp\/v2\/product_cat?post=10878"},{"taxonomy":"product_tag","embeddable":true,"href":"https:\/\/nordicmart.andreevmaster.com\/sv\/wp-json\/wp\/v2\/product_tag?post=10878"}],"curies":[{"name":"wp","href":"https:\/\/api.w.org\/{rel}","templated":true}]}}