{"id":10877,"date":"2026-02-27T00:08:39","date_gmt":"2026-02-27T00:08:39","guid":{"rendered":"https:\/\/nordicmart.andreevmaster.com\/product\/songmics-halkskyddshangare-50-stycken-gra\/"},"modified":"2026-02-27T08:04:02","modified_gmt":"2026-02-27T08:04:02","slug":"songmics-halkskyddshangare-50-stycken-gra","status":"publish","type":"product","link":"https:\/\/nordicmart.andreevmaster.com\/sv\/produkt\/songmics-halkskyddshangare-50-stycken-gra\/","title":{"rendered":"SONGMICS halkskyddsh\u00e4ngare 50 stycken gr\u00e5"},"content":{"rendered":"<p>Har du sv\u00e5rt att \u00f6verblicka det stora utbudet av olika typer av kl\u00e4dh\u00e4ngare? Varf\u00f6r inte prova dessa klassiska kl\u00e4dh\u00e4ngare fr\u00e5n SONGMICS f\u00f6r att ge din garderob en touch av klass? Ibland \u00e4r en enkel design allt du beh\u00f6ver. Oavsett om det g\u00e4ller dunjackor, ullrockar, vindjackor, skjortor, kl\u00e4nningar, byxor, kjolar, halsdukar eller handdukar \u2013 alla kl\u00e4desplagg kan enkelt h\u00e4ngas upp och tas ner fr\u00e5n galgarna. Dessa kl\u00e4dh\u00e4ngare fr\u00e5n SONGMICS erbjuder alla funktioner du beh\u00f6ver f\u00f6r att f\u00f6rvara dina kl\u00e4der snyggt och utan veck. Produktdetaljer: &#8211; F\u00e4rg: Svart &#8211; Material: ABS-plast &#8211; M\u00e5tt per galge: 42 x 0,6 x 21,5 cm (L x B x H) &#8211; Vikt per galge: 83 g &#8211; Max. belastningskapacitet per galge: 5 kg Leveransomfattning: &#8211; 50 x kl\u00e4dh\u00e4ngare SONGMICS Anvisningar:- H\u00e4ng inte f\u00f6r tunga f\u00f6rem\u00e5l eller kl\u00e4der p\u00e5 kl\u00e4dh\u00e4ngarna. &#8211; Anv\u00e4nd inte dessa kl\u00e4dh\u00e4ngare i en b\u00e4rbar torktumlare.<\/p>\n","protected":false},"excerpt":{"rendered":"<p>SONGMICS Kl\u00e4dh\u00e4ngare, 50-pack, kostymh\u00e4ngare i plast, t\u00e5lig, med halkskydd, platsbesparande, 0,6 cm tjock, 360\u00b0 vridbar krok, 42 cm bred, gr\u00e5 CRP20G50<\/p>\n","protected":false},"featured_media":39417,"comment_status":"open","ping_status":"closed","template":"","meta":[],"product_brand":[],"product_cat":[33],"product_tag":[],"class_list":{"0":"post-10877","1":"product","2":"type-product","3":"status-publish","4":"has-post-thumbnail","6":"product_cat-okategoriserad","8":"first","9":"instock","10":"shipping-taxable","11":"purchasable","12":"product-type-simple"},"_links":{"self":[{"href":"https:\/\/nordicmart.andreevmaster.com\/sv\/wp-json\/wp\/v2\/product\/10877","targetHints":{"allow":["GET"]}}],"collection":[{"href":"https:\/\/nordicmart.andreevmaster.com\/sv\/wp-json\/wp\/v2\/product"}],"about":[{"href":"https:\/\/nordicmart.andreevmaster.com\/sv\/wp-json\/wp\/v2\/types\/product"}],"replies":[{"embeddable":true,"href":"https:\/\/nordicmart.andreevmaster.com\/sv\/wp-json\/wp\/v2\/comments?post=10877"}],"wp:featuredmedia":[{"embeddable":true,"href":"https:\/\/nordicmart.andreevmaster.com\/sv\/wp-json\/wp\/v2\/media\/39417"}],"wp:attachment":[{"href":"https:\/\/nordicmart.andreevmaster.com\/sv\/wp-json\/wp\/v2\/media?parent=10877"}],"wp:term":[{"taxonomy":"product_brand","embeddable":true,"href":"https:\/\/nordicmart.andreevmaster.com\/sv\/wp-json\/wp\/v2\/product_brand?post=10877"},{"taxonomy":"product_cat","embeddable":true,"href":"https:\/\/nordicmart.andreevmaster.com\/sv\/wp-json\/wp\/v2\/product_cat?post=10877"},{"taxonomy":"product_tag","embeddable":true,"href":"https:\/\/nordicmart.andreevmaster.com\/sv\/wp-json\/wp\/v2\/product_tag?post=10877"}],"curies":[{"name":"wp","href":"https:\/\/api.w.org\/{rel}","templated":true}]}}