{"id":10876,"date":"2026-02-27T00:08:38","date_gmt":"2026-02-27T00:08:38","guid":{"rendered":"https:\/\/nordicmart.andreevmaster.com\/product\/songmics-barnkladhangare-30-stycken-vita\/"},"modified":"2026-02-27T08:04:02","modified_gmt":"2026-02-27T08:04:02","slug":"songmics-barnkladhangare-30-stycken-vita","status":"publish","type":"product","link":"https:\/\/nordicmart.andreevmaster.com\/sv\/produkt\/songmics-barnkladhangare-30-stycken-vita\/","title":{"rendered":"SONGMICS barnkl\u00e4dh\u00e4ngare 30 stycken vita"},"content":{"rendered":"<p>Songmics str\u00e4var efter att erbjuda b\u00e4ttre kl\u00e4dh\u00e4ngare av h\u00f6gre kvalitet. Vi arbetar st\u00e4ndigt f\u00f6r att l\u00f6sa f\u00f6rvaringsproblemet f\u00f6r alla typer av kl\u00e4der. Vi arbetar st\u00e4ndigt f\u00f6r att f\u00f6rb\u00e4ttra produkten utifr\u00e5n era f\u00f6rslag.Vi anv\u00e4nder alltid h\u00f6gkvalitativa material f\u00f6r att garantera b\u00e4sta kvalitet. Vi str\u00e4var alltid efter att alla ska kunna hitta r\u00e4tt kl\u00e4dh\u00e4ngare hos Songmics. Songmics kl\u00e4dh\u00e4ngare f\u00f6ljer med dig i varje h\u00f6rn av ditt hem. Produktdetaljer: M\u00e5tt p\u00e5 varje kl\u00e4dh\u00e4ngare: 29,5 x 17 x 0,57 cm (B x H x D) F\u00e4rg: Vit Material: PP-plast Belastbarhet f\u00f6r varje kl\u00e4dh\u00e4ngare: 2,5 kg Nettovikt: 0,7 kg Bruttovikt: 0,9 kg Leveransomfattning: 30 x kl\u00e4dh\u00e4ngare f\u00f6r barn Obs: H\u00e5ll kl\u00e4dh\u00e4ngarna borta fr\u00e5n ant\u00e4ndningsk\u00e4llor och uts\u00e4tt dem inte f\u00f6r direkt intensivt solljus.<\/p>\n","protected":false},"excerpt":{"rendered":"<p>SONGMICS 30 st barnkl\u00e4dh\u00e4ngare, f\u00f6r babykl\u00e4der\/barnkl\u00e4der, premiumkvalitet, tunna, platsbesparande, stark h\u00f6gkvalitativ plast, 29,5 cm, vit CRP06W-30<\/p>\n","protected":false},"featured_media":39416,"comment_status":"open","ping_status":"closed","template":"","meta":[],"product_brand":[],"product_cat":[33],"product_tag":[],"class_list":{"0":"post-10876","1":"product","2":"type-product","3":"status-publish","4":"has-post-thumbnail","6":"product_cat-okategoriserad","8":"first","9":"instock","10":"shipping-taxable","11":"purchasable","12":"product-type-simple"},"_links":{"self":[{"href":"https:\/\/nordicmart.andreevmaster.com\/sv\/wp-json\/wp\/v2\/product\/10876","targetHints":{"allow":["GET"]}}],"collection":[{"href":"https:\/\/nordicmart.andreevmaster.com\/sv\/wp-json\/wp\/v2\/product"}],"about":[{"href":"https:\/\/nordicmart.andreevmaster.com\/sv\/wp-json\/wp\/v2\/types\/product"}],"replies":[{"embeddable":true,"href":"https:\/\/nordicmart.andreevmaster.com\/sv\/wp-json\/wp\/v2\/comments?post=10876"}],"wp:featuredmedia":[{"embeddable":true,"href":"https:\/\/nordicmart.andreevmaster.com\/sv\/wp-json\/wp\/v2\/media\/39416"}],"wp:attachment":[{"href":"https:\/\/nordicmart.andreevmaster.com\/sv\/wp-json\/wp\/v2\/media?parent=10876"}],"wp:term":[{"taxonomy":"product_brand","embeddable":true,"href":"https:\/\/nordicmart.andreevmaster.com\/sv\/wp-json\/wp\/v2\/product_brand?post=10876"},{"taxonomy":"product_cat","embeddable":true,"href":"https:\/\/nordicmart.andreevmaster.com\/sv\/wp-json\/wp\/v2\/product_cat?post=10876"},{"taxonomy":"product_tag","embeddable":true,"href":"https:\/\/nordicmart.andreevmaster.com\/sv\/wp-json\/wp\/v2\/product_tag?post=10876"}],"curies":[{"name":"wp","href":"https:\/\/api.w.org\/{rel}","templated":true}]}}