{"id":10872,"date":"2026-02-27T00:08:38","date_gmt":"2026-02-27T00:08:38","guid":{"rendered":"https:\/\/nordicmart.andreevmaster.com\/product\/songmics-kladhangare-i-plast-med-vridbara-krokar-black-svart\/"},"modified":"2026-02-27T08:04:01","modified_gmt":"2026-02-27T08:04:01","slug":"songmics-kladhangare-i-plast-med-vridbara-krokar-black-svart","status":"publish","type":"product","link":"https:\/\/nordicmart.andreevmaster.com\/sv\/produkt\/songmics-kladhangare-i-plast-med-vridbara-krokar-black-svart\/","title":{"rendered":"SONGMICS kl\u00e4dh\u00e4ngare i plast med vridbara krokar, bl\u00e4ck svart"},"content":{"rendered":"<p>SONGMICS kl\u00e4dh\u00e4ngare i plast, 50-pack, breda axelsk\u00e5ror, st\u00e5ng f\u00f6r byxor, 360\u00b0 vridbar krok, platsbesparande, 41,6 x 21,4 cm, f\u00f6r garderob, gr\u00e5 CRP060G01<br \/>\nF\u00e4rg: bl\u00e4ck svart<br \/>\nMaterial: ABS-plast, metallkrok<br \/>\nStorlek per kl\u00e4dh\u00e4ngare: 41,6 x 21,4 cm (B x H)<br \/>\nVikt f\u00f6r 50 kl\u00e4dh\u00e4ngare: 4,1 kg<br \/>\nMax. statisk belastningskapacitet per galge: 5 kg<\/p>\n","protected":false},"excerpt":{"rendered":"<p>SONGMICS kl\u00e4dh\u00e4ngare i plast, 50-pack, breda axelsk\u00e5ror, st\u00e5ng f\u00f6r byxor, 360\u00b0 vridbar krok, platsbesparande, 41,6 x 21,4 cm, f\u00f6r garderob, gr\u00e5 CRP060G01<\/p>\n","protected":false},"featured_media":39412,"comment_status":"open","ping_status":"closed","template":"","meta":[],"product_brand":[],"product_cat":[33],"product_tag":[],"class_list":{"0":"post-10872","1":"product","2":"type-product","3":"status-publish","4":"has-post-thumbnail","6":"product_cat-okategoriserad","8":"first","9":"instock","10":"shipping-taxable","11":"purchasable","12":"product-type-simple"},"_links":{"self":[{"href":"https:\/\/nordicmart.andreevmaster.com\/sv\/wp-json\/wp\/v2\/product\/10872","targetHints":{"allow":["GET"]}}],"collection":[{"href":"https:\/\/nordicmart.andreevmaster.com\/sv\/wp-json\/wp\/v2\/product"}],"about":[{"href":"https:\/\/nordicmart.andreevmaster.com\/sv\/wp-json\/wp\/v2\/types\/product"}],"replies":[{"embeddable":true,"href":"https:\/\/nordicmart.andreevmaster.com\/sv\/wp-json\/wp\/v2\/comments?post=10872"}],"wp:featuredmedia":[{"embeddable":true,"href":"https:\/\/nordicmart.andreevmaster.com\/sv\/wp-json\/wp\/v2\/media\/39412"}],"wp:attachment":[{"href":"https:\/\/nordicmart.andreevmaster.com\/sv\/wp-json\/wp\/v2\/media?parent=10872"}],"wp:term":[{"taxonomy":"product_brand","embeddable":true,"href":"https:\/\/nordicmart.andreevmaster.com\/sv\/wp-json\/wp\/v2\/product_brand?post=10872"},{"taxonomy":"product_cat","embeddable":true,"href":"https:\/\/nordicmart.andreevmaster.com\/sv\/wp-json\/wp\/v2\/product_cat?post=10872"},{"taxonomy":"product_tag","embeddable":true,"href":"https:\/\/nordicmart.andreevmaster.com\/sv\/wp-json\/wp\/v2\/product_tag?post=10872"}],"curies":[{"name":"wp","href":"https:\/\/api.w.org\/{rel}","templated":true}]}}