{"id":10871,"date":"2026-02-27T00:08:37","date_gmt":"2026-02-27T00:08:37","guid":{"rendered":"https:\/\/nordicmart.andreevmaster.com\/product\/songmics-platsbesparande-byxhangare-vit\/"},"modified":"2026-02-27T08:04:01","modified_gmt":"2026-02-27T08:04:01","slug":"songmics-platsbesparande-byxhangare-vit","status":"publish","type":"product","link":"https:\/\/nordicmart.andreevmaster.com\/sv\/produkt\/songmics-platsbesparande-byxhangare-vit\/","title":{"rendered":"SONGMICS platsbesparande byxh\u00e4ngare, vit"},"content":{"rendered":"<p>Allt i ordning igen! Ligger det en enorm h\u00f6g med byxor i din garderob? \u00c4r det irriterande att du alltid m\u00e5ste stryka dina skrynkliga byxor? Ligger alla dina halsdukar och handdukar kaotiskt ihopstoppade i en l\u00e5da? Dessa multifunktionella kl\u00e4dh\u00e4ngare kommer till din unds\u00e4ttning! Med dem kan du f\u00e5 ordning p\u00e5 din garderob och hitta allt p\u00e5 ett \u00f6gonblick. Den som f\u00e5r ordning p\u00e5 kaoset har kontroll \u00f6ver sitt liv! Maximera f\u00f6rvaringsutrymmet i garderoben Vad kan du g\u00f6ra n\u00e4r din garderob \u00e4r full? Ge bort n\u00e5gra kl\u00e4der till kl\u00e4dinsamlingen? Nej! Skaffa dessa multifunktionella kl\u00e4dh\u00e4ngare och spara upp till 80 % utrymme i garderoben. S\u00e5 kan du k\u00f6pa fler fina kl\u00e4der! Produktdetaljer:- F\u00e4rg: Vit &#8211; Material: ABS-plast &#8211; Storlek: 32 x 0,8 x 32 cm (L x B x H) &#8211; Totalvikt (4 multifunktionella galgar): 540 g &#8211; Max. statisk belastningskapacitet per multifunktionell galge: 5 kg Leveransomfattning: &#8211; 4 x multifunktionella byxgalgar SONGMICS Anm\u00e4rkningar:- Den maximala belastningskapaciteten per flerfaldig galge \u00e4r 5 kg. \u00d6verskrid inte denna maximala vikt. &#8211; Anv\u00e4nd inte dessa kl\u00e4dh\u00e4ngare i torktumlare eller tv\u00e4ttmaskin.<\/p>\n","protected":false},"excerpt":{"rendered":"<p>SONGMICS platsbesparande byxh\u00e4ngare, 4-pack, multifunktionella kl\u00e4dh\u00e4ngare, av plast, robusta och t\u00e5liga, f\u00f6r garderoben, f\u00f6r byxor, halsdukar, slipsar och handdukar, vit CRP051W4<\/p>\n","protected":false},"featured_media":39411,"comment_status":"open","ping_status":"closed","template":"","meta":[],"product_brand":[],"product_cat":[33],"product_tag":[],"class_list":{"0":"post-10871","1":"product","2":"type-product","3":"status-publish","4":"has-post-thumbnail","6":"product_cat-okategoriserad","8":"first","9":"instock","10":"shipping-taxable","11":"purchasable","12":"product-type-simple"},"_links":{"self":[{"href":"https:\/\/nordicmart.andreevmaster.com\/sv\/wp-json\/wp\/v2\/product\/10871","targetHints":{"allow":["GET"]}}],"collection":[{"href":"https:\/\/nordicmart.andreevmaster.com\/sv\/wp-json\/wp\/v2\/product"}],"about":[{"href":"https:\/\/nordicmart.andreevmaster.com\/sv\/wp-json\/wp\/v2\/types\/product"}],"replies":[{"embeddable":true,"href":"https:\/\/nordicmart.andreevmaster.com\/sv\/wp-json\/wp\/v2\/comments?post=10871"}],"wp:featuredmedia":[{"embeddable":true,"href":"https:\/\/nordicmart.andreevmaster.com\/sv\/wp-json\/wp\/v2\/media\/39411"}],"wp:attachment":[{"href":"https:\/\/nordicmart.andreevmaster.com\/sv\/wp-json\/wp\/v2\/media?parent=10871"}],"wp:term":[{"taxonomy":"product_brand","embeddable":true,"href":"https:\/\/nordicmart.andreevmaster.com\/sv\/wp-json\/wp\/v2\/product_brand?post=10871"},{"taxonomy":"product_cat","embeddable":true,"href":"https:\/\/nordicmart.andreevmaster.com\/sv\/wp-json\/wp\/v2\/product_cat?post=10871"},{"taxonomy":"product_tag","embeddable":true,"href":"https:\/\/nordicmart.andreevmaster.com\/sv\/wp-json\/wp\/v2\/product_tag?post=10871"}],"curies":[{"name":"wp","href":"https:\/\/api.w.org\/{rel}","templated":true}]}}