{"id":10866,"date":"2026-02-27T00:08:36","date_gmt":"2026-02-27T00:08:36","guid":{"rendered":"https:\/\/nordicmart.andreevmaster.com\/product\/songmics-kladhangare-50-pack-halkfria\/"},"modified":"2026-02-27T08:04:00","modified_gmt":"2026-02-27T08:04:00","slug":"songmics-kladhangare-50-pack-halkfria","status":"publish","type":"product","link":"https:\/\/nordicmart.andreevmaster.com\/sv\/produkt\/songmics-kladhangare-50-pack-halkfria\/","title":{"rendered":"SONGMICS kl\u00e4dh\u00e4ngare, 50-pack, halkfria"},"content":{"rendered":"<p>Flexibla kl\u00e4dh\u00e4ngare f\u00f6r olika typer av kl\u00e4der H\u00e4ngarna har tv\u00e5 sm\u00e5 krokar f\u00f6r linne, beh\u00e5ar, kjolar, blusar och byxor med h\u00e4llor. Dessutom kan du h\u00e4nga byxor p\u00e5 mittst\u00e5ngen och scarves och slipsar p\u00e5 den lilla mittst\u00e5ngen. Halkfri och smal design Tack vare gummikuddarna p\u00e5 axelpartiet och mittst\u00e5ngen kan jackor, v\u00e4star och byxor h\u00e4ngas upp s\u00e4kert. Kl\u00e4dh\u00e4ngarna \u00e4r bara 0,5 cm tjocka och tar d\u00e4rf\u00f6r lite plats i garderoben. De \u00e4r \u00e4nd\u00e5 robusta, inte l\u00e4ttkrossade och t\u00e5l \u00e4ven tunga kl\u00e4desplagg utan problem. Mer plats i garderoben \u00c4ntligen kan du h\u00e4nga jackor och byxor tillsammans p\u00e5 en galge. En komplett outfit kan s\u00e5lunda f\u00f6renas p\u00e5 en galge \u2013 p\u00e5 s\u00e5 s\u00e4tt sparar du inte bara plats i garderoben, utan ocks\u00e5 tid som du annars skulle ha sl\u00f6sat bort p\u00e5 att leta efter passande kl\u00e4der! Produktdetaljer:- F\u00e4rg: Rosa-m\u00f6rkgr\u00e5 &#8211; Material: ABS-plast, metallkrok &#8211; Storlek per galge: 41,5 x 0,5 x 22,5 cm (L x B x H) &#8211; Vikt per galge: 86 g &#8211; Max. statisk belastningskapacitet per galge: 5 kg Leveransomfattning: &#8211; 50 x kl\u00e4dh\u00e4ngare SONGMICS Anvisningar:- H\u00e5ll kl\u00e4dh\u00e4ngarna borta fr\u00e5n ant\u00e4ndningsk\u00e4llor. &#8211; Anv\u00e4nd inte kl\u00e4dh\u00e4ngarna i rum med h\u00f6g temperatur. &#8211; H\u00e4ng inte f\u00f6r tunga f\u00f6rem\u00e5l och kl\u00e4der p\u00e5 kl\u00e4dh\u00e4ngarna. &#8211; Anv\u00e4nd inte dessa kl\u00e4dh\u00e4ngare i en torktumlare.<\/p>\n","protected":false},"excerpt":{"rendered":"<p>SONGMICS kl\u00e4dh\u00e4ngare, 20 stycken, kostymh\u00e4ngare av plast, t\u00e5lig, S-formad \u00f6ppning, halkfri, tjocklek 0,5 cm, platsbesparande, 360\u00b0 vridbar krok, 41,5 cm l\u00e5ng, vit-m\u00f6rkgr\u00e5 CRP041WG02<\/p>\n","protected":false},"featured_media":39406,"comment_status":"open","ping_status":"closed","template":"","meta":[],"product_brand":[],"product_cat":[33],"product_tag":[],"class_list":{"0":"post-10866","1":"product","2":"type-product","3":"status-publish","4":"has-post-thumbnail","6":"product_cat-okategoriserad","8":"first","9":"instock","10":"shipping-taxable","11":"purchasable","12":"product-type-simple"},"_links":{"self":[{"href":"https:\/\/nordicmart.andreevmaster.com\/sv\/wp-json\/wp\/v2\/product\/10866","targetHints":{"allow":["GET"]}}],"collection":[{"href":"https:\/\/nordicmart.andreevmaster.com\/sv\/wp-json\/wp\/v2\/product"}],"about":[{"href":"https:\/\/nordicmart.andreevmaster.com\/sv\/wp-json\/wp\/v2\/types\/product"}],"replies":[{"embeddable":true,"href":"https:\/\/nordicmart.andreevmaster.com\/sv\/wp-json\/wp\/v2\/comments?post=10866"}],"wp:featuredmedia":[{"embeddable":true,"href":"https:\/\/nordicmart.andreevmaster.com\/sv\/wp-json\/wp\/v2\/media\/39406"}],"wp:attachment":[{"href":"https:\/\/nordicmart.andreevmaster.com\/sv\/wp-json\/wp\/v2\/media?parent=10866"}],"wp:term":[{"taxonomy":"product_brand","embeddable":true,"href":"https:\/\/nordicmart.andreevmaster.com\/sv\/wp-json\/wp\/v2\/product_brand?post=10866"},{"taxonomy":"product_cat","embeddable":true,"href":"https:\/\/nordicmart.andreevmaster.com\/sv\/wp-json\/wp\/v2\/product_cat?post=10866"},{"taxonomy":"product_tag","embeddable":true,"href":"https:\/\/nordicmart.andreevmaster.com\/sv\/wp-json\/wp\/v2\/product_tag?post=10866"}],"curies":[{"name":"wp","href":"https:\/\/api.w.org\/{rel}","templated":true}]}}