{"id":10863,"date":"2026-02-27T00:08:36","date_gmt":"2026-02-27T00:08:36","guid":{"rendered":"https:\/\/nordicmart.andreevmaster.com\/product\/songmics-kladhangare-plast-halksaker-platsbesparande-svart\/"},"modified":"2026-02-27T08:04:00","modified_gmt":"2026-02-27T08:04:00","slug":"songmics-kladhangare-plast-halksaker-platsbesparande-svart","status":"publish","type":"product","link":"https:\/\/nordicmart.andreevmaster.com\/sv\/produkt\/songmics-kladhangare-plast-halksaker-platsbesparande-svart\/","title":{"rendered":"SONGMICS kl\u00e4dh\u00e4ngare plast halks\u00e4ker platsbesparande svart"},"content":{"rendered":"<p>SONGMICS kl\u00e4dh\u00e4ngare, 20 stycken, kostymh\u00e4ngare av plast, t\u00e5lig, S-formad \u00f6ppning, halkfri, tjocklek 0,5 cm, platsbesparande, 360\u00b0 vridbar krok, 41,5 cm l\u00e5ng, vit-m\u00f6rkgr\u00e5 CRP041WG02<br \/>\nF\u00e4rg: Svart<br \/>\nMaterial: ABS-plast, metallkrokar<br \/>\nStorlek per galge: 41,5 x 22,5 cm (B x H)<br \/>\nVikt f\u00f6r 50 galgar: 4,2 kg<br \/>\nMax. statisk belastningskapacitet per galge: 5 kg<\/p>\n","protected":false},"excerpt":{"rendered":"<p>SONGMICS kl\u00e4dh\u00e4ngare, 20 stycken, kostymh\u00e4ngare av plast, t\u00e5lig, S-formad \u00f6ppning, halkfri, tjocklek 0,5 cm, platsbesparande, 360\u00b0 vridbar krok, 41,5 cm l\u00e5ng, vit-m\u00f6rkgr\u00e5 CRP041WG02<\/p>\n","protected":false},"featured_media":39403,"comment_status":"open","ping_status":"closed","template":"","meta":[],"product_brand":[],"product_cat":[33],"product_tag":[],"class_list":{"0":"post-10863","1":"product","2":"type-product","3":"status-publish","4":"has-post-thumbnail","6":"product_cat-okategoriserad","8":"first","9":"instock","10":"shipping-taxable","11":"purchasable","12":"product-type-simple"},"_links":{"self":[{"href":"https:\/\/nordicmart.andreevmaster.com\/sv\/wp-json\/wp\/v2\/product\/10863","targetHints":{"allow":["GET"]}}],"collection":[{"href":"https:\/\/nordicmart.andreevmaster.com\/sv\/wp-json\/wp\/v2\/product"}],"about":[{"href":"https:\/\/nordicmart.andreevmaster.com\/sv\/wp-json\/wp\/v2\/types\/product"}],"replies":[{"embeddable":true,"href":"https:\/\/nordicmart.andreevmaster.com\/sv\/wp-json\/wp\/v2\/comments?post=10863"}],"wp:featuredmedia":[{"embeddable":true,"href":"https:\/\/nordicmart.andreevmaster.com\/sv\/wp-json\/wp\/v2\/media\/39403"}],"wp:attachment":[{"href":"https:\/\/nordicmart.andreevmaster.com\/sv\/wp-json\/wp\/v2\/media?parent=10863"}],"wp:term":[{"taxonomy":"product_brand","embeddable":true,"href":"https:\/\/nordicmart.andreevmaster.com\/sv\/wp-json\/wp\/v2\/product_brand?post=10863"},{"taxonomy":"product_cat","embeddable":true,"href":"https:\/\/nordicmart.andreevmaster.com\/sv\/wp-json\/wp\/v2\/product_cat?post=10863"},{"taxonomy":"product_tag","embeddable":true,"href":"https:\/\/nordicmart.andreevmaster.com\/sv\/wp-json\/wp\/v2\/product_tag?post=10863"}],"curies":[{"name":"wp","href":"https:\/\/api.w.org\/{rel}","templated":true}]}}