{"id":10861,"date":"2026-02-27T00:08:35","date_gmt":"2026-02-27T00:08:35","guid":{"rendered":"https:\/\/nordicmart.andreevmaster.com\/product\/songmics-kladhangare-i-plast-50-stycken-vita\/"},"modified":"2026-02-27T08:04:00","modified_gmt":"2026-02-27T08:04:00","slug":"songmics-kladhangare-i-plast-50-stycken-vita","status":"publish","type":"product","link":"https:\/\/nordicmart.andreevmaster.com\/sv\/produkt\/songmics-kladhangare-i-plast-50-stycken-vita\/","title":{"rendered":"SONGMICS kl\u00e4dh\u00e4ngare i plast, 50 stycken, vita"},"content":{"rendered":"<p>Produktdetaljer: M\u00e5tt f\u00f6r varje kl\u00e4dh\u00e4ngare: 41,5 x 23 x 0,6 cm (B x H x D) F\u00e4rg: vit Material: PP-plast Belastningskapacitet f\u00f6r varje kl\u00e4dh\u00e4ngare: 2,5 kg Nettovikt: 1,7 kg Bruttovikt: 2,2 kg Leveransomfattning: 50 x kl\u00e4dh\u00e4ngare Anm\u00e4rkning:H\u00e5ll kl\u00e4dh\u00e4ngarna borta fr\u00e5n ant\u00e4ndningsk\u00e4llor och uts\u00e4tt dem inte f\u00f6r direkt intensivt solljus.<\/p>\n","protected":false},"excerpt":{"rendered":"<p>SONGMICS kl\u00e4dh\u00e4ngare, 50 stycken, premiumkvalitet, h\u00e5llbara och tunna, 0,6 cm, platsbesparande, stark h\u00f6gkvalitativ plast f\u00f6r god belastningsf\u00f6rm\u00e5ga, f\u00f6r vuxna, 41,5 cm breda, vita CRP03W-50<\/p>\n","protected":false},"featured_media":39401,"comment_status":"open","ping_status":"closed","template":"","meta":[],"product_brand":[],"product_cat":[33],"product_tag":[],"class_list":{"0":"post-10861","1":"product","2":"type-product","3":"status-publish","4":"has-post-thumbnail","6":"product_cat-okategoriserad","8":"first","9":"instock","10":"shipping-taxable","11":"purchasable","12":"product-type-simple"},"_links":{"self":[{"href":"https:\/\/nordicmart.andreevmaster.com\/sv\/wp-json\/wp\/v2\/product\/10861","targetHints":{"allow":["GET"]}}],"collection":[{"href":"https:\/\/nordicmart.andreevmaster.com\/sv\/wp-json\/wp\/v2\/product"}],"about":[{"href":"https:\/\/nordicmart.andreevmaster.com\/sv\/wp-json\/wp\/v2\/types\/product"}],"replies":[{"embeddable":true,"href":"https:\/\/nordicmart.andreevmaster.com\/sv\/wp-json\/wp\/v2\/comments?post=10861"}],"wp:featuredmedia":[{"embeddable":true,"href":"https:\/\/nordicmart.andreevmaster.com\/sv\/wp-json\/wp\/v2\/media\/39401"}],"wp:attachment":[{"href":"https:\/\/nordicmart.andreevmaster.com\/sv\/wp-json\/wp\/v2\/media?parent=10861"}],"wp:term":[{"taxonomy":"product_brand","embeddable":true,"href":"https:\/\/nordicmart.andreevmaster.com\/sv\/wp-json\/wp\/v2\/product_brand?post=10861"},{"taxonomy":"product_cat","embeddable":true,"href":"https:\/\/nordicmart.andreevmaster.com\/sv\/wp-json\/wp\/v2\/product_cat?post=10861"},{"taxonomy":"product_tag","embeddable":true,"href":"https:\/\/nordicmart.andreevmaster.com\/sv\/wp-json\/wp\/v2\/product_tag?post=10861"}],"curies":[{"name":"wp","href":"https:\/\/api.w.org\/{rel}","templated":true}]}}