{"id":10860,"date":"2026-02-27T00:08:35","date_gmt":"2026-02-27T00:08:35","guid":{"rendered":"https:\/\/nordicmart.andreevmaster.com\/product\/songmics-kladhangare-plast-50-stycken-svarta\/"},"modified":"2026-02-27T08:03:59","modified_gmt":"2026-02-27T08:03:59","slug":"songmics-kladhangare-plast-50-stycken-svarta","status":"publish","type":"product","link":"https:\/\/nordicmart.andreevmaster.com\/sv\/produkt\/songmics-kladhangare-plast-50-stycken-svarta\/","title":{"rendered":"SONGMICS kl\u00e4dh\u00e4ngare plast 50 stycken svarta"},"content":{"rendered":"<p> Med kl\u00e4mmor f\u00f6r st\u00f6rre frihet De 10 kl\u00e4mmorna \u00e4r l\u00e4tta att f\u00e4sta och g\u00f6r det m\u00f6jligt att h\u00e4nga upp byxor, kjolar och andra kl\u00e4desplagg som inte \u00e4r s\u00e5 l\u00e4tta att h\u00e4nga p\u00e5 en kl\u00e4dh\u00e4ngare.   Tidl\u00f6s design med sk\u00e5ror Kl\u00e4dh\u00e4ngarnas design g\u00f6r att du kan h\u00e4nga upp jackor och byxor, tr\u00f6jor och kjolar eller skjortor och shorts tillsammans. De extra sk\u00e5rorna p\u00e5 sidorna \u00e4r perfekta f\u00f6r linne, beh\u00e5ar samt kjolar och byxor som har \u00f6glor f\u00f6r upph\u00e4ngning.   Ovanlig och smal design Kl\u00e4dh\u00e4ngarna \u00e4r bara 0,6 cm tjocka och tar d\u00e4rf\u00f6r lite plats i garderoben. De \u00e4r \u00e4nd\u00e5 robusta, g\u00e5r inte s\u00f6nder s\u00e5 l\u00e4tt och t\u00e5l en del kl\u00e4desplagg.    Produktdetaljer: &#8211; F\u00e4rg: svart &#8211; Material: PP-plast &#8211; M\u00e5tt f\u00f6r varje kl\u00e4dh\u00e4ngare: 41,5 x 23 x 0,6 cm (B x H x D)  &#8211; Vikt f\u00f6r varje kl\u00e4dh\u00e4ngare: 34 g &#8211; Max. belastningskapacitet f\u00f6r varje kl\u00e4dh\u00e4ngare: 2,5 kg   Leveransomfattning: &#8211; 50 x kl\u00e4dh\u00e4ngare  SONGMICS Anvisningar: &#8211; H\u00e5ll kl\u00e4dh\u00e4ngarna borta fr\u00e5n ant\u00e4ndningsk\u00e4llor.  &#8211; Anv\u00e4nd inte kl\u00e4dh\u00e4ngarna i rum med h\u00f6g temperatur.  &#8211; H\u00e4ng inte f\u00f6r tunga f\u00f6rem\u00e5l och kl\u00e4der p\u00e5 kl\u00e4dh\u00e4ngarna &#8211; Anv\u00e4nd inte dessa kl\u00e4dh\u00e4ngare i en b\u00e4rbar torktumlare. <\/p>\n","protected":false},"excerpt":{"rendered":"<p>SONGMICS kl\u00e4dh\u00e4ngare, 50 stycken, premiumkvalitet, h\u00e5llbara och tunna, 0,6 cm, platsbesparande, stark h\u00f6gkvalitativ plast f\u00f6r god belastningsf\u00f6rm\u00e5ga, f\u00f6r vuxna, 41,5 cm breda, vita CRP03W-50<\/p>\n","protected":false},"featured_media":39400,"comment_status":"open","ping_status":"closed","template":"","meta":[],"product_brand":[],"product_cat":[33],"product_tag":[],"class_list":{"0":"post-10860","1":"product","2":"type-product","3":"status-publish","4":"has-post-thumbnail","6":"product_cat-okategoriserad","8":"first","9":"instock","10":"shipping-taxable","11":"purchasable","12":"product-type-simple"},"_links":{"self":[{"href":"https:\/\/nordicmart.andreevmaster.com\/sv\/wp-json\/wp\/v2\/product\/10860","targetHints":{"allow":["GET"]}}],"collection":[{"href":"https:\/\/nordicmart.andreevmaster.com\/sv\/wp-json\/wp\/v2\/product"}],"about":[{"href":"https:\/\/nordicmart.andreevmaster.com\/sv\/wp-json\/wp\/v2\/types\/product"}],"replies":[{"embeddable":true,"href":"https:\/\/nordicmart.andreevmaster.com\/sv\/wp-json\/wp\/v2\/comments?post=10860"}],"wp:featuredmedia":[{"embeddable":true,"href":"https:\/\/nordicmart.andreevmaster.com\/sv\/wp-json\/wp\/v2\/media\/39400"}],"wp:attachment":[{"href":"https:\/\/nordicmart.andreevmaster.com\/sv\/wp-json\/wp\/v2\/media?parent=10860"}],"wp:term":[{"taxonomy":"product_brand","embeddable":true,"href":"https:\/\/nordicmart.andreevmaster.com\/sv\/wp-json\/wp\/v2\/product_brand?post=10860"},{"taxonomy":"product_cat","embeddable":true,"href":"https:\/\/nordicmart.andreevmaster.com\/sv\/wp-json\/wp\/v2\/product_cat?post=10860"},{"taxonomy":"product_tag","embeddable":true,"href":"https:\/\/nordicmart.andreevmaster.com\/sv\/wp-json\/wp\/v2\/product_tag?post=10860"}],"curies":[{"name":"wp","href":"https:\/\/api.w.org\/{rel}","templated":true}]}}