{"id":10859,"date":"2026-02-27T00:08:35","date_gmt":"2026-02-27T00:08:35","guid":{"rendered":"https:\/\/nordicmart.andreevmaster.com\/product\/songmics-byxhangare-12-pack\/"},"modified":"2026-02-27T08:03:59","modified_gmt":"2026-02-27T08:03:59","slug":"songmics-byxhangare-12-pack","status":"publish","type":"product","link":"https:\/\/nordicmart.andreevmaster.com\/sv\/produkt\/songmics-byxhangare-12-pack\/","title":{"rendered":"SONGMICS byxh\u00e4ngare 12-pack"},"content":{"rendered":"<p>\u00c4ntligen ett enhetligt utseende Svarta krokar, svarta st\u00e4nger, svarta kl\u00e4mmor \u2013 dessa byxh\u00e4ngare imponerar med sitt enhetliga utseende. H\u00e4ng dem i din garderob och ge \u00e4ven den ett enhetligt utseende. Alla kl\u00e4desplagg h\u00e4ngs upp snyggt p\u00e5 likadana h\u00e4ngare. Vilken fr\u00f6jd f\u00f6r \u00f6gat! L\u00e4mplig f\u00f6r olika kl\u00e4desplagg Oavsett om det \u00e4r byxor, kjolar, strumpor, halsdukar, beh\u00e5ar eller linne \u2013 alla kl\u00e4desplagg i din familj passar p\u00e5 dessa plastgalgar. Flytta kl\u00e4mmorna \u00e5t v\u00e4nster eller h\u00f6ger f\u00f6r att anpassa dem till storleken p\u00e5 olika kl\u00e4desplagg \u2013 kl\u00e4der f\u00f6r vuxna eller barn? Inget problem! Varje galge t\u00e5l dessutom vikter upp till 5 kg, s\u00e5 du kan h\u00e4nga \u00e4ven tunga jeans p\u00e5 dem utan problem. Produktdetaljer: &#8211; F\u00e4rg: svart &#8211; Material: ABS-plast, metall &#8211; Storlek per galge: 35,5 x 1 x 15 cm (L x B x H) &#8211; Vikt: 78 g &#8211; Max. statisk belastningskapacitet per h\u00e4ngare: 5 kg Leveransomfattning: &#8211; 12 x byxh\u00e4ngare SONGMICS Anm\u00e4rkningar: &#8211; Den maximala belastningskapaciteten per h\u00e4ngare \u00e4r 5 kg. \u00d6verskrid inte denna maximala vikt. &#8211; Anv\u00e4nd inte dessa kl\u00e4dh\u00e4ngare i torktumlare eller tv\u00e4ttmaskin.<\/p>\n","protected":false},"excerpt":{"rendered":"<p>SONGMICS byxh\u00e4ngare, 12-pack, kl\u00e4dh\u00e4ngare, h\u00f6g belastningskapacitet, med clips, kjolh\u00e4ngare av h\u00f6gkvalitativ plast, platsbesparande, 360\u00b0 vridbar krok, 35 cm l\u00e5ng, svart CRP02BK12<\/p>\n","protected":false},"featured_media":39399,"comment_status":"open","ping_status":"closed","template":"","meta":[],"product_brand":[],"product_cat":[33],"product_tag":[],"class_list":{"0":"post-10859","1":"product","2":"type-product","3":"status-publish","4":"has-post-thumbnail","6":"product_cat-okategoriserad","8":"first","9":"instock","10":"shipping-taxable","11":"purchasable","12":"product-type-simple"},"_links":{"self":[{"href":"https:\/\/nordicmart.andreevmaster.com\/sv\/wp-json\/wp\/v2\/product\/10859","targetHints":{"allow":["GET"]}}],"collection":[{"href":"https:\/\/nordicmart.andreevmaster.com\/sv\/wp-json\/wp\/v2\/product"}],"about":[{"href":"https:\/\/nordicmart.andreevmaster.com\/sv\/wp-json\/wp\/v2\/types\/product"}],"replies":[{"embeddable":true,"href":"https:\/\/nordicmart.andreevmaster.com\/sv\/wp-json\/wp\/v2\/comments?post=10859"}],"wp:featuredmedia":[{"embeddable":true,"href":"https:\/\/nordicmart.andreevmaster.com\/sv\/wp-json\/wp\/v2\/media\/39399"}],"wp:attachment":[{"href":"https:\/\/nordicmart.andreevmaster.com\/sv\/wp-json\/wp\/v2\/media?parent=10859"}],"wp:term":[{"taxonomy":"product_brand","embeddable":true,"href":"https:\/\/nordicmart.andreevmaster.com\/sv\/wp-json\/wp\/v2\/product_brand?post=10859"},{"taxonomy":"product_cat","embeddable":true,"href":"https:\/\/nordicmart.andreevmaster.com\/sv\/wp-json\/wp\/v2\/product_cat?post=10859"},{"taxonomy":"product_tag","embeddable":true,"href":"https:\/\/nordicmart.andreevmaster.com\/sv\/wp-json\/wp\/v2\/product_tag?post=10859"}],"curies":[{"name":"wp","href":"https:\/\/api.w.org\/{rel}","templated":true}]}}