{"id":10858,"date":"2026-02-27T00:08:35","date_gmt":"2026-02-27T00:08:35","guid":{"rendered":"https:\/\/nordicmart.andreevmaster.com\/product\/songmics-plastgalgar-for-jackor-50-pack\/"},"modified":"2026-02-27T08:03:59","modified_gmt":"2026-02-27T08:03:59","slug":"songmics-plastgalgar-for-jackor-50-pack","status":"publish","type":"product","link":"https:\/\/nordicmart.andreevmaster.com\/sv\/produkt\/songmics-plastgalgar-for-jackor-50-pack\/","title":{"rendered":"SONGMICS plastgalgar f\u00f6r jackor, 50-pack"},"content":{"rendered":"<p>Har du sv\u00e5rt att \u00f6verblicka det stora utbudet av olika typer av kl\u00e4dh\u00e4ngare? Varf\u00f6r inte prova dessa enkla kl\u00e4dh\u00e4ngare fr\u00e5n SONGMICS f\u00f6r att ge din garderob en touch av klass? Ibland \u00e4r en enkel design allt du beh\u00f6ver. Oavsett om det g\u00e4ller dunjackor, ullrockar, vindjackor, skjortor, kl\u00e4nningar, byxor, kjolar, halsdukar eller handdukar \u2013 alla kl\u00e4desplagg kan enkelt h\u00e4ngas upp p\u00e5 galgarna och tas ner igen. Dessa kl\u00e4dh\u00e4ngare fr\u00e5n SONGMICS erbjuder alla funktioner du beh\u00f6ver f\u00f6r att f\u00f6rvara dina kl\u00e4der snyggt och utan veck. Produktdetaljer:- F\u00e4rg: Vit-m\u00f6rkgr\u00e5 &#8211; Material: ABS-plast &#8211; Storlek per galge: 42 x 0,6 x 21,5 cm (L x B x H) &#8211; Vikt per galge: 83 g &#8211; Max. statisk belastningskapacitet per galge: 5 kg Leveransomf\u00e5ng: &#8211; 50 x kl\u00e4dh\u00e4ngare<\/p>\n","protected":false},"excerpt":{"rendered":"<p>SONGMICS kl\u00e4dh\u00e4ngare, 30-pack, jackh\u00e4ngare av plast, t\u00e5lig, halkskyddad design, platsbesparande, 0,6 cm tjock, 42 cm l\u00e5ng, med krokar i ros\u00e9guld, ljusgr\u00e5-m\u00f6rkgr\u00e5 CRP020G01<\/p>\n","protected":false},"featured_media":39398,"comment_status":"open","ping_status":"closed","template":"","meta":[],"product_brand":[],"product_cat":[33],"product_tag":[],"class_list":{"0":"post-10858","1":"product","2":"type-product","3":"status-publish","4":"has-post-thumbnail","6":"product_cat-okategoriserad","8":"first","9":"instock","10":"shipping-taxable","11":"purchasable","12":"product-type-simple"},"_links":{"self":[{"href":"https:\/\/nordicmart.andreevmaster.com\/sv\/wp-json\/wp\/v2\/product\/10858","targetHints":{"allow":["GET"]}}],"collection":[{"href":"https:\/\/nordicmart.andreevmaster.com\/sv\/wp-json\/wp\/v2\/product"}],"about":[{"href":"https:\/\/nordicmart.andreevmaster.com\/sv\/wp-json\/wp\/v2\/types\/product"}],"replies":[{"embeddable":true,"href":"https:\/\/nordicmart.andreevmaster.com\/sv\/wp-json\/wp\/v2\/comments?post=10858"}],"wp:featuredmedia":[{"embeddable":true,"href":"https:\/\/nordicmart.andreevmaster.com\/sv\/wp-json\/wp\/v2\/media\/39398"}],"wp:attachment":[{"href":"https:\/\/nordicmart.andreevmaster.com\/sv\/wp-json\/wp\/v2\/media?parent=10858"}],"wp:term":[{"taxonomy":"product_brand","embeddable":true,"href":"https:\/\/nordicmart.andreevmaster.com\/sv\/wp-json\/wp\/v2\/product_brand?post=10858"},{"taxonomy":"product_cat","embeddable":true,"href":"https:\/\/nordicmart.andreevmaster.com\/sv\/wp-json\/wp\/v2\/product_cat?post=10858"},{"taxonomy":"product_tag","embeddable":true,"href":"https:\/\/nordicmart.andreevmaster.com\/sv\/wp-json\/wp\/v2\/product_tag?post=10858"}],"curies":[{"name":"wp","href":"https:\/\/api.w.org\/{rel}","templated":true}]}}