{"id":10855,"date":"2026-02-27T00:08:34","date_gmt":"2026-02-27T00:08:34","guid":{"rendered":"https:\/\/nordicmart.andreevmaster.com\/product\/songmics-byxhangare-12-st-gra\/"},"modified":"2026-02-27T08:03:59","modified_gmt":"2026-02-27T08:03:59","slug":"songmics-byxhangare-12-st-gra","status":"publish","type":"product","link":"https:\/\/nordicmart.andreevmaster.com\/sv\/produkt\/songmics-byxhangare-12-st-gra\/","title":{"rendered":"SONGMICS byxh\u00e4ngare 12 st gr\u00e5"},"content":{"rendered":"<p>Vi str\u00e4var alltid efter att erbjuda dig h\u00f6gkvalitativa produkter. Med dessa f\u00f6rb\u00e4ttrade kl\u00e4dh\u00e4ngare kan du h\u00e4nga upp dina jackor tillsammans med matchande byxor. Med detta lilla tillbeh\u00f6r f\u00e5r du ordning p\u00e5 kaoset i kl\u00e4dkammaren, garderoben och p\u00e5 kl\u00e4dh\u00e4ngaren och kan snabbt hitta precis det du letar efter p\u00e5 morgonen.Detta SONGMICS-h\u00e4ngarset i 2-i-1-design erbjuder dig den perfekta l\u00f6sningen f\u00f6r smidig kl\u00e4dorganisation: dina byxor eller kjolar samt matchande skjortor eller tr\u00f6jor \u00e4r alltid ordnade p\u00e5 ett st\u00e4lle, s\u00e5 att du alltid har dem till hands p\u00e5 morgonen. Litet trick, stor effekt! H\u00e5llbar &#038; praktisk Kvalitet \u00e4r dess styrka. V\u00e5ra galgar \u00e4r tillverkade av robust ABS-plast och t\u00e5l en belastning p\u00e5 upp till 2,5 kg vardera, s\u00e5 att de utan problem klarar vikten av dina skjortor, tr\u00f6jor etc. Tack vare de justerbara kl\u00e4mmorna passar \u00e4ven kjolar, byxor, handdukar eller halsdukar i olika storlekar p\u00e5 dessa galgar. De \u00e4r dessutom f\u00f6rsedda med gummikuddar, s\u00e5 att du kan s\u00e4ga adj\u00f6 till irriterande glidande kl\u00e4der! Dessutom kan kroken vridas 360\u00b0, vilket m\u00f6jligg\u00f6r flexibel anv\u00e4ndning. S\u00e5 sparar du plats f\u00f6r fler kl\u00e4der Vill du r\u00e4dda din garderob fr\u00e5n att fyllas med kl\u00e4dberg? Med v\u00e5ra tunna kl\u00e4dh\u00e4ngare f\u00e5r du mer f\u00f6rvaringsutrymme i garderoben f\u00f6r att h\u00e4nga upp kl\u00e4der som tidigare l\u00e5g staplade p\u00e5 varandra och ge dem mer luft att andas. Produktdetaljer: F\u00e4rg: gr\u00e5 Material: ABS-plast M\u00e5tt per kl\u00e4dh\u00e4ngare: 42 x 23,5 x 0,5 cm (B x H x D) Vikt per kl\u00e4dh\u00e4ngare: 94 g Max. belastningskapacitet per kl\u00e4dh\u00e4ngare: 2,5 kg Leveransomfattning: 12 x kl\u00e4dh\u00e4ngare SONGMICS Anm\u00e4rkningar: H\u00e4ng inte f\u00f6r tunga kl\u00e4der p\u00e5 kl\u00e4dh\u00e4ngarna.Anv\u00e4nd inte galgarna i en b\u00e4rbar torktumlare.<\/p>\n","protected":false},"excerpt":{"rendered":"<p>SONGMICS 12 st byxh\u00e4ngare, kl\u00e4dh\u00e4ngare i plast, med clips och 360\u00b0 vridbar krok, halkskydd, tunna, platsbesparande, f\u00f6r byxor, kjolar, kl\u00e4nningar, handdukar, gr\u00e5 CRP01G-12<\/p>\n","protected":false},"featured_media":39395,"comment_status":"open","ping_status":"closed","template":"","meta":[],"product_brand":[],"product_cat":[33],"product_tag":[],"class_list":{"0":"post-10855","1":"product","2":"type-product","3":"status-publish","4":"has-post-thumbnail","6":"product_cat-okategoriserad","8":"first","9":"instock","10":"shipping-taxable","11":"purchasable","12":"product-type-simple"},"_links":{"self":[{"href":"https:\/\/nordicmart.andreevmaster.com\/sv\/wp-json\/wp\/v2\/product\/10855","targetHints":{"allow":["GET"]}}],"collection":[{"href":"https:\/\/nordicmart.andreevmaster.com\/sv\/wp-json\/wp\/v2\/product"}],"about":[{"href":"https:\/\/nordicmart.andreevmaster.com\/sv\/wp-json\/wp\/v2\/types\/product"}],"replies":[{"embeddable":true,"href":"https:\/\/nordicmart.andreevmaster.com\/sv\/wp-json\/wp\/v2\/comments?post=10855"}],"wp:featuredmedia":[{"embeddable":true,"href":"https:\/\/nordicmart.andreevmaster.com\/sv\/wp-json\/wp\/v2\/media\/39395"}],"wp:attachment":[{"href":"https:\/\/nordicmart.andreevmaster.com\/sv\/wp-json\/wp\/v2\/media?parent=10855"}],"wp:term":[{"taxonomy":"product_brand","embeddable":true,"href":"https:\/\/nordicmart.andreevmaster.com\/sv\/wp-json\/wp\/v2\/product_brand?post=10855"},{"taxonomy":"product_cat","embeddable":true,"href":"https:\/\/nordicmart.andreevmaster.com\/sv\/wp-json\/wp\/v2\/product_cat?post=10855"},{"taxonomy":"product_tag","embeddable":true,"href":"https:\/\/nordicmart.andreevmaster.com\/sv\/wp-json\/wp\/v2\/product_tag?post=10855"}],"curies":[{"name":"wp","href":"https:\/\/api.w.org\/{rel}","templated":true}]}}