{"id":10853,"date":"2026-02-27T00:08:34","date_gmt":"2026-02-27T00:08:34","guid":{"rendered":"https:\/\/nordicmart.andreevmaster.com\/product\/songmics-kladhangare-i-plast-50-pack-417-cm-bred-black-svart\/"},"modified":"2026-02-27T08:03:58","modified_gmt":"2026-02-27T08:03:58","slug":"songmics-kladhangare-i-plast-50-pack-417-cm-bred-black-svart","status":"publish","type":"product","link":"https:\/\/nordicmart.andreevmaster.com\/sv\/produkt\/songmics-kladhangare-i-plast-50-pack-417-cm-bred-black-svart\/","title":{"rendered":"SONGMICS kl\u00e4dh\u00e4ngare i plast, 50-pack, 41,7 cm bred, bl\u00e4ck svart"},"content":{"rendered":"<p>SONGMICS kl\u00e4dh\u00e4ngare i plast, 50-pack, h\u00e4ngare, med breda axelsk\u00e5ror, platsbesparande, 41,7 cm bred, bl\u00e4ck svart CRP010B01<br \/>\nF\u00e4rg: bl\u00e4ck svart<br \/>\nMaterial: PP-plast (polypropen)<br \/>\nStorlek per kl\u00e4dh\u00e4ngare: 41,7 x 21 cm (B x H)<br \/>\nVikt f\u00f6r 50 kl\u00e4dh\u00e4ngare: 2,3 kg<br \/>\nMax. statisk belastningskapacitet per galge: 5 kg<\/p>\n","protected":false},"excerpt":{"rendered":"<p>SONGMICS kl\u00e4dh\u00e4ngare i plast, 50-pack, h\u00e4ngare, med breda axelsk\u00e5ror, platsbesparande, 41,7 cm bred, bl\u00e4ck svart CRP010B01<\/p>\n","protected":false},"featured_media":39393,"comment_status":"open","ping_status":"closed","template":"","meta":[],"product_brand":[],"product_cat":[33],"product_tag":[],"class_list":{"0":"post-10853","1":"product","2":"type-product","3":"status-publish","4":"has-post-thumbnail","6":"product_cat-okategoriserad","8":"first","9":"instock","10":"shipping-taxable","11":"purchasable","12":"product-type-simple"},"_links":{"self":[{"href":"https:\/\/nordicmart.andreevmaster.com\/sv\/wp-json\/wp\/v2\/product\/10853","targetHints":{"allow":["GET"]}}],"collection":[{"href":"https:\/\/nordicmart.andreevmaster.com\/sv\/wp-json\/wp\/v2\/product"}],"about":[{"href":"https:\/\/nordicmart.andreevmaster.com\/sv\/wp-json\/wp\/v2\/types\/product"}],"replies":[{"embeddable":true,"href":"https:\/\/nordicmart.andreevmaster.com\/sv\/wp-json\/wp\/v2\/comments?post=10853"}],"wp:featuredmedia":[{"embeddable":true,"href":"https:\/\/nordicmart.andreevmaster.com\/sv\/wp-json\/wp\/v2\/media\/39393"}],"wp:attachment":[{"href":"https:\/\/nordicmart.andreevmaster.com\/sv\/wp-json\/wp\/v2\/media?parent=10853"}],"wp:term":[{"taxonomy":"product_brand","embeddable":true,"href":"https:\/\/nordicmart.andreevmaster.com\/sv\/wp-json\/wp\/v2\/product_brand?post=10853"},{"taxonomy":"product_cat","embeddable":true,"href":"https:\/\/nordicmart.andreevmaster.com\/sv\/wp-json\/wp\/v2\/product_cat?post=10853"},{"taxonomy":"product_tag","embeddable":true,"href":"https:\/\/nordicmart.andreevmaster.com\/sv\/wp-json\/wp\/v2\/product_tag?post=10853"}],"curies":[{"name":"wp","href":"https:\/\/api.w.org\/{rel}","templated":true}]}}